{"id":8583,"date":"2022-05-10T17:58:23","date_gmt":"2022-05-10T15:58:23","guid":{"rendered":"https:\/\/punicacinema.fr\/?page_id=8583"},"modified":"2025-12-09T18:02:10","modified_gmt":"2025-12-09T17:02:10","slug":"nsmallstars-a-la-conquete-de-miami","status":"publish","type":"page","link":"https:\/\/punicacinema.fr\/?page_id=8583","title":{"rendered":"NSMALLSTARS : \u00e0 la conqu\u00eate des USA"},"content":{"rendered":"\t\t<div data-elementor-type=\"wp-page\" data-elementor-id=\"8583\" class=\"elementor elementor-8583\" data-elementor-settings=\"{&quot;ha_cmc_init_switcher&quot;:&quot;no&quot;}\" data-elementor-post-type=\"page\">\n\t\t\t\t\t\t<section class=\"elementor-section elementor-top-section elementor-element elementor-element-9527b0a elementor-section-stretched elementor-section-boxed elementor-section-height-default elementor-section-height-default edgtf-parallax-row-no edgtf-content-aligment-left edgtf-elementor-row-grid-no edgtf-disabled-bg-image-bellow-no\" data-id=\"9527b0a\" data-element_type=\"section\" data-e-type=\"section\" data-settings=\"{&quot;stretch_section&quot;:&quot;section-stretched&quot;,&quot;_ha_eqh_enable&quot;:false}\">\n\t\t\t\t\t\t<div class=\"elementor-container elementor-column-gap-default\">\n\t\t\t\t\t<div class=\"elementor-column elementor-col-100 elementor-top-column elementor-element elementor-element-c4c9367\" data-id=\"c4c9367\" data-element_type=\"column\" data-e-type=\"column\">\n\t\t\t<div class=\"elementor-widget-wrap elementor-element-populated\">\n\t\t\t\t\t\t<div class=\"elementor-element elementor-element-61fe510 elementor-widget elementor-widget-image\" data-id=\"61fe510\" data-element_type=\"widget\" data-e-type=\"widget\" data-widget_type=\"image.default\">\n\t\t\t\t<div class=\"elementor-widget-container\">\n\t\t\t\t\t\t\t\t\t\t\t\t\t\t\t<img decoding=\"async\" src=\"https:\/\/punicacinema.fr\/wp-content\/uploads\/2023\/01\/nsmallstars-couverture.jpg\" class=\"attachment-full size-full wp-image-10099\" alt=\"\" \/>\t\t\t\t\t\t\t\t\t\t\t\t\t\t\t<\/div>\n\t\t\t\t<\/div>\n\t\t\t\t\t<\/div>\n\t\t<\/div>\n\t\t\t\t\t<\/div>\n\t\t<\/section>\n\t\t\t\t<section class=\"elementor-section elementor-top-section elementor-element elementor-element-254f86d elementor-section-boxed elementor-section-height-default elementor-section-height-default edgtf-parallax-row-no edgtf-content-aligment-left edgtf-elementor-row-grid-no edgtf-disabled-bg-image-bellow-no\" data-id=\"254f86d\" data-element_type=\"section\" data-e-type=\"section\" data-settings=\"{&quot;_ha_eqh_enable&quot;:false}\">\n\t\t\t\t\t\t<div class=\"elementor-container elementor-column-gap-default\">\n\t\t\t\t\t<div class=\"elementor-column elementor-col-33 elementor-top-column elementor-element elementor-element-6551b59\" data-id=\"6551b59\" data-element_type=\"column\" data-e-type=\"column\">\n\t\t\t<div class=\"elementor-widget-wrap elementor-element-populated\">\n\t\t\t\t\t\t<div class=\"elementor-element elementor-element-a7712ec elementor-widget-mobile__width-initial elementor-widget elementor-widget-image\" data-id=\"a7712ec\" data-element_type=\"widget\" data-e-type=\"widget\" data-widget_type=\"image.default\">\n\t\t\t\t<div class=\"elementor-widget-container\">\n\t\t\t\t\t\t\t\t\t\t\t\t\t\t\t<img fetchpriority=\"high\" decoding=\"async\" width=\"1024\" height=\"683\" src=\"https:\/\/punicacinema.fr\/wp-content\/uploads\/2024\/12\/m-245-1024x683.jpg\" class=\"attachment-large size-large wp-image-14846\" alt=\"\" srcset=\"https:\/\/punicacinema.fr\/wp-content\/uploads\/2024\/12\/m-245-1024x683.jpg 1024w, https:\/\/punicacinema.fr\/wp-content\/uploads\/2024\/12\/m-245-300x200.jpg 300w, https:\/\/punicacinema.fr\/wp-content\/uploads\/2024\/12\/m-245-768x512.jpg 768w\" sizes=\"(max-width: 1024px) 100vw, 1024px\" \/>\t\t\t\t\t\t\t\t\t\t\t\t\t\t\t<\/div>\n\t\t\t\t<\/div>\n\t\t\t\t\t<\/div>\n\t\t<\/div>\n\t\t\t\t<div class=\"elementor-column elementor-col-66 elementor-top-column elementor-element elementor-element-08346e2\" data-id=\"08346e2\" data-element_type=\"column\" data-e-type=\"column\">\n\t\t\t<div class=\"elementor-widget-wrap elementor-element-populated\">\n\t\t\t\t\t\t<div class=\"elementor-element elementor-element-fc99bdf elementor-widget-tablet__width-initial elementor-widget__width-initial elementor-widget-mobile__width-initial elementor-widget elementor-widget-heading\" data-id=\"fc99bdf\" data-element_type=\"widget\" data-e-type=\"widget\" data-widget_type=\"heading.default\">\n\t\t\t\t<div class=\"elementor-widget-container\">\n\t\t\t\t\t<h2 class=\"elementor-heading-title elementor-size-default\">NSMALLSTARS: \u00c0 la conqu\u00eate des USA\n<\/h2>\t\t\t\t<\/div>\n\t\t\t\t<\/div>\n\t\t\t\t<div class=\"elementor-element elementor-element-db1b1d5 elementor-widget elementor-widget-text-editor\" data-id=\"db1b1d5\" data-element_type=\"widget\" data-e-type=\"widget\" data-widget_type=\"text-editor.default\">\n\t\t\t\t<div class=\"elementor-widget-container\">\n\t\t\t\t\t\t\t\t\t<p>UNE S\u00c9RIE DE FRANCOIS DIATTA ET NICOLAS BOULASMA<\/p>\t\t\t\t\t\t\t\t<\/div>\n\t\t\t\t<\/div>\n\t\t\t\t<div class=\"elementor-element elementor-element-ddfee6b elementor-widget__width-initial elementor-widget-mobile__width-initial elementor-widget-tablet__width-initial elementor-widget elementor-widget-text-editor\" data-id=\"ddfee6b\" data-element_type=\"widget\" data-e-type=\"widget\" data-widget_type=\"text-editor.default\">\n\t\t\t\t<div class=\"elementor-widget-container\">\n\t\t\t\t\t\t\t\t\t<p>\u00a0<\/p><p>NSMALLSTARS : \u00c0 la conqu\u00eate des USA. Les meilleurs basketteurs de 18 \u00e0 25 ans, de Neuilly-sur-Marne ont \u00e9t\u00e9 s\u00e9lectionn\u00e9s pour un projet in\u00e9dit : partir une semaine \u00e0 Cleveland afin d\u2019affronter des \u00e9quipes semi-professionnelles !<\/p><p>Nous les suivrons de la s\u00e9lection des joueurs, \u00e0 la pr\u00e9paration physique et aux entrainements, ainsi que durant le voyage complet jusqu\u2019au retour en France. Ce projet permettra de franchir de multiples obstacles qu\u2019ils soient g\u00e9ographiques, sociaux, \u00e9ducatifs, culturels ou sportifs.\u00a0 L\u2019aventure ne fait que commencer !<\/p>\t\t\t\t\t\t\t\t<\/div>\n\t\t\t\t<\/div>\n\t\t\t\t\t<\/div>\n\t\t<\/div>\n\t\t\t\t\t<\/div>\n\t\t<\/section>\n\t\t\t\t<section class=\"elementor-section elementor-top-section elementor-element elementor-element-cd77ab0 elementor-section-boxed elementor-section-height-default elementor-section-height-default edgtf-parallax-row-no edgtf-content-aligment-left edgtf-elementor-row-grid-no edgtf-disabled-bg-image-bellow-no\" data-id=\"cd77ab0\" data-element_type=\"section\" data-e-type=\"section\" data-settings=\"{&quot;_ha_eqh_enable&quot;:false}\">\n\t\t\t\t\t\t<div class=\"elementor-container elementor-column-gap-default\">\n\t\t\t\t\t<div class=\"elementor-column elementor-col-100 elementor-top-column elementor-element elementor-element-3898f47\" data-id=\"3898f47\" data-element_type=\"column\" data-e-type=\"column\">\n\t\t\t<div class=\"elementor-widget-wrap elementor-element-populated\">\n\t\t\t\t\t\t<div class=\"elementor-element elementor-element-f2e9f22 elementor-widget-divider--view-line elementor-widget elementor-widget-divider\" data-id=\"f2e9f22\" data-element_type=\"widget\" data-e-type=\"widget\" data-widget_type=\"divider.default\">\n\t\t\t\t<div class=\"elementor-widget-container\">\n\t\t\t\t\t\t\t<div class=\"elementor-divider\">\n\t\t\t<span class=\"elementor-divider-separator\">\n\t\t\t\t\t\t<\/span>\n\t\t<\/div>\n\t\t\t\t\t\t<\/div>\n\t\t\t\t<\/div>\n\t\t\t\t\t<\/div>\n\t\t<\/div>\n\t\t\t\t\t<\/div>\n\t\t<\/section>\n\t\t\t\t<section class=\"elementor-section elementor-top-section elementor-element elementor-element-9bffdb1 elementor-section-boxed elementor-section-height-default elementor-section-height-default edgtf-parallax-row-no edgtf-content-aligment-left edgtf-elementor-row-grid-no edgtf-disabled-bg-image-bellow-no\" data-id=\"9bffdb1\" data-element_type=\"section\" data-e-type=\"section\" data-settings=\"{&quot;background_background&quot;:&quot;classic&quot;,&quot;_ha_eqh_enable&quot;:false}\">\n\t\t\t\t\t\t<div class=\"elementor-container elementor-column-gap-default\">\n\t\t\t\t\t<div class=\"elementor-column elementor-col-50 elementor-top-column elementor-element elementor-element-e37e42b\" data-id=\"e37e42b\" data-element_type=\"column\" data-e-type=\"column\">\n\t\t\t<div class=\"elementor-widget-wrap elementor-element-populated\">\n\t\t\t\t\t\t<div class=\"elementor-element elementor-element-bebfcd1 elementor-widget__width-initial elementor-widget elementor-widget-text-editor\" data-id=\"bebfcd1\" data-element_type=\"widget\" data-e-type=\"widget\" data-widget_type=\"text-editor.default\">\n\t\t\t\t<div class=\"elementor-widget-container\">\n\t\t\t\t\t\t\t\t\t<p><strong>AUTEURS ET R\u00c9ALISATEURS<\/strong> : Fran\u00e7ois DIATTA \/ Nicolas BOULASMA<\/p><p><strong>PRODUCTEUR<\/strong> : PUNICA<\/p><p><strong>EN ASSOCIATION AVEC <\/strong>: Neuilly Loisirs \/ Valyu Medias \/ NSM Boxing Club \/ Siboo Sport<\/p><p><strong>AVEC LE SOUTIEN DE<\/strong> : Mairie de Neuilly-sur-Marne\u00a0 \/ Le d\u00e9partement de la Seine-Saint-Denis \/ Minist\u00e8re de l&rsquo;\u00e9ducation et de la jeunesse \/ Conseil citoyen de Neuilly-sur-Marne<\/p><p><strong>PRODUCTRICE D\u00c9L\u00c9GU\u00c9E<\/strong> : Elsa MAROUANI<\/p><p><strong>SORTIE<\/strong> : Novembre 2025<\/p><p><strong>DUR\u00c9E<\/strong> : 6 x 10 minutes<\/p><p><strong>GENRE<\/strong> :\u00a0 Documentaire &#8211; Sport &#8211; Drame<\/p><p><strong>LANGUE<\/strong>\u00a0: Fran\u00e7aise &#8211; Anglaise<\/p>\t\t\t\t\t\t\t\t<\/div>\n\t\t\t\t<\/div>\n\t\t\t\t\t<\/div>\n\t\t<\/div>\n\t\t\t\t<div class=\"elementor-column elementor-col-50 elementor-top-column elementor-element elementor-element-14a7e0d\" data-id=\"14a7e0d\" data-element_type=\"column\" data-e-type=\"column\">\n\t\t\t<div class=\"elementor-widget-wrap elementor-element-populated\">\n\t\t\t\t\t\t<div class=\"elementor-element elementor-element-d5be3c5 elementor-widget elementor-widget-text-editor\" data-id=\"d5be3c5\" data-element_type=\"widget\" data-e-type=\"widget\" data-widget_type=\"text-editor.default\">\n\t\t\t\t<div class=\"elementor-widget-container\">\n\t\t\t\t\t\t\t\t\t<p><strong>ACTEURS : <\/strong>Mario OTVAS \/ Franck VILOCY \/ Jibril PIERRE \/ Kais BEN AYAD \/ Laurent-Ouvann FELIX TCHICAYA \/ Jenny KANANA \/ Alann AYEKOUE \/ Zakaria KARROUCHI \/ Djimmy SOUMBO \/ Nicolas OCCHIALI \/ Fran\u00e7ois DIATTA \/ Mohamed KEBLI<\/p><p><strong>CHEF.FE.S OP\u00c9RATEUR.RICE.S <\/strong> : Yanis BLONDEAU \/ Mathilde AUDOIRE<\/p><p><strong>CADREUR.SE.S :<\/strong> C\u00e9dric AUDIGOU \/ Elsa MAROUANI \/ Fran\u00e7ois DIATTA \/ Alexandre BONNIFAIT GUILLON \/ Nohim CHERIF<\/p><p><strong>ING\u00c9NIEURS<\/strong> <strong>SON<\/strong> : Richemond OUREGA \/ Rapha\u00ebl DEL REY \/ Eiffel BIOKOU EDMAC<\/p><p><strong>MONTEURS :<\/strong> Alexandre BONNIFAIT GUILLON \/ Guillaume POULIN<\/p><p><strong>R\u00c9DACTRICE<\/strong> : Ambre QUENTIN &#8211; LONGIERAS<\/p><p><strong>PHOTOGRAPHES<\/strong> : Mathilde AUDOIRE \/ Yanis BLONDEAU \/ Richemond OUREGA<\/p><p><strong>COORDINATRICE SIBOO SPORTS :<\/strong> Baada Oumy SOLOMON<\/p><p><strong>COORDINATEURS NEUILLY LOISIRS :<\/strong> Mohamed KEBLI \/ Fra\u00e7ois DIATTA<\/p><p><strong>COORDINATEURS NSM BOXING CLUB :<\/strong> Cheikina COULIBALY \/ Wissem JANFAOUI \/ Aymen TRAYEM \/ DJANGO THEREAL<\/p>\t\t\t\t\t\t\t\t<\/div>\n\t\t\t\t<\/div>\n\t\t\t\t\t<\/div>\n\t\t<\/div>\n\t\t\t\t\t<\/div>\n\t\t<\/section>\n\t\t\t\t<section class=\"elementor-section elementor-top-section elementor-element elementor-element-3a794fb elementor-section-boxed elementor-section-height-default elementor-section-height-default edgtf-parallax-row-no edgtf-content-aligment-left edgtf-elementor-row-grid-no edgtf-disabled-bg-image-bellow-no\" data-id=\"3a794fb\" data-element_type=\"section\" data-e-type=\"section\" data-settings=\"{&quot;background_background&quot;:&quot;classic&quot;,&quot;_ha_eqh_enable&quot;:false}\">\n\t\t\t\t\t\t<div class=\"elementor-container elementor-column-gap-default\">\n\t\t\t\t\t<div class=\"elementor-column elementor-col-100 elementor-top-column elementor-element elementor-element-ae8a638\" data-id=\"ae8a638\" data-element_type=\"column\" data-e-type=\"column\" data-settings=\"{&quot;background_background&quot;:&quot;classic&quot;}\">\n\t\t\t<div class=\"elementor-widget-wrap elementor-element-populated\">\n\t\t\t\t\t\t<div class=\"elementor-element elementor-element-9794005 elementor-widget elementor-widget-heading\" data-id=\"9794005\" data-element_type=\"widget\" data-e-type=\"widget\" data-widget_type=\"heading.default\">\n\t\t\t\t<div class=\"elementor-widget-container\">\n\t\t\t\t\t<h2 class=\"elementor-heading-title elementor-size-large\">m\u00e9dias<\/h2>\t\t\t\t<\/div>\n\t\t\t\t<\/div>\n\t\t\t\t\t<\/div>\n\t\t<\/div>\n\t\t\t\t\t<\/div>\n\t\t<\/section>\n\t\t\t\t<section class=\"elementor-section elementor-top-section elementor-element elementor-element-a770296 elementor-section-stretched elementor-section-boxed elementor-section-height-default elementor-section-height-default edgtf-parallax-row-no edgtf-content-aligment-left edgtf-elementor-row-grid-no edgtf-disabled-bg-image-bellow-no\" data-id=\"a770296\" data-element_type=\"section\" data-e-type=\"section\" data-settings=\"{&quot;stretch_section&quot;:&quot;section-stretched&quot;,&quot;background_background&quot;:&quot;classic&quot;,&quot;_ha_eqh_enable&quot;:false}\">\n\t\t\t\t\t\t<div class=\"elementor-container elementor-column-gap-default\">\n\t\t\t\t\t<div class=\"elementor-column elementor-col-50 elementor-top-column elementor-element elementor-element-4011956\" data-id=\"4011956\" data-element_type=\"column\" data-e-type=\"column\" data-settings=\"{&quot;background_background&quot;:&quot;classic&quot;}\">\n\t\t\t<div class=\"elementor-widget-wrap elementor-element-populated\">\n\t\t\t\t\t\t<div class=\"elementor-element elementor-element-850fc60 elementor-widget elementor-widget-shortcode\" data-id=\"850fc60\" data-element_type=\"widget\" data-e-type=\"widget\" data-widget_type=\"shortcode.default\">\n\t\t\t\t<div class=\"elementor-widget-container\">\n\t\t\t\t\t\t\t<div class=\"elementor-shortcode\"><iframe src=\"https:\/\/player.vimeo.com\/video\/793519645?badge=0&amp;autopause=0&amp;quality_selector=1&amp;player_id=0&amp;app_id=58479\" width=\"3840\" height=\"2160\" frameborder=\"0\" allow=\"autoplay; fullscreen; picture-in-picture\" title=\"Teaser NSMALLSTAR N\u00b01\"><\/iframe><\/div>\n\t\t\t\t\t\t<\/div>\n\t\t\t\t<\/div>\n\t\t\t\t\t<\/div>\n\t\t<\/div>\n\t\t\t\t<div class=\"elementor-column elementor-col-50 elementor-top-column elementor-element elementor-element-0b19119\" data-id=\"0b19119\" data-element_type=\"column\" data-e-type=\"column\" data-settings=\"{&quot;background_background&quot;:&quot;classic&quot;}\">\n\t\t\t<div class=\"elementor-widget-wrap elementor-element-populated\">\n\t\t\t\t\t\t<div class=\"elementor-element elementor-element-f344278 elementor-widget elementor-widget-shortcode\" data-id=\"f344278\" data-element_type=\"widget\" data-e-type=\"widget\" data-widget_type=\"shortcode.default\">\n\t\t\t\t<div class=\"elementor-widget-container\">\n\t\t\t\t\t\t\t<div class=\"elementor-shortcode\"><iframe src=\"https:\/\/player.vimeo.com\/video\/878311576?badge=0&amp;autopause=0&amp;quality_selector=1&amp;player_id=0&amp;app_id=58479\" width=\"3840\" height=\"2160\" frameborder=\"0\" allow=\"autoplay; fullscreen; picture-in-picture\" title=\"NSMALLSTARS Teaser 2\"><\/iframe><\/div>\n\t\t\t\t\t\t<\/div>\n\t\t\t\t<\/div>\n\t\t\t\t\t<\/div>\n\t\t<\/div>\n\t\t\t\t\t<\/div>\n\t\t<\/section>\n\t\t\t\t<section class=\"elementor-section elementor-top-section elementor-element elementor-element-f32e0e7 elementor-section-boxed elementor-section-height-default elementor-section-height-default edgtf-parallax-row-no edgtf-content-aligment-left edgtf-elementor-row-grid-no edgtf-disabled-bg-image-bellow-no\" data-id=\"f32e0e7\" data-element_type=\"section\" data-e-type=\"section\" data-settings=\"{&quot;background_background&quot;:&quot;classic&quot;,&quot;_ha_eqh_enable&quot;:false}\">\n\t\t\t\t\t\t<div class=\"elementor-container elementor-column-gap-default\">\n\t\t\t\t\t<div class=\"elementor-column elementor-col-100 elementor-top-column elementor-element elementor-element-30857cd\" data-id=\"30857cd\" data-element_type=\"column\" data-e-type=\"column\">\n\t\t\t<div class=\"elementor-widget-wrap elementor-element-populated\">\n\t\t\t\t\t\t<div class=\"elementor-element elementor-element-6830cb9 elementor-widget elementor-widget-gallery\" data-id=\"6830cb9\" data-element_type=\"widget\" data-e-type=\"widget\" data-settings=\"{&quot;gap&quot;:{&quot;unit&quot;:&quot;px&quot;,&quot;size&quot;:20,&quot;sizes&quot;:[]},&quot;gallery_layout&quot;:&quot;justified&quot;,&quot;lazyload&quot;:&quot;yes&quot;,&quot;ideal_row_height&quot;:{&quot;unit&quot;:&quot;px&quot;,&quot;size&quot;:200,&quot;sizes&quot;:[]},&quot;ideal_row_height_tablet&quot;:{&quot;unit&quot;:&quot;px&quot;,&quot;size&quot;:150,&quot;sizes&quot;:[]},&quot;ideal_row_height_mobile&quot;:{&quot;unit&quot;:&quot;px&quot;,&quot;size&quot;:150,&quot;sizes&quot;:[]},&quot;gap_tablet&quot;:{&quot;unit&quot;:&quot;px&quot;,&quot;size&quot;:10,&quot;sizes&quot;:[]},&quot;gap_mobile&quot;:{&quot;unit&quot;:&quot;px&quot;,&quot;size&quot;:10,&quot;sizes&quot;:[]},&quot;link_to&quot;:&quot;file&quot;,&quot;overlay_background&quot;:&quot;yes&quot;,&quot;content_hover_animation&quot;:&quot;fade-in&quot;}\" data-widget_type=\"gallery.default\">\n\t\t\t\t<div class=\"elementor-widget-container\">\n\t\t\t\t\t\t\t<div class=\"elementor-gallery__container\">\n\t\t\t\t\t\t\t<a class=\"e-gallery-item elementor-gallery-item elementor-animated-content\" href=\"https:\/\/punicacinema.fr\/wp-content\/uploads\/2023\/06\/mat_4352.webp\" data-elementor-open-lightbox=\"yes\" data-elementor-lightbox-slideshow=\"6830cb9\" data-elementor-lightbox-title=\"mat_4352\" data-e-action-hash=\"#elementor-action%3Aaction%3Dlightbox%26settings%3DeyJpZCI6MTEyMzgsInVybCI6Imh0dHBzOlwvXC9wdW5pY2FjaW5lbWEuZnJcL3dwLWNvbnRlbnRcL3VwbG9hZHNcLzIwMjNcLzA2XC9tYXRfNDM1Mi53ZWJwIiwic2xpZGVzaG93IjoiNjgzMGNiOSJ9\">\n\t\t\t\t\t<div class=\"e-gallery-image elementor-gallery-item__image\" data-thumbnail=\"https:\/\/punicacinema.fr\/wp-content\/uploads\/2023\/06\/mat_4352-300x200.webp\" data-width=\"300\" data-height=\"200\" aria-label=\"\" role=\"img\" ><\/div>\n\t\t\t\t\t\t\t\t\t\t\t<div class=\"elementor-gallery-item__overlay\"><\/div>\n\t\t\t\t\t\t\t\t\t\t\t\t\t\t<\/a>\n\t\t\t\t\t\t\t<a class=\"e-gallery-item elementor-gallery-item elementor-animated-content\" href=\"https:\/\/punicacinema.fr\/wp-content\/uploads\/2023\/06\/mat_4811.webp\" data-elementor-open-lightbox=\"yes\" data-elementor-lightbox-slideshow=\"6830cb9\" data-elementor-lightbox-title=\"mat_4811\" data-e-action-hash=\"#elementor-action%3Aaction%3Dlightbox%26settings%3DeyJpZCI6MTEyNDAsInVybCI6Imh0dHBzOlwvXC9wdW5pY2FjaW5lbWEuZnJcL3dwLWNvbnRlbnRcL3VwbG9hZHNcLzIwMjNcLzA2XC9tYXRfNDgxMS53ZWJwIiwic2xpZGVzaG93IjoiNjgzMGNiOSJ9\">\n\t\t\t\t\t<div class=\"e-gallery-image elementor-gallery-item__image\" data-thumbnail=\"https:\/\/punicacinema.fr\/wp-content\/uploads\/2023\/06\/mat_4811-300x200.webp\" data-width=\"300\" data-height=\"200\" aria-label=\"\" role=\"img\" ><\/div>\n\t\t\t\t\t\t\t\t\t\t\t<div class=\"elementor-gallery-item__overlay\"><\/div>\n\t\t\t\t\t\t\t\t\t\t\t\t\t\t<\/a>\n\t\t\t\t\t\t\t<a class=\"e-gallery-item elementor-gallery-item elementor-animated-content\" href=\"https:\/\/punicacinema.fr\/wp-content\/uploads\/2023\/06\/mat_4348.webp\" data-elementor-open-lightbox=\"yes\" data-elementor-lightbox-slideshow=\"6830cb9\" data-elementor-lightbox-title=\"mat_4348\" data-e-action-hash=\"#elementor-action%3Aaction%3Dlightbox%26settings%3DeyJpZCI6MTEyMzcsInVybCI6Imh0dHBzOlwvXC9wdW5pY2FjaW5lbWEuZnJcL3dwLWNvbnRlbnRcL3VwbG9hZHNcLzIwMjNcLzA2XC9tYXRfNDM0OC53ZWJwIiwic2xpZGVzaG93IjoiNjgzMGNiOSJ9\">\n\t\t\t\t\t<div class=\"e-gallery-image elementor-gallery-item__image\" data-thumbnail=\"https:\/\/punicacinema.fr\/wp-content\/uploads\/2023\/06\/mat_4348-300x200.webp\" data-width=\"300\" data-height=\"200\" aria-label=\"\" role=\"img\" ><\/div>\n\t\t\t\t\t\t\t\t\t\t\t<div class=\"elementor-gallery-item__overlay\"><\/div>\n\t\t\t\t\t\t\t\t\t\t\t\t\t\t<\/a>\n\t\t\t\t\t\t\t<a class=\"e-gallery-item elementor-gallery-item elementor-animated-content\" href=\"https:\/\/punicacinema.fr\/wp-content\/uploads\/2023\/06\/mat_4421.webp\" data-elementor-open-lightbox=\"yes\" data-elementor-lightbox-slideshow=\"6830cb9\" data-elementor-lightbox-title=\"mat_4421\" data-e-action-hash=\"#elementor-action%3Aaction%3Dlightbox%26settings%3DeyJpZCI6MTEyMzksInVybCI6Imh0dHBzOlwvXC9wdW5pY2FjaW5lbWEuZnJcL3dwLWNvbnRlbnRcL3VwbG9hZHNcLzIwMjNcLzA2XC9tYXRfNDQyMS53ZWJwIiwic2xpZGVzaG93IjoiNjgzMGNiOSJ9\">\n\t\t\t\t\t<div class=\"e-gallery-image elementor-gallery-item__image\" data-thumbnail=\"https:\/\/punicacinema.fr\/wp-content\/uploads\/2023\/06\/mat_4421-200x300.webp\" data-width=\"200\" data-height=\"300\" aria-label=\"\" role=\"img\" ><\/div>\n\t\t\t\t\t\t\t\t\t\t\t<div class=\"elementor-gallery-item__overlay\"><\/div>\n\t\t\t\t\t\t\t\t\t\t\t\t\t\t<\/a>\n\t\t\t\t\t<\/div>\n\t\t\t\t\t<\/div>\n\t\t\t\t<\/div>\n\t\t\t\t\t<\/div>\n\t\t<\/div>\n\t\t\t\t\t<\/div>\n\t\t<\/section>\n\t\t\t\t<\/div>\n\t\t","protected":false},"excerpt":{"rendered":"<p>NSMALLSTARS: \u00c0 la conqu\u00eate des USA UNE S\u00c9RIE DE FRANCOIS DIATTA ET NICOLAS BOULASMA \u00a0 NSMALLSTARS : [&hellip;]<\/p>\n","protected":false},"author":1,"featured_media":0,"parent":0,"menu_order":0,"comment_status":"closed","ping_status":"closed","template":"elementor_header_footer","meta":{"footnotes":""},"class_list":["post-8583","page","type-page","status-publish","hentry"],"_links":{"self":[{"href":"https:\/\/punicacinema.fr\/index.php?rest_route=\/wp\/v2\/pages\/8583","targetHints":{"allow":["GET"]}}],"collection":[{"href":"https:\/\/punicacinema.fr\/index.php?rest_route=\/wp\/v2\/pages"}],"about":[{"href":"https:\/\/punicacinema.fr\/index.php?rest_route=\/wp\/v2\/types\/page"}],"author":[{"embeddable":true,"href":"https:\/\/punicacinema.fr\/index.php?rest_route=\/wp\/v2\/users\/1"}],"replies":[{"embeddable":true,"href":"https:\/\/punicacinema.fr\/index.php?rest_route=%2Fwp%2Fv2%2Fcomments&post=8583"}],"version-history":[{"count":201,"href":"https:\/\/punicacinema.fr\/index.php?rest_route=\/wp\/v2\/pages\/8583\/revisions"}],"predecessor-version":[{"id":15942,"href":"https:\/\/punicacinema.fr\/index.php?rest_route=\/wp\/v2\/pages\/8583\/revisions\/15942"}],"wp:attachment":[{"href":"https:\/\/punicacinema.fr\/index.php?rest_route=%2Fwp%2Fv2%2Fmedia&parent=8583"}],"curies":[{"name":"wp","href":"https:\/\/api.w.org\/{rel}","templated":true}]}}