{"id":7074,"date":"2022-03-08T17:42:10","date_gmt":"2022-03-08T16:42:10","guid":{"rendered":"https:\/\/punicacinema.fr\/?page_id=7074"},"modified":"2025-01-05T21:49:32","modified_gmt":"2025-01-05T20:49:32","slug":"ca-y-est","status":"publish","type":"page","link":"https:\/\/punicacinema.fr\/?page_id=7074","title":{"rendered":"\u00c7a y est"},"content":{"rendered":"\t\t<div data-elementor-type=\"wp-page\" data-elementor-id=\"7074\" class=\"elementor elementor-7074\" data-elementor-settings=\"{&quot;ha_cmc_init_switcher&quot;:&quot;no&quot;}\" data-elementor-post-type=\"page\">\n\t\t\t\t\t\t<section class=\"elementor-section elementor-top-section elementor-element elementor-element-d125019 elementor-section-stretched elementor-section-boxed elementor-section-height-default elementor-section-height-default edgtf-parallax-row-no edgtf-content-aligment-left edgtf-elementor-row-grid-no edgtf-disabled-bg-image-bellow-no\" data-id=\"d125019\" data-element_type=\"section\" data-e-type=\"section\" data-settings=\"{&quot;stretch_section&quot;:&quot;section-stretched&quot;,&quot;_ha_eqh_enable&quot;:false}\">\n\t\t\t\t\t\t<div class=\"elementor-container elementor-column-gap-default\">\n\t\t\t\t\t<div class=\"elementor-column elementor-col-100 elementor-top-column elementor-element elementor-element-2aaf11e\" data-id=\"2aaf11e\" data-element_type=\"column\" data-e-type=\"column\">\n\t\t\t<div class=\"elementor-widget-wrap elementor-element-populated\">\n\t\t\t\t\t\t<div class=\"elementor-element elementor-element-a29d4b2 elementor-widget elementor-widget-image\" data-id=\"a29d4b2\" data-element_type=\"widget\" data-e-type=\"widget\" data-widget_type=\"image.default\">\n\t\t\t\t<div class=\"elementor-widget-container\">\n\t\t\t\t\t\t\t\t\t\t\t\t\t\t\t<img fetchpriority=\"high\" decoding=\"async\" width=\"1946\" height=\"1102\" src=\"https:\/\/punicacinema.fr\/wp-content\/uploads\/2022\/03\/Photo-d-haut-e1646758669592.png\" class=\"attachment-full size-full wp-image-7077\" alt=\"\" srcset=\"https:\/\/punicacinema.fr\/wp-content\/uploads\/2022\/03\/Photo-d-haut-e1646758669592.png 1946w, https:\/\/punicacinema.fr\/wp-content\/uploads\/2022\/03\/Photo-d-haut-e1646758669592-300x170.png 300w, https:\/\/punicacinema.fr\/wp-content\/uploads\/2022\/03\/Photo-d-haut-e1646758669592-1024x580.png 1024w, https:\/\/punicacinema.fr\/wp-content\/uploads\/2022\/03\/Photo-d-haut-e1646758669592-768x435.png 768w, https:\/\/punicacinema.fr\/wp-content\/uploads\/2022\/03\/Photo-d-haut-e1646758669592-1536x870.png 1536w, https:\/\/punicacinema.fr\/wp-content\/uploads\/2022\/03\/Photo-d-haut-e1646758669592-600x340.png 600w\" sizes=\"(max-width: 1946px) 100vw, 1946px\" \/>\t\t\t\t\t\t\t\t\t\t\t\t\t\t\t<\/div>\n\t\t\t\t<\/div>\n\t\t\t\t\t<\/div>\n\t\t<\/div>\n\t\t\t\t\t<\/div>\n\t\t<\/section>\n\t\t\t\t<section class=\"elementor-section elementor-top-section elementor-element elementor-element-fb0c918 elementor-section-boxed elementor-section-height-default elementor-section-height-default edgtf-parallax-row-no edgtf-content-aligment-left edgtf-elementor-row-grid-no edgtf-disabled-bg-image-bellow-no\" data-id=\"fb0c918\" data-element_type=\"section\" data-e-type=\"section\" data-settings=\"{&quot;_ha_eqh_enable&quot;:false}\">\n\t\t\t\t\t\t<div class=\"elementor-container elementor-column-gap-default\">\n\t\t\t\t\t<div class=\"elementor-column elementor-col-33 elementor-top-column elementor-element elementor-element-b8ee133\" data-id=\"b8ee133\" data-element_type=\"column\" data-e-type=\"column\">\n\t\t\t<div class=\"elementor-widget-wrap elementor-element-populated\">\n\t\t\t\t\t\t<div class=\"elementor-element elementor-element-8b51b15 elementor-widget elementor-widget-image\" data-id=\"8b51b15\" data-element_type=\"widget\" data-e-type=\"widget\" data-widget_type=\"image.default\">\n\t\t\t\t<div class=\"elementor-widget-container\">\n\t\t\t\t\t\t\t\t\t\t\t\t\t\t\t<img decoding=\"async\" width=\"680\" height=\"924\" src=\"https:\/\/punicacinema.fr\/wp-content\/uploads\/2022\/03\/Affiche-Ca-y-est-v2.jpg\" class=\"attachment-large size-large wp-image-7075\" alt=\"\" srcset=\"https:\/\/punicacinema.fr\/wp-content\/uploads\/2022\/03\/Affiche-Ca-y-est-v2.jpg 680w, https:\/\/punicacinema.fr\/wp-content\/uploads\/2022\/03\/Affiche-Ca-y-est-v2-221x300.jpg 221w, https:\/\/punicacinema.fr\/wp-content\/uploads\/2022\/03\/Affiche-Ca-y-est-v2-600x815.jpg 600w\" sizes=\"(max-width: 680px) 100vw, 680px\" \/>\t\t\t\t\t\t\t\t\t\t\t\t\t\t\t<\/div>\n\t\t\t\t<\/div>\n\t\t\t\t\t<\/div>\n\t\t<\/div>\n\t\t\t\t<div class=\"elementor-column elementor-col-66 elementor-top-column elementor-element elementor-element-3217b15\" data-id=\"3217b15\" data-element_type=\"column\" data-e-type=\"column\">\n\t\t\t<div class=\"elementor-widget-wrap elementor-element-populated\">\n\t\t\t\t\t\t<div class=\"elementor-element elementor-element-57a044c elementor-widget-tablet__width-initial elementor-widget elementor-widget-heading\" data-id=\"57a044c\" data-element_type=\"widget\" data-e-type=\"widget\" data-widget_type=\"heading.default\">\n\t\t\t\t<div class=\"elementor-widget-container\">\n\t\t\t\t\t<h2 class=\"elementor-heading-title elementor-size-default\">\u00c7A Y EST !\n<\/h2>\t\t\t\t<\/div>\n\t\t\t\t<\/div>\n\t\t\t\t<div class=\"elementor-element elementor-element-7b66bbe elementor-widget elementor-widget-text-editor\" data-id=\"7b66bbe\" data-element_type=\"widget\" data-e-type=\"widget\" data-widget_type=\"text-editor.default\">\n\t\t\t\t<div class=\"elementor-widget-container\">\n\t\t\t\t\t\t\t\t\t<p>UN FILM D&rsquo;ARIADNA SIONTA<\/p>\t\t\t\t\t\t\t\t<\/div>\n\t\t\t\t<\/div>\n\t\t\t\t<div class=\"elementor-element elementor-element-adfa4f3 elementor-widget__width-initial elementor-widget-mobile__width-initial elementor-widget elementor-widget-text-editor\" data-id=\"adfa4f3\" data-element_type=\"widget\" data-e-type=\"widget\" data-widget_type=\"text-editor.default\">\n\t\t\t\t<div class=\"elementor-widget-container\">\n\t\t\t\t\t\t\t\t\t<p>Juliette, enceinte de 4 mois, d\u00e9cide enfin de se confronter \u00e0 son p\u00e8re en lui annon\u00e7ant sa grossesse.<\/p>\t\t\t\t\t\t\t\t<\/div>\n\t\t\t\t<\/div>\n\t\t\t\t\t<\/div>\n\t\t<\/div>\n\t\t\t\t\t<\/div>\n\t\t<\/section>\n\t\t\t\t<section class=\"elementor-section elementor-top-section elementor-element elementor-element-c561702 elementor-section-boxed elementor-section-height-default elementor-section-height-default edgtf-parallax-row-no edgtf-content-aligment-left edgtf-elementor-row-grid-no edgtf-disabled-bg-image-bellow-no\" data-id=\"c561702\" data-element_type=\"section\" data-e-type=\"section\" data-settings=\"{&quot;_ha_eqh_enable&quot;:false}\">\n\t\t\t\t\t\t<div class=\"elementor-container elementor-column-gap-default\">\n\t\t\t\t\t<div class=\"elementor-column elementor-col-100 elementor-top-column elementor-element elementor-element-8d5bd26\" data-id=\"8d5bd26\" data-element_type=\"column\" data-e-type=\"column\">\n\t\t\t<div class=\"elementor-widget-wrap elementor-element-populated\">\n\t\t\t\t\t\t<div class=\"elementor-element elementor-element-6efc892 elementor-widget-divider--view-line elementor-widget elementor-widget-divider\" data-id=\"6efc892\" data-element_type=\"widget\" data-e-type=\"widget\" data-widget_type=\"divider.default\">\n\t\t\t\t<div class=\"elementor-widget-container\">\n\t\t\t\t\t\t\t<div class=\"elementor-divider\">\n\t\t\t<span class=\"elementor-divider-separator\">\n\t\t\t\t\t\t<\/span>\n\t\t<\/div>\n\t\t\t\t\t\t<\/div>\n\t\t\t\t<\/div>\n\t\t\t\t\t<\/div>\n\t\t<\/div>\n\t\t\t\t\t<\/div>\n\t\t<\/section>\n\t\t\t\t<section class=\"elementor-section elementor-top-section elementor-element elementor-element-e8650c2 elementor-section-boxed elementor-section-height-default elementor-section-height-default edgtf-parallax-row-no edgtf-content-aligment-left edgtf-elementor-row-grid-no edgtf-disabled-bg-image-bellow-no\" data-id=\"e8650c2\" data-element_type=\"section\" data-e-type=\"section\" data-settings=\"{&quot;background_background&quot;:&quot;classic&quot;,&quot;_ha_eqh_enable&quot;:false}\">\n\t\t\t\t\t\t<div class=\"elementor-container elementor-column-gap-default\">\n\t\t\t\t\t<div class=\"elementor-column elementor-col-50 elementor-top-column elementor-element elementor-element-5d98d48\" data-id=\"5d98d48\" data-element_type=\"column\" data-e-type=\"column\">\n\t\t\t<div class=\"elementor-widget-wrap elementor-element-populated\">\n\t\t\t\t\t\t<div class=\"elementor-element elementor-element-a4555b6 elementor-widget__width-initial elementor-widget elementor-widget-text-editor\" data-id=\"a4555b6\" data-element_type=\"widget\" data-e-type=\"widget\" data-widget_type=\"text-editor.default\">\n\t\t\t\t<div class=\"elementor-widget-container\">\n\t\t\t\t\t\t\t\t\t<p><strong>R\u00c9ALISATRICE :<\/strong> Ariadna SIONTA<\/p><p><strong>AUTEUR.ICE.S<\/strong> : \u00c9lodie MENANT \/ Ariadna SIONTA \/ Gaston RE<\/p><p><strong>PRODUCTION<\/strong>\u00a0: PUNICA<\/p><p><strong>EN ASSOCIATION AVEC\u00a0: <\/strong>Carinae \/ Cosmos Films<\/p><p><strong>AVEC LE SOUTIEN DE\u00a0: <\/strong>L\u2019Ambassade d\u2019Argentine en France<\/p><p><strong>PRODUCTRICE <\/strong>: Elsa MAROUANI<\/p><p><strong>ASSISTANT DE PRODUCTION<\/strong>\u00a0: Nicolas BOULASMA<\/p><p><strong>PRODUCTEUR.ICE.S ASSOCI\u00c9.E.S<\/strong> : Ariadna SIONTA \/ \u00c9lodie MENANT \/ Gaston RE<\/p><p><strong>SORTIE\u00a0<\/strong>: Mars 2022<\/p><p><strong>DUR\u00c9E <\/strong>: 15 min<\/p><p><strong>GENRE\u00a0<\/strong>: Drame<\/p><p><strong>LANGUE\u00a0<\/strong>: Fran\u00e7aise<\/p>\t\t\t\t\t\t\t\t<\/div>\n\t\t\t\t<\/div>\n\t\t\t\t\t<\/div>\n\t\t<\/div>\n\t\t\t\t<div class=\"elementor-column elementor-col-50 elementor-top-column elementor-element elementor-element-fdd35a5\" data-id=\"fdd35a5\" data-element_type=\"column\" data-e-type=\"column\">\n\t\t\t<div class=\"elementor-widget-wrap elementor-element-populated\">\n\t\t\t\t\t\t<div class=\"elementor-element elementor-element-c8f1cd9 elementor-widget elementor-widget-text-editor\" data-id=\"c8f1cd9\" data-element_type=\"widget\" data-e-type=\"widget\" data-widget_type=\"text-editor.default\">\n\t\t\t\t<div class=\"elementor-widget-container\">\n\t\t\t\t\t\t\t\t\t<p><strong>ACTEUR.ICE.S\u00a0: <\/strong>\u00c9lodie MENANT \/ Laurent NATRELLA \/ Vanessa CAILHOL \/ Gaston RE<\/p><p><strong>CHEF OP\u00c9RATEUR<\/strong> : Yann SEWERYN<\/p><p><strong>PREMIER ASSISTANT OP\u00c9RATEUR<\/strong> : Thibault HERBY<\/p><p><strong>ING\u00c9NIEUR SON<\/strong> : Nina NIRVANA \/ Luciano CORTI<\/p><p><strong>ASSISTANT<\/strong> <strong>R\u00c9ALISATEUR<\/strong> : Paul MOLLIN<\/p><p><strong>R\u00c9GISSEUSE<\/strong> : Lilou RAMAIN-COLOMB<\/p><p><strong>CHEFFE<\/strong> <strong>D\u00c9CORATRICE<\/strong> <strong>ET<\/strong> <strong>COSTUMI\u00c8RE<\/strong> : L\u00e9a DUBIEF<\/p><p><strong>COIFFEUR<\/strong>\u00a0: Eric TOURET<\/p><p><strong>MONTAGE<\/strong> : Am\u00e9lie MASSOUTIER \/ Ariadna SIONTA<\/p><p><strong>MONTAGE<\/strong>\u00a0<strong>ET<\/strong>\u00a0<strong>MIXAGE<\/strong>\u00a0<strong>SON<\/strong> : Juan SIONTAS \/ Luciano CORTI<\/p><p><strong>\u00c9TALONNAGE<\/strong> : Ver\u00f3nica MILEY<\/p><p><strong>GRAPHISTE <\/strong>: Samuel RICHARD<\/p><p><strong>MUSIQUE<\/strong> : Juan SIONTAS \/ Lola LINARES \/ Mehdi BOURAYOU<\/p>\t\t\t\t\t\t\t\t<\/div>\n\t\t\t\t<\/div>\n\t\t\t\t\t<\/div>\n\t\t<\/div>\n\t\t\t\t\t<\/div>\n\t\t<\/section>\n\t\t\t\t<section class=\"elementor-section elementor-top-section elementor-element elementor-element-3ad2fea elementor-section-stretched elementor-section-boxed elementor-section-height-default elementor-section-height-default edgtf-parallax-row-no edgtf-content-aligment-left edgtf-elementor-row-grid-no edgtf-disabled-bg-image-bellow-no\" data-id=\"3ad2fea\" data-element_type=\"section\" data-e-type=\"section\" data-settings=\"{&quot;background_background&quot;:&quot;classic&quot;,&quot;stretch_section&quot;:&quot;section-stretched&quot;,&quot;_ha_eqh_enable&quot;:false}\">\n\t\t\t\t\t\t<div class=\"elementor-container elementor-column-gap-default\">\n\t\t\t\t\t<div class=\"elementor-column elementor-col-100 elementor-top-column elementor-element elementor-element-dda1e65\" data-id=\"dda1e65\" data-element_type=\"column\" data-e-type=\"column\" data-settings=\"{&quot;background_background&quot;:&quot;classic&quot;}\">\n\t\t\t<div class=\"elementor-widget-wrap elementor-element-populated\">\n\t\t\t\t\t\t<div class=\"elementor-element elementor-element-878665f elementor-widget elementor-widget-heading\" data-id=\"878665f\" data-element_type=\"widget\" data-e-type=\"widget\" data-widget_type=\"heading.default\">\n\t\t\t\t<div class=\"elementor-widget-container\">\n\t\t\t\t\t<h2 class=\"elementor-heading-title elementor-size-large\">m\u00e9dias<\/h2>\t\t\t\t<\/div>\n\t\t\t\t<\/div>\n\t\t\t\t<div class=\"elementor-element elementor-element-935ac17 elementor-widget elementor-widget-shortcode\" data-id=\"935ac17\" data-element_type=\"widget\" data-e-type=\"widget\" data-widget_type=\"shortcode.default\">\n\t\t\t\t<div class=\"elementor-widget-container\">\n\t\t\t\t\t\t\t<div class=\"elementor-shortcode\"><iframe src=\"https:\/\/player.vimeo.com\/video\/793791236?h=77a6780947&amp;title=0&amp;byline=0&amp;portrait=0&amp;speed=0&amp;badge=0&amp;autopause=0&amp;player_id=0&amp;app_id=58479\" width=\"400\" height=\"300\" frameborder=\"0\" allow=\"autoplay; fullscreen; picture-in-picture\" allowfullscreen title=\"&amp;Ccedil;A Y EST ! - Un film d&amp;#039;Ariadna Sionta (2022) [TEASER]\"><\/iframe><\/div>\n\t\t\t\t\t\t<\/div>\n\t\t\t\t<\/div>\n\t\t\t\t\t<\/div>\n\t\t<\/div>\n\t\t\t\t\t<\/div>\n\t\t<\/section>\n\t\t\t\t<\/div>\n\t\t","protected":false},"excerpt":{"rendered":"<p>\u00c7A Y EST ! UN FILM D&rsquo;ARIADNA SIONTA Juliette, enceinte de 4 mois, d\u00e9cide enfin de se [&hellip;]<\/p>\n","protected":false},"author":1,"featured_media":7075,"parent":0,"menu_order":0,"comment_status":"closed","ping_status":"closed","template":"elementor_header_footer","meta":{"footnotes":""},"class_list":["post-7074","page","type-page","status-publish","has-post-thumbnail","hentry"],"_links":{"self":[{"href":"https:\/\/punicacinema.fr\/index.php?rest_route=\/wp\/v2\/pages\/7074","targetHints":{"allow":["GET"]}}],"collection":[{"href":"https:\/\/punicacinema.fr\/index.php?rest_route=\/wp\/v2\/pages"}],"about":[{"href":"https:\/\/punicacinema.fr\/index.php?rest_route=\/wp\/v2\/types\/page"}],"author":[{"embeddable":true,"href":"https:\/\/punicacinema.fr\/index.php?rest_route=\/wp\/v2\/users\/1"}],"replies":[{"embeddable":true,"href":"https:\/\/punicacinema.fr\/index.php?rest_route=%2Fwp%2Fv2%2Fcomments&post=7074"}],"version-history":[{"count":131,"href":"https:\/\/punicacinema.fr\/index.php?rest_route=\/wp\/v2\/pages\/7074\/revisions"}],"predecessor-version":[{"id":15039,"href":"https:\/\/punicacinema.fr\/index.php?rest_route=\/wp\/v2\/pages\/7074\/revisions\/15039"}],"wp:featuredmedia":[{"embeddable":true,"href":"https:\/\/punicacinema.fr\/index.php?rest_route=\/wp\/v2\/media\/7075"}],"wp:attachment":[{"href":"https:\/\/punicacinema.fr\/index.php?rest_route=%2Fwp%2Fv2%2Fmedia&parent=7074"}],"curies":[{"name":"wp","href":"https:\/\/api.w.org\/{rel}","templated":true}]}}