{"id":6883,"date":"2022-03-08T13:49:54","date_gmt":"2022-03-08T12:49:54","guid":{"rendered":"https:\/\/punicacinema.fr\/?page_id=6883"},"modified":"2025-01-05T22:20:26","modified_gmt":"2025-01-05T21:20:26","slug":"les-pecheurs-du-dimanche","status":"publish","type":"page","link":"https:\/\/punicacinema.fr\/?page_id=6883","title":{"rendered":"LES P\u00caCHEURS DU DIMANCHE"},"content":{"rendered":"\t\t<div data-elementor-type=\"wp-page\" data-elementor-id=\"6883\" class=\"elementor elementor-6883\" data-elementor-settings=\"{&quot;ha_cmc_init_switcher&quot;:&quot;no&quot;}\" data-elementor-post-type=\"page\">\n\t\t\t\t\t\t<section class=\"elementor-section elementor-top-section elementor-element elementor-element-3854957 elementor-section-stretched elementor-section-boxed elementor-section-height-default elementor-section-height-default edgtf-parallax-row-no edgtf-content-aligment-left edgtf-elementor-row-grid-no edgtf-disabled-bg-image-bellow-no\" data-id=\"3854957\" data-element_type=\"section\" data-e-type=\"section\" data-settings=\"{&quot;stretch_section&quot;:&quot;section-stretched&quot;,&quot;_ha_eqh_enable&quot;:false}\">\n\t\t\t\t\t\t<div class=\"elementor-container elementor-column-gap-default\">\n\t\t\t\t\t<div class=\"elementor-column elementor-col-100 elementor-top-column elementor-element elementor-element-5dd2a98\" data-id=\"5dd2a98\" data-element_type=\"column\" data-e-type=\"column\">\n\t\t\t<div class=\"elementor-widget-wrap elementor-element-populated\">\n\t\t\t\t\t\t<div class=\"elementor-element elementor-element-ac0afdd elementor-widget elementor-widget-image\" data-id=\"ac0afdd\" data-element_type=\"widget\" data-e-type=\"widget\" data-widget_type=\"image.default\">\n\t\t\t\t<div class=\"elementor-widget-container\">\n\t\t\t\t\t\t\t\t\t\t\t\t\t\t\t<img fetchpriority=\"high\" decoding=\"async\" width=\"2560\" height=\"1707\" src=\"https:\/\/punicacinema.fr\/wp-content\/uploads\/2024\/12\/P1500498-scaled.jpg\" class=\"attachment-full size-full wp-image-14766\" alt=\"\" srcset=\"https:\/\/punicacinema.fr\/wp-content\/uploads\/2024\/12\/P1500498-scaled.jpg 2560w, https:\/\/punicacinema.fr\/wp-content\/uploads\/2024\/12\/P1500498-300x200.jpg 300w, https:\/\/punicacinema.fr\/wp-content\/uploads\/2024\/12\/P1500498-1024x683.jpg 1024w, https:\/\/punicacinema.fr\/wp-content\/uploads\/2024\/12\/P1500498-768x512.jpg 768w, https:\/\/punicacinema.fr\/wp-content\/uploads\/2024\/12\/P1500498-1536x1024.jpg 1536w, https:\/\/punicacinema.fr\/wp-content\/uploads\/2024\/12\/P1500498-600x400.jpg 600w\" sizes=\"(max-width: 2560px) 100vw, 2560px\" \/>\t\t\t\t\t\t\t\t\t\t\t\t\t\t\t<\/div>\n\t\t\t\t<\/div>\n\t\t\t\t\t<\/div>\n\t\t<\/div>\n\t\t\t\t\t<\/div>\n\t\t<\/section>\n\t\t\t\t<section class=\"elementor-section elementor-top-section elementor-element elementor-element-eeb834e elementor-section-boxed elementor-section-height-default elementor-section-height-default edgtf-parallax-row-no edgtf-content-aligment-left edgtf-elementor-row-grid-no edgtf-disabled-bg-image-bellow-no\" data-id=\"eeb834e\" data-element_type=\"section\" data-e-type=\"section\" data-settings=\"{&quot;_ha_eqh_enable&quot;:false}\">\n\t\t\t\t\t\t<div class=\"elementor-container elementor-column-gap-default\">\n\t\t\t\t\t<div class=\"elementor-column elementor-col-33 elementor-top-column elementor-element elementor-element-9031fce\" data-id=\"9031fce\" data-element_type=\"column\" data-e-type=\"column\">\n\t\t\t<div class=\"elementor-widget-wrap elementor-element-populated\">\n\t\t\t\t\t\t<div class=\"elementor-element elementor-element-4e895f4 elementor-widget elementor-widget-image\" data-id=\"4e895f4\" data-element_type=\"widget\" data-e-type=\"widget\" data-widget_type=\"image.default\">\n\t\t\t\t<div class=\"elementor-widget-container\">\n\t\t\t\t\t\t\t\t\t\t\t\t\t\t\t<img decoding=\"async\" width=\"724\" height=\"1024\" src=\"https:\/\/punicacinema.fr\/wp-content\/uploads\/2022\/02\/WhatsApp-Image-2022-02-14-at-17.02.19-724x1024.jpeg\" class=\"attachment-large size-large wp-image-6556\" alt=\"\" srcset=\"https:\/\/punicacinema.fr\/wp-content\/uploads\/2022\/02\/WhatsApp-Image-2022-02-14-at-17.02.19-724x1024.jpeg 724w, https:\/\/punicacinema.fr\/wp-content\/uploads\/2022\/02\/WhatsApp-Image-2022-02-14-at-17.02.19-212x300.jpeg 212w, https:\/\/punicacinema.fr\/wp-content\/uploads\/2022\/02\/WhatsApp-Image-2022-02-14-at-17.02.19-768x1086.jpeg 768w, https:\/\/punicacinema.fr\/wp-content\/uploads\/2022\/02\/WhatsApp-Image-2022-02-14-at-17.02.19-1086x1536.jpeg 1086w, https:\/\/punicacinema.fr\/wp-content\/uploads\/2022\/02\/WhatsApp-Image-2022-02-14-at-17.02.19-600x849.jpeg 600w, https:\/\/punicacinema.fr\/wp-content\/uploads\/2022\/02\/WhatsApp-Image-2022-02-14-at-17.02.19.jpeg 1448w\" sizes=\"(max-width: 724px) 100vw, 724px\" \/>\t\t\t\t\t\t\t\t\t\t\t\t\t\t\t<\/div>\n\t\t\t\t<\/div>\n\t\t\t\t\t<\/div>\n\t\t<\/div>\n\t\t\t\t<div class=\"elementor-column elementor-col-66 elementor-top-column elementor-element elementor-element-f10bedb\" data-id=\"f10bedb\" data-element_type=\"column\" data-e-type=\"column\">\n\t\t\t<div class=\"elementor-widget-wrap elementor-element-populated\">\n\t\t\t\t\t\t<div class=\"elementor-element elementor-element-3bcc4a3 elementor-widget-tablet__width-initial elementor-widget elementor-widget-heading\" data-id=\"3bcc4a3\" data-element_type=\"widget\" data-e-type=\"widget\" data-widget_type=\"heading.default\">\n\t\t\t\t<div class=\"elementor-widget-container\">\n\t\t\t\t\t<h2 class=\"elementor-heading-title elementor-size-default\">LES P\u00c9CHEURS DU DIMANCHE<\/h2>\t\t\t\t<\/div>\n\t\t\t\t<\/div>\n\t\t\t\t<div class=\"elementor-element elementor-element-e78d883 elementor-widget elementor-widget-text-editor\" data-id=\"e78d883\" data-element_type=\"widget\" data-e-type=\"widget\" data-widget_type=\"text-editor.default\">\n\t\t\t\t<div class=\"elementor-widget-container\">\n\t\t\t\t\t\t\t\t\t<p>UN FILM DE NICOLAS BOULASMA<\/p>\t\t\t\t\t\t\t\t<\/div>\n\t\t\t\t<\/div>\n\t\t\t\t<div class=\"elementor-element elementor-element-91aa17e elementor-widget__width-initial elementor-widget elementor-widget-text-editor\" data-id=\"91aa17e\" data-element_type=\"widget\" data-e-type=\"widget\" data-widget_type=\"text-editor.default\">\n\t\t\t\t<div class=\"elementor-widget-container\">\n\t\t\t\t\t\t\t\t\t<p>Un dimanche apr\u00e8s-midi. Yanis, p\u00eacheur \u00e9m\u00e9rite, emm\u00e8ne son fr\u00e8re cadet \u00e0 la p\u00eache au lac de Maison-Blanche. Mais leur rencontre avec un vieux p\u00eacheur va d\u00e9stabiliser cette belle journ\u00e9e ensoleill\u00e9e.<\/p>\t\t\t\t\t\t\t\t<\/div>\n\t\t\t\t<\/div>\n\t\t\t\t\t<\/div>\n\t\t<\/div>\n\t\t\t\t\t<\/div>\n\t\t<\/section>\n\t\t\t\t<section class=\"elementor-section elementor-top-section elementor-element elementor-element-75e5483 elementor-section-boxed elementor-section-height-default elementor-section-height-default edgtf-parallax-row-no edgtf-content-aligment-left edgtf-elementor-row-grid-no edgtf-disabled-bg-image-bellow-no\" data-id=\"75e5483\" data-element_type=\"section\" data-e-type=\"section\" data-settings=\"{&quot;_ha_eqh_enable&quot;:false}\">\n\t\t\t\t\t\t<div class=\"elementor-container elementor-column-gap-default\">\n\t\t\t\t\t<div class=\"elementor-column elementor-col-100 elementor-top-column elementor-element elementor-element-a36b80e\" data-id=\"a36b80e\" data-element_type=\"column\" data-e-type=\"column\">\n\t\t\t<div class=\"elementor-widget-wrap elementor-element-populated\">\n\t\t\t\t\t\t<div class=\"elementor-element elementor-element-6903d41 elementor-widget-divider--view-line elementor-widget elementor-widget-divider\" data-id=\"6903d41\" data-element_type=\"widget\" data-e-type=\"widget\" data-widget_type=\"divider.default\">\n\t\t\t\t<div class=\"elementor-widget-container\">\n\t\t\t\t\t\t\t<div class=\"elementor-divider\">\n\t\t\t<span class=\"elementor-divider-separator\">\n\t\t\t\t\t\t<\/span>\n\t\t<\/div>\n\t\t\t\t\t\t<\/div>\n\t\t\t\t<\/div>\n\t\t\t\t\t<\/div>\n\t\t<\/div>\n\t\t\t\t\t<\/div>\n\t\t<\/section>\n\t\t\t\t<section class=\"elementor-section elementor-top-section elementor-element elementor-element-dc6d26e elementor-section-boxed elementor-section-height-default elementor-section-height-default edgtf-parallax-row-no edgtf-content-aligment-left edgtf-elementor-row-grid-no edgtf-disabled-bg-image-bellow-no\" data-id=\"dc6d26e\" data-element_type=\"section\" data-e-type=\"section\" data-settings=\"{&quot;background_background&quot;:&quot;classic&quot;,&quot;_ha_eqh_enable&quot;:false}\">\n\t\t\t\t\t\t<div class=\"elementor-container elementor-column-gap-default\">\n\t\t\t\t\t<div class=\"elementor-column elementor-col-50 elementor-top-column elementor-element elementor-element-809d80d\" data-id=\"809d80d\" data-element_type=\"column\" data-e-type=\"column\">\n\t\t\t<div class=\"elementor-widget-wrap elementor-element-populated\">\n\t\t\t\t\t\t<div class=\"elementor-element elementor-element-2e96a61 elementor-widget__width-initial elementor-widget elementor-widget-text-editor\" data-id=\"2e96a61\" data-element_type=\"widget\" data-e-type=\"widget\" data-widget_type=\"text-editor.default\">\n\t\t\t\t<div class=\"elementor-widget-container\">\n\t\t\t\t\t\t\t\t\t<p><strong>AUTEUR ET REALISATEUR<\/strong>\u00a0: Nicolas BOULASMA<\/p><p><strong>PRODUCTION<\/strong>\u00a0: PUNICA<\/p><p><strong>PRODUCTRICE<\/strong> :\u00a0 Elsa MAROUANI<\/p><p><strong>SORTIE<\/strong>\u00a0: Mars 2022<\/p><p><strong>DUREE<\/strong>\u00a0: 14 min<\/p><p><strong>GENRE<\/strong>\u00a0: Com\u00e9die noire<\/p><p><strong>LANGUE<\/strong>\u00a0: Fran\u00e7aise<\/p>\t\t\t\t\t\t\t\t<\/div>\n\t\t\t\t<\/div>\n\t\t\t\t\t<\/div>\n\t\t<\/div>\n\t\t\t\t<div class=\"elementor-column elementor-col-50 elementor-top-column elementor-element elementor-element-437f28f\" data-id=\"437f28f\" data-element_type=\"column\" data-e-type=\"column\">\n\t\t\t<div class=\"elementor-widget-wrap elementor-element-populated\">\n\t\t\t\t\t\t<div class=\"elementor-element elementor-element-21129eb elementor-widget elementor-widget-text-editor\" data-id=\"21129eb\" data-element_type=\"widget\" data-e-type=\"widget\" data-widget_type=\"text-editor.default\">\n\t\t\t\t<div class=\"elementor-widget-container\">\n\t\t\t\t\t\t\t\t\t<p><strong>ACTEURS<\/strong> : Yanis SILINE \/ Samy SILINE \/ Idriss HAMIDA<\/p><p><strong>ASSISTANT R\u00c9ALISATEUR<\/strong> :\u00a0Maxence BONDET<\/p><p><strong>CHEF OP\u00c9RATEURS<\/strong> : Emeric GALLEGO \/ Thibault CAPDEVIELLE<\/p><p><strong>CADREUR<\/strong>\u00a0:\u00a0Lucas DOS SANTOS<\/p><p><strong>PHOTOGRAPHE DE PLATEAU<\/strong> : Faustine VITAL-HEILBRONN \/ Emeric GALLEGO \/ Jean-Michel HUPE<\/p><p><strong>MONTAGE<\/strong>\u00a0:\u00a0Lucas DOS SANTOS<\/p><p><strong>\u00c9TALONNAGE<\/strong> :\u00a0Klervia CIZEAU<\/p><p><strong>ING\u00c9NIEUR SON<\/strong> : Richemond OUREGA \/ Elsa MAROUANI<\/p><p><strong>MIXAGE SON &amp; MUSIQUE<\/strong>\u00a0:\u00a0Alo\u00efs\u00a0DURUPT<\/p><p><strong>COSTUMES &amp; ACCESSOIRES<\/strong> : Nicolas BOULASMA \/ Yanis SILINE<\/p><p><strong>ANIMATION<\/strong>\u00a0:\u00a0Samuel RICHARD<\/p><p><strong>GRAPHISTE<\/strong> :\u00a0Maxime LARGENT<\/p>\t\t\t\t\t\t\t\t<\/div>\n\t\t\t\t<\/div>\n\t\t\t\t\t<\/div>\n\t\t<\/div>\n\t\t\t\t\t<\/div>\n\t\t<\/section>\n\t\t\t\t<section class=\"elementor-section elementor-top-section elementor-element elementor-element-6a7d58d elementor-section-boxed elementor-section-height-default elementor-section-height-default edgtf-parallax-row-no edgtf-content-aligment-left edgtf-elementor-row-grid-no edgtf-disabled-bg-image-bellow-no\" data-id=\"6a7d58d\" data-element_type=\"section\" data-e-type=\"section\" data-settings=\"{&quot;background_background&quot;:&quot;classic&quot;,&quot;_ha_eqh_enable&quot;:false}\">\n\t\t\t\t\t\t<div class=\"elementor-container elementor-column-gap-default\">\n\t\t\t\t\t<div class=\"elementor-column elementor-col-100 elementor-top-column elementor-element elementor-element-f814786\" data-id=\"f814786\" data-element_type=\"column\" data-e-type=\"column\">\n\t\t\t<div class=\"elementor-widget-wrap elementor-element-populated\">\n\t\t\t\t\t\t<div class=\"elementor-element elementor-element-161cdf0 elementor-widget elementor-widget-heading\" data-id=\"161cdf0\" data-element_type=\"widget\" data-e-type=\"widget\" data-widget_type=\"heading.default\">\n\t\t\t\t<div class=\"elementor-widget-container\">\n\t\t\t\t\t<h2 class=\"elementor-heading-title elementor-size-default\">M\u00e9dias<\/h2>\t\t\t\t<\/div>\n\t\t\t\t<\/div>\n\t\t\t\t\t<\/div>\n\t\t<\/div>\n\t\t\t\t\t<\/div>\n\t\t<\/section>\n\t\t\t\t<section class=\"elementor-section elementor-top-section elementor-element elementor-element-8be0131 elementor-section-boxed elementor-section-height-default elementor-section-height-default edgtf-parallax-row-no edgtf-content-aligment-left edgtf-elementor-row-grid-no edgtf-disabled-bg-image-bellow-no\" data-id=\"8be0131\" data-element_type=\"section\" data-e-type=\"section\" data-settings=\"{&quot;background_background&quot;:&quot;classic&quot;,&quot;_ha_eqh_enable&quot;:false}\">\n\t\t\t\t\t\t<div class=\"elementor-container elementor-column-gap-default\">\n\t\t\t\t\t<div class=\"elementor-column elementor-col-100 elementor-top-column elementor-element elementor-element-6b8b220\" data-id=\"6b8b220\" data-element_type=\"column\" data-e-type=\"column\">\n\t\t\t<div class=\"elementor-widget-wrap elementor-element-populated\">\n\t\t\t\t\t\t<div class=\"elementor-element elementor-element-2a75c99 elementor-widget elementor-widget-shortcode\" data-id=\"2a75c99\" data-element_type=\"widget\" data-e-type=\"widget\" data-widget_type=\"shortcode.default\">\n\t\t\t\t<div class=\"elementor-widget-container\">\n\t\t\t\t\t\t\t<div class=\"elementor-shortcode\"><iframe src=\"https:\/\/player.vimeo.com\/video\/774466867?h=ba593e627e&amp;badge=0&amp;autopause=0&amp;player_id=0&amp;app_id=58479\" width=\"1920\" height=\"1080\" frameborder=\"0\" allow=\"autoplay; fullscreen; picture-in-picture\" allowfullscreen title=\"Les p&amp;ecirc;cheurs du dimanche - Bande-annonce (2022)\"><\/iframe><\/div>\n\t\t\t\t\t\t<\/div>\n\t\t\t\t<\/div>\n\t\t\t\t\t<\/div>\n\t\t<\/div>\n\t\t\t\t\t<\/div>\n\t\t<\/section>\n\t\t\t\t<section class=\"elementor-section elementor-top-section elementor-element elementor-element-905922f elementor-section-boxed elementor-section-height-default elementor-section-height-default edgtf-parallax-row-no edgtf-content-aligment-left edgtf-elementor-row-grid-no edgtf-disabled-bg-image-bellow-no\" data-id=\"905922f\" data-element_type=\"section\" data-e-type=\"section\" data-settings=\"{&quot;background_background&quot;:&quot;classic&quot;,&quot;_ha_eqh_enable&quot;:false}\">\n\t\t\t\t\t\t<div class=\"elementor-container elementor-column-gap-default\">\n\t\t\t\t\t<div class=\"elementor-column elementor-col-100 elementor-top-column elementor-element elementor-element-cf1c24c\" data-id=\"cf1c24c\" data-element_type=\"column\" data-e-type=\"column\">\n\t\t\t<div class=\"elementor-widget-wrap elementor-element-populated\">\n\t\t\t\t\t\t<div class=\"elementor-element elementor-element-40db7f0 elementor-widget elementor-widget-gallery\" data-id=\"40db7f0\" data-element_type=\"widget\" data-e-type=\"widget\" data-settings=\"{&quot;columns&quot;:3,&quot;gap&quot;:{&quot;unit&quot;:&quot;px&quot;,&quot;size&quot;:20,&quot;sizes&quot;:[]},&quot;lazyload&quot;:&quot;yes&quot;,&quot;gallery_layout&quot;:&quot;grid&quot;,&quot;columns_tablet&quot;:2,&quot;columns_mobile&quot;:1,&quot;gap_tablet&quot;:{&quot;unit&quot;:&quot;px&quot;,&quot;size&quot;:10,&quot;sizes&quot;:[]},&quot;gap_mobile&quot;:{&quot;unit&quot;:&quot;px&quot;,&quot;size&quot;:10,&quot;sizes&quot;:[]},&quot;link_to&quot;:&quot;file&quot;,&quot;aspect_ratio&quot;:&quot;3:2&quot;,&quot;overlay_background&quot;:&quot;yes&quot;,&quot;content_hover_animation&quot;:&quot;fade-in&quot;}\" data-widget_type=\"gallery.default\">\n\t\t\t\t<div class=\"elementor-widget-container\">\n\t\t\t\t\t\t\t<div class=\"elementor-gallery__container\">\n\t\t\t\t\t\t\t<a class=\"e-gallery-item elementor-gallery-item elementor-animated-content\" href=\"https:\/\/punicacinema.fr\/wp-content\/uploads\/2022\/03\/14-scaled.jpg\" data-elementor-open-lightbox=\"yes\" data-elementor-lightbox-slideshow=\"40db7f0\" data-elementor-lightbox-title=\"14\" data-e-action-hash=\"#elementor-action%3Aaction%3Dlightbox%26settings%3DeyJpZCI6NzQ3OSwidXJsIjoiaHR0cHM6XC9cL3B1bmljYWNpbmVtYS5mclwvd3AtY29udGVudFwvdXBsb2Fkc1wvMjAyMlwvMDNcLzE0LXNjYWxlZC5qcGciLCJzbGlkZXNob3ciOiI0MGRiN2YwIn0%3D\">\n\t\t\t\t\t<div class=\"e-gallery-image elementor-gallery-item__image\" data-thumbnail=\"https:\/\/punicacinema.fr\/wp-content\/uploads\/2022\/03\/14-300x200.jpg\" data-width=\"300\" data-height=\"200\" aria-label=\"\" role=\"img\" ><\/div>\n\t\t\t\t\t\t\t\t\t\t\t<div class=\"elementor-gallery-item__overlay\"><\/div>\n\t\t\t\t\t\t\t\t\t\t\t\t\t\t<\/a>\n\t\t\t\t\t\t\t<a class=\"e-gallery-item elementor-gallery-item elementor-animated-content\" href=\"https:\/\/punicacinema.fr\/wp-content\/uploads\/2022\/03\/P1500410-scaled.jpg\" data-elementor-open-lightbox=\"yes\" data-elementor-lightbox-slideshow=\"40db7f0\" data-elementor-lightbox-title=\"P1500410\" data-e-action-hash=\"#elementor-action%3Aaction%3Dlightbox%26settings%3DeyJpZCI6NzQ4MCwidXJsIjoiaHR0cHM6XC9cL3B1bmljYWNpbmVtYS5mclwvd3AtY29udGVudFwvdXBsb2Fkc1wvMjAyMlwvMDNcL1AxNTAwNDEwLXNjYWxlZC5qcGciLCJzbGlkZXNob3ciOiI0MGRiN2YwIn0%3D\">\n\t\t\t\t\t<div class=\"e-gallery-image elementor-gallery-item__image\" data-thumbnail=\"https:\/\/punicacinema.fr\/wp-content\/uploads\/2022\/03\/P1500410-300x200.jpg\" data-width=\"300\" data-height=\"200\" aria-label=\"\" role=\"img\" ><\/div>\n\t\t\t\t\t\t\t\t\t\t\t<div class=\"elementor-gallery-item__overlay\"><\/div>\n\t\t\t\t\t\t\t\t\t\t\t\t\t\t<\/a>\n\t\t\t\t\t\t\t<a class=\"e-gallery-item elementor-gallery-item elementor-animated-content\" href=\"https:\/\/punicacinema.fr\/wp-content\/uploads\/2022\/03\/P1500414-scaled.jpg\" data-elementor-open-lightbox=\"yes\" data-elementor-lightbox-slideshow=\"40db7f0\" data-elementor-lightbox-title=\"P1500414\" data-e-action-hash=\"#elementor-action%3Aaction%3Dlightbox%26settings%3DeyJpZCI6NzQ4MSwidXJsIjoiaHR0cHM6XC9cL3B1bmljYWNpbmVtYS5mclwvd3AtY29udGVudFwvdXBsb2Fkc1wvMjAyMlwvMDNcL1AxNTAwNDE0LXNjYWxlZC5qcGciLCJzbGlkZXNob3ciOiI0MGRiN2YwIn0%3D\">\n\t\t\t\t\t<div class=\"e-gallery-image elementor-gallery-item__image\" data-thumbnail=\"https:\/\/punicacinema.fr\/wp-content\/uploads\/2022\/03\/P1500414-300x200.jpg\" data-width=\"300\" data-height=\"200\" aria-label=\"\" role=\"img\" ><\/div>\n\t\t\t\t\t\t\t\t\t\t\t<div class=\"elementor-gallery-item__overlay\"><\/div>\n\t\t\t\t\t\t\t\t\t\t\t\t\t\t<\/a>\n\t\t\t\t\t\t\t<a class=\"e-gallery-item elementor-gallery-item elementor-animated-content\" href=\"https:\/\/punicacinema.fr\/wp-content\/uploads\/2022\/03\/P1500420-scaled.jpg\" data-elementor-open-lightbox=\"yes\" data-elementor-lightbox-slideshow=\"40db7f0\" data-elementor-lightbox-title=\"P1500420\" data-e-action-hash=\"#elementor-action%3Aaction%3Dlightbox%26settings%3DeyJpZCI6NzQ4MiwidXJsIjoiaHR0cHM6XC9cL3B1bmljYWNpbmVtYS5mclwvd3AtY29udGVudFwvdXBsb2Fkc1wvMjAyMlwvMDNcL1AxNTAwNDIwLXNjYWxlZC5qcGciLCJzbGlkZXNob3ciOiI0MGRiN2YwIn0%3D\">\n\t\t\t\t\t<div class=\"e-gallery-image elementor-gallery-item__image\" data-thumbnail=\"https:\/\/punicacinema.fr\/wp-content\/uploads\/2022\/03\/P1500420-300x200.jpg\" data-width=\"300\" data-height=\"200\" aria-label=\"\" role=\"img\" ><\/div>\n\t\t\t\t\t\t\t\t\t\t\t<div class=\"elementor-gallery-item__overlay\"><\/div>\n\t\t\t\t\t\t\t\t\t\t\t\t\t\t<\/a>\n\t\t\t\t\t\t\t<a class=\"e-gallery-item elementor-gallery-item elementor-animated-content\" href=\"https:\/\/punicacinema.fr\/wp-content\/uploads\/2022\/03\/P1500431-scaled.jpg\" data-elementor-open-lightbox=\"yes\" data-elementor-lightbox-slideshow=\"40db7f0\" data-elementor-lightbox-title=\"P1500431\" data-e-action-hash=\"#elementor-action%3Aaction%3Dlightbox%26settings%3DeyJpZCI6NzQ4MywidXJsIjoiaHR0cHM6XC9cL3B1bmljYWNpbmVtYS5mclwvd3AtY29udGVudFwvdXBsb2Fkc1wvMjAyMlwvMDNcL1AxNTAwNDMxLXNjYWxlZC5qcGciLCJzbGlkZXNob3ciOiI0MGRiN2YwIn0%3D\">\n\t\t\t\t\t<div class=\"e-gallery-image elementor-gallery-item__image\" data-thumbnail=\"https:\/\/punicacinema.fr\/wp-content\/uploads\/2022\/03\/P1500431-300x200.jpg\" data-width=\"300\" data-height=\"200\" aria-label=\"\" role=\"img\" ><\/div>\n\t\t\t\t\t\t\t\t\t\t\t<div class=\"elementor-gallery-item__overlay\"><\/div>\n\t\t\t\t\t\t\t\t\t\t\t\t\t\t<\/a>\n\t\t\t\t\t<\/div>\n\t\t\t\t\t<\/div>\n\t\t\t\t<\/div>\n\t\t\t\t\t<\/div>\n\t\t<\/div>\n\t\t\t\t\t<\/div>\n\t\t<\/section>\n\t\t\t\t<\/div>\n\t\t","protected":false},"excerpt":{"rendered":"<p>LES P\u00c9CHEURS DU DIMANCHE UN FILM DE NICOLAS BOULASMA Un dimanche apr\u00e8s-midi. Yanis, p\u00eacheur \u00e9m\u00e9rite, emm\u00e8ne son [&hellip;]<\/p>\n","protected":false},"author":1,"featured_media":6556,"parent":0,"menu_order":0,"comment_status":"closed","ping_status":"closed","template":"elementor_header_footer","meta":{"footnotes":""},"class_list":["post-6883","page","type-page","status-publish","has-post-thumbnail","hentry"],"_links":{"self":[{"href":"https:\/\/punicacinema.fr\/index.php?rest_route=\/wp\/v2\/pages\/6883","targetHints":{"allow":["GET"]}}],"collection":[{"href":"https:\/\/punicacinema.fr\/index.php?rest_route=\/wp\/v2\/pages"}],"about":[{"href":"https:\/\/punicacinema.fr\/index.php?rest_route=\/wp\/v2\/types\/page"}],"author":[{"embeddable":true,"href":"https:\/\/punicacinema.fr\/index.php?rest_route=\/wp\/v2\/users\/1"}],"replies":[{"embeddable":true,"href":"https:\/\/punicacinema.fr\/index.php?rest_route=%2Fwp%2Fv2%2Fcomments&post=6883"}],"version-history":[{"count":99,"href":"https:\/\/punicacinema.fr\/index.php?rest_route=\/wp\/v2\/pages\/6883\/revisions"}],"predecessor-version":[{"id":15045,"href":"https:\/\/punicacinema.fr\/index.php?rest_route=\/wp\/v2\/pages\/6883\/revisions\/15045"}],"wp:featuredmedia":[{"embeddable":true,"href":"https:\/\/punicacinema.fr\/index.php?rest_route=\/wp\/v2\/media\/6556"}],"wp:attachment":[{"href":"https:\/\/punicacinema.fr\/index.php?rest_route=%2Fwp%2Fv2%2Fmedia&parent=6883"}],"curies":[{"name":"wp","href":"https:\/\/api.w.org\/{rel}","templated":true}]}}