{"id":6846,"date":"2022-03-08T13:23:56","date_gmt":"2022-03-08T12:23:56","guid":{"rendered":"https:\/\/punicacinema.fr\/?page_id=6846"},"modified":"2025-01-05T22:59:35","modified_gmt":"2025-01-05T21:59:35","slug":"papy-corona","status":"publish","type":"page","link":"https:\/\/punicacinema.fr\/?page_id=6846","title":{"rendered":"Papy Corona"},"content":{"rendered":"\t\t<div data-elementor-type=\"wp-page\" data-elementor-id=\"6846\" class=\"elementor elementor-6846\" data-elementor-settings=\"{&quot;ha_cmc_init_switcher&quot;:&quot;no&quot;}\" data-elementor-post-type=\"page\">\n\t\t\t\t\t\t<section class=\"elementor-section elementor-top-section elementor-element elementor-element-f23988e elementor-section-stretched elementor-section-boxed elementor-section-height-default elementor-section-height-default edgtf-parallax-row-no edgtf-content-aligment-left edgtf-elementor-row-grid-no edgtf-disabled-bg-image-bellow-no\" data-id=\"f23988e\" data-element_type=\"section\" data-e-type=\"section\" data-settings=\"{&quot;stretch_section&quot;:&quot;section-stretched&quot;,&quot;_ha_eqh_enable&quot;:false}\">\n\t\t\t\t\t\t<div class=\"elementor-container elementor-column-gap-default\">\n\t\t\t\t\t<div class=\"elementor-column elementor-col-100 elementor-top-column elementor-element elementor-element-141b6a4\" data-id=\"141b6a4\" data-element_type=\"column\" data-e-type=\"column\">\n\t\t\t<div class=\"elementor-widget-wrap elementor-element-populated\">\n\t\t\t\t\t\t<div class=\"elementor-element elementor-element-b38875b elementor-widget elementor-widget-image\" data-id=\"b38875b\" data-element_type=\"widget\" data-e-type=\"widget\" data-widget_type=\"image.default\">\n\t\t\t\t<div class=\"elementor-widget-container\">\n\t\t\t\t\t\t\t\t\t\t\t\t\t\t\t<img fetchpriority=\"high\" decoding=\"async\" width=\"1262\" height=\"665\" src=\"https:\/\/punicacinema.fr\/wp-content\/uploads\/2024\/02\/Photo-du-haut.jpg\" class=\"attachment-full size-full wp-image-12555\" alt=\"\" srcset=\"https:\/\/punicacinema.fr\/wp-content\/uploads\/2024\/02\/Photo-du-haut.jpg 1262w, https:\/\/punicacinema.fr\/wp-content\/uploads\/2024\/02\/Photo-du-haut-300x158.jpg 300w, https:\/\/punicacinema.fr\/wp-content\/uploads\/2024\/02\/Photo-du-haut-1024x540.jpg 1024w, https:\/\/punicacinema.fr\/wp-content\/uploads\/2024\/02\/Photo-du-haut-768x405.jpg 768w, https:\/\/punicacinema.fr\/wp-content\/uploads\/2024\/02\/Photo-du-haut-600x316.jpg 600w\" sizes=\"(max-width: 1262px) 100vw, 1262px\" \/>\t\t\t\t\t\t\t\t\t\t\t\t\t\t\t<\/div>\n\t\t\t\t<\/div>\n\t\t\t\t\t<\/div>\n\t\t<\/div>\n\t\t\t\t\t<\/div>\n\t\t<\/section>\n\t\t\t\t<section class=\"elementor-section elementor-top-section elementor-element elementor-element-70d4604 elementor-section-boxed elementor-section-height-default elementor-section-height-default edgtf-parallax-row-no edgtf-content-aligment-left edgtf-elementor-row-grid-no edgtf-disabled-bg-image-bellow-no\" data-id=\"70d4604\" data-element_type=\"section\" data-e-type=\"section\" data-settings=\"{&quot;_ha_eqh_enable&quot;:false}\">\n\t\t\t\t\t\t<div class=\"elementor-container elementor-column-gap-default\">\n\t\t\t\t\t<div class=\"elementor-column elementor-col-33 elementor-top-column elementor-element elementor-element-2b5409b\" data-id=\"2b5409b\" data-element_type=\"column\" data-e-type=\"column\">\n\t\t\t<div class=\"elementor-widget-wrap elementor-element-populated\">\n\t\t\t\t\t\t<div class=\"elementor-element elementor-element-f137fb6 elementor-widget elementor-widget-image\" data-id=\"f137fb6\" data-element_type=\"widget\" data-e-type=\"widget\" data-widget_type=\"image.default\">\n\t\t\t\t<div class=\"elementor-widget-container\">\n\t\t\t\t\t\t\t\t\t\t\t\t\t\t\t<img decoding=\"async\" width=\"644\" height=\"810\" src=\"https:\/\/punicacinema.fr\/wp-content\/uploads\/2018\/04\/WhatsApp-Image-2022-01-20-at-18.54.27-e1643654467591.jpeg\" class=\"attachment-large size-large wp-image-6318\" alt=\"\" \/>\t\t\t\t\t\t\t\t\t\t\t\t\t\t\t<\/div>\n\t\t\t\t<\/div>\n\t\t\t\t\t<\/div>\n\t\t<\/div>\n\t\t\t\t<div class=\"elementor-column elementor-col-66 elementor-top-column elementor-element elementor-element-a832108\" data-id=\"a832108\" data-element_type=\"column\" data-e-type=\"column\">\n\t\t\t<div class=\"elementor-widget-wrap elementor-element-populated\">\n\t\t\t\t\t\t<div class=\"elementor-element elementor-element-093eb7a elementor-widget-tablet__width-initial elementor-widget elementor-widget-heading\" data-id=\"093eb7a\" data-element_type=\"widget\" data-e-type=\"widget\" data-widget_type=\"heading.default\">\n\t\t\t\t<div class=\"elementor-widget-container\">\n\t\t\t\t\t<h2 class=\"elementor-heading-title elementor-size-default\">PAPY CORONA\n<\/h2>\t\t\t\t<\/div>\n\t\t\t\t<\/div>\n\t\t\t\t<div class=\"elementor-element elementor-element-27d61f3 elementor-widget elementor-widget-text-editor\" data-id=\"27d61f3\" data-element_type=\"widget\" data-e-type=\"widget\" data-widget_type=\"text-editor.default\">\n\t\t\t\t<div class=\"elementor-widget-container\">\n\t\t\t\t\t\t\t\t\t<p>UN FILM DE SEYMOOR ANNETTE<\/p>\t\t\t\t\t\t\t\t<\/div>\n\t\t\t\t<\/div>\n\t\t\t\t<div class=\"elementor-element elementor-element-cf9a215 elementor-widget__width-initial elementor-widget-mobile__width-initial elementor-widget elementor-widget-text-editor\" data-id=\"cf9a215\" data-element_type=\"widget\" data-e-type=\"widget\" data-widget_type=\"text-editor.default\">\n\t\t\t\t<div class=\"elementor-widget-container\">\n\t\t\t\t\t\t\t\t\t<p>\u00a0<\/p><p>\u00ab\u00a0Papy Corona\u00a0\u00bb est un vieil homme solitaire. Un jour, sa fille vient lui rendre visite avec son compagnon et ses enfants. Subitement, le confinement est annonc\u00e9 \u00e0 la surprise g\u00e9n\u00e9rale.\u00a0<\/p><p>M\u00eame s\u2019il est difficile \u00e0 vivre, Corona souhaite partager des moments avec les membres de sa famille. Mais eux en revanche ne lui porteront que peu d\u2019int\u00e9r\u00eat.\u00a0Bless\u00e9, mais les voulant \u00e0 ses c\u00f4t\u00e9s, Papy Corona lui prendra un coup de folie.<\/p>\t\t\t\t\t\t\t\t<\/div>\n\t\t\t\t<\/div>\n\t\t\t\t\t<\/div>\n\t\t<\/div>\n\t\t\t\t\t<\/div>\n\t\t<\/section>\n\t\t\t\t<section class=\"elementor-section elementor-top-section elementor-element elementor-element-52ecc4b elementor-section-boxed elementor-section-height-default elementor-section-height-default edgtf-parallax-row-no edgtf-content-aligment-left edgtf-elementor-row-grid-no edgtf-disabled-bg-image-bellow-no\" data-id=\"52ecc4b\" data-element_type=\"section\" data-e-type=\"section\" data-settings=\"{&quot;_ha_eqh_enable&quot;:false}\">\n\t\t\t\t\t\t<div class=\"elementor-container elementor-column-gap-default\">\n\t\t\t\t\t<div class=\"elementor-column elementor-col-100 elementor-top-column elementor-element elementor-element-5b5ec4a\" data-id=\"5b5ec4a\" data-element_type=\"column\" data-e-type=\"column\">\n\t\t\t<div class=\"elementor-widget-wrap elementor-element-populated\">\n\t\t\t\t\t\t<div class=\"elementor-element elementor-element-6a3cb47 elementor-widget-divider--view-line elementor-widget elementor-widget-divider\" data-id=\"6a3cb47\" data-element_type=\"widget\" data-e-type=\"widget\" data-widget_type=\"divider.default\">\n\t\t\t\t<div class=\"elementor-widget-container\">\n\t\t\t\t\t\t\t<div class=\"elementor-divider\">\n\t\t\t<span class=\"elementor-divider-separator\">\n\t\t\t\t\t\t<\/span>\n\t\t<\/div>\n\t\t\t\t\t\t<\/div>\n\t\t\t\t<\/div>\n\t\t\t\t\t<\/div>\n\t\t<\/div>\n\t\t\t\t\t<\/div>\n\t\t<\/section>\n\t\t\t\t<section class=\"elementor-section elementor-top-section elementor-element elementor-element-b277168 elementor-section-boxed elementor-section-height-default elementor-section-height-default edgtf-parallax-row-no edgtf-content-aligment-left edgtf-elementor-row-grid-no edgtf-disabled-bg-image-bellow-no\" data-id=\"b277168\" data-element_type=\"section\" data-e-type=\"section\" data-settings=\"{&quot;background_background&quot;:&quot;classic&quot;,&quot;_ha_eqh_enable&quot;:false}\">\n\t\t\t\t\t\t<div class=\"elementor-container elementor-column-gap-default\">\n\t\t\t\t\t<div class=\"elementor-column elementor-col-50 elementor-top-column elementor-element elementor-element-9621d79\" data-id=\"9621d79\" data-element_type=\"column\" data-e-type=\"column\">\n\t\t\t<div class=\"elementor-widget-wrap elementor-element-populated\">\n\t\t\t\t\t\t<div class=\"elementor-element elementor-element-a4849b4 elementor-widget__width-initial elementor-widget elementor-widget-text-editor\" data-id=\"a4849b4\" data-element_type=\"widget\" data-e-type=\"widget\" data-widget_type=\"text-editor.default\">\n\t\t\t\t<div class=\"elementor-widget-container\">\n\t\t\t\t\t\t\t\t\t<p><strong>AUTEUR ET R\u00c9ALISATEUR<\/strong> : Seymoor ANNETTE<\/p><p><strong>PRODUCTION<\/strong>\u00a0: PUNICA<\/p><p><strong>CHARG\u00c9 DE PRODUCTION<\/strong>\u00a0: Seymoor ANNETTE<\/p><p><strong>ASSISTANTE DE PRODUCTION<\/strong> : Elsa MAROUANI<\/p><p><strong>SORTIE\u00a0<\/strong>: Novembre 2020<\/p><p><strong>DUR\u00c9E <\/strong>: 23 min<\/p><p><strong>GENRE\u00a0<\/strong>: Com\u00e9die &#8211; Drame<\/p><p><strong>LANGUE\u00a0<\/strong>: Fran\u00e7aise<\/p>\t\t\t\t\t\t\t\t<\/div>\n\t\t\t\t<\/div>\n\t\t\t\t\t<\/div>\n\t\t<\/div>\n\t\t\t\t<div class=\"elementor-column elementor-col-50 elementor-top-column elementor-element elementor-element-0c008d1\" data-id=\"0c008d1\" data-element_type=\"column\" data-e-type=\"column\">\n\t\t\t<div class=\"elementor-widget-wrap elementor-element-populated\">\n\t\t\t\t\t\t<div class=\"elementor-element elementor-element-af21411 elementor-widget elementor-widget-text-editor\" data-id=\"af21411\" data-element_type=\"widget\" data-e-type=\"widget\" data-widget_type=\"text-editor.default\">\n\t\t\t\t<div class=\"elementor-widget-container\">\n\t\t\t\t\t\t\t\t\t<p><strong>ACTEUR.ICE.S<\/strong> : Idriss HAMIDA \/ Otis NGOI \/ Laura MASCI \/ Ga\u00e9tane VACELET \/ Lucas DOS SANTOS \/ Keightly DE ROUCY \/ Christophe HACHE<\/p><p><strong>CHEFS OP\u00c9RATEURS <\/strong>: Thibault CAPDEVIELLE \/ Emeric GALLEGO<\/p><p><strong>ING\u00c9NIEURE SON<\/strong>\u00a0: Cam\u00e9lia GADHGADHI<\/p><p><strong>ASSISTANTE<\/strong> <strong>R\u00c9ALISATEUR<\/strong> : Diana PUNSAI LI<\/p><p><strong>SCRIPTE\u00a0: <\/strong>Anie CHRIS<\/p><p><strong>MONTAGE<\/strong>\u00a0: Lucas DOS SANTOS<\/p><p><strong>MONTAGE<\/strong> <strong>ET<\/strong> <strong>MIXAGE<\/strong> <strong>SON<\/strong>\u00a0: Joaquim FERREIRA<\/p><p><strong>\u00c9TALONNAGE<\/strong>\u00a0: Klervia CIZEAU<\/p><p><strong>GRAPHISTE<\/strong>\u00a0: Maxime LARGENT<\/p><p><strong>ILLUSTRATION<\/strong>\u00a0: Nicolas BOULASMA<\/p><p><strong>R\u00c9GISSEUR.SE.S : <\/strong>Fernandez FRANCIS \/ Heidy MERSNI \/ Florentin FRANCIS<\/p>\t\t\t\t\t\t\t\t<\/div>\n\t\t\t\t<\/div>\n\t\t\t\t\t<\/div>\n\t\t<\/div>\n\t\t\t\t\t<\/div>\n\t\t<\/section>\n\t\t\t\t<section class=\"elementor-section elementor-top-section elementor-element elementor-element-c4efeb6 elementor-section-stretched elementor-section-boxed elementor-section-height-default elementor-section-height-default edgtf-parallax-row-no edgtf-content-aligment-left edgtf-elementor-row-grid-no edgtf-disabled-bg-image-bellow-no\" data-id=\"c4efeb6\" data-element_type=\"section\" data-e-type=\"section\" data-settings=\"{&quot;background_background&quot;:&quot;classic&quot;,&quot;stretch_section&quot;:&quot;section-stretched&quot;,&quot;_ha_eqh_enable&quot;:false}\">\n\t\t\t\t\t\t<div class=\"elementor-container elementor-column-gap-default\">\n\t\t\t\t\t<div class=\"elementor-column elementor-col-100 elementor-top-column elementor-element elementor-element-90d5f03\" data-id=\"90d5f03\" data-element_type=\"column\" data-e-type=\"column\" data-settings=\"{&quot;background_background&quot;:&quot;classic&quot;}\">\n\t\t\t<div class=\"elementor-widget-wrap elementor-element-populated\">\n\t\t\t\t\t\t<div class=\"elementor-element elementor-element-12fb63e elementor-widget elementor-widget-heading\" data-id=\"12fb63e\" data-element_type=\"widget\" data-e-type=\"widget\" data-widget_type=\"heading.default\">\n\t\t\t\t<div class=\"elementor-widget-container\">\n\t\t\t\t\t<h2 class=\"elementor-heading-title elementor-size-large\">m\u00e9dias<\/h2>\t\t\t\t<\/div>\n\t\t\t\t<\/div>\n\t\t\t\t<div class=\"elementor-element elementor-element-3618b30 elementor-widget elementor-widget-gallery\" data-id=\"3618b30\" data-element_type=\"widget\" data-e-type=\"widget\" data-settings=\"{&quot;columns&quot;:3,&quot;gap&quot;:{&quot;unit&quot;:&quot;px&quot;,&quot;size&quot;:20,&quot;sizes&quot;:[]},&quot;lazyload&quot;:&quot;yes&quot;,&quot;gallery_layout&quot;:&quot;grid&quot;,&quot;columns_tablet&quot;:2,&quot;columns_mobile&quot;:1,&quot;gap_tablet&quot;:{&quot;unit&quot;:&quot;px&quot;,&quot;size&quot;:10,&quot;sizes&quot;:[]},&quot;gap_mobile&quot;:{&quot;unit&quot;:&quot;px&quot;,&quot;size&quot;:10,&quot;sizes&quot;:[]},&quot;link_to&quot;:&quot;file&quot;,&quot;aspect_ratio&quot;:&quot;3:2&quot;,&quot;overlay_background&quot;:&quot;yes&quot;,&quot;content_hover_animation&quot;:&quot;fade-in&quot;}\" data-widget_type=\"gallery.default\">\n\t\t\t\t<div class=\"elementor-widget-container\">\n\t\t\t\t\t\t\t<div class=\"elementor-gallery__container\">\n\t\t\t\t\t\t\t<a class=\"e-gallery-item elementor-gallery-item elementor-animated-content\" href=\"https:\/\/punicacinema.fr\/wp-content\/uploads\/2022\/03\/P1500753-scaled.jpg\" data-elementor-open-lightbox=\"yes\" data-elementor-lightbox-slideshow=\"3618b30\" data-elementor-lightbox-title=\"P1500753\" data-e-action-hash=\"#elementor-action%3Aaction%3Dlightbox%26settings%3DeyJpZCI6NzQ4NywidXJsIjoiaHR0cHM6XC9cL3B1bmljYWNpbmVtYS5mclwvd3AtY29udGVudFwvdXBsb2Fkc1wvMjAyMlwvMDNcL1AxNTAwNzUzLXNjYWxlZC5qcGciLCJzbGlkZXNob3ciOiIzNjE4YjMwIn0%3D\">\n\t\t\t\t\t<div class=\"e-gallery-image elementor-gallery-item__image\" data-thumbnail=\"https:\/\/punicacinema.fr\/wp-content\/uploads\/2022\/03\/P1500753-300x169.jpg\" data-width=\"300\" data-height=\"169\" aria-label=\"\" role=\"img\" ><\/div>\n\t\t\t\t\t\t\t\t\t\t\t<div class=\"elementor-gallery-item__overlay\"><\/div>\n\t\t\t\t\t\t\t\t\t\t\t\t\t\t<\/a>\n\t\t\t\t\t\t\t<a class=\"e-gallery-item elementor-gallery-item elementor-animated-content\" href=\"https:\/\/punicacinema.fr\/wp-content\/uploads\/2022\/03\/P1510481-scaled.jpg\" data-elementor-open-lightbox=\"yes\" data-elementor-lightbox-slideshow=\"3618b30\" data-elementor-lightbox-title=\"P1510481\" data-e-action-hash=\"#elementor-action%3Aaction%3Dlightbox%26settings%3DeyJpZCI6NzQ4OCwidXJsIjoiaHR0cHM6XC9cL3B1bmljYWNpbmVtYS5mclwvd3AtY29udGVudFwvdXBsb2Fkc1wvMjAyMlwvMDNcL1AxNTEwNDgxLXNjYWxlZC5qcGciLCJzbGlkZXNob3ciOiIzNjE4YjMwIn0%3D\">\n\t\t\t\t\t<div class=\"e-gallery-image elementor-gallery-item__image\" data-thumbnail=\"https:\/\/punicacinema.fr\/wp-content\/uploads\/2022\/03\/P1510481-300x200.jpg\" data-width=\"300\" data-height=\"200\" aria-label=\"\" role=\"img\" ><\/div>\n\t\t\t\t\t\t\t\t\t\t\t<div class=\"elementor-gallery-item__overlay\"><\/div>\n\t\t\t\t\t\t\t\t\t\t\t\t\t\t<\/a>\n\t\t\t\t\t\t\t<a class=\"e-gallery-item elementor-gallery-item elementor-animated-content\" href=\"https:\/\/punicacinema.fr\/wp-content\/uploads\/2022\/03\/P1500749-scaled.jpg\" data-elementor-open-lightbox=\"yes\" data-elementor-lightbox-slideshow=\"3618b30\" data-elementor-lightbox-title=\"P1500749\" data-e-action-hash=\"#elementor-action%3Aaction%3Dlightbox%26settings%3DeyJpZCI6NzQ5MSwidXJsIjoiaHR0cHM6XC9cL3B1bmljYWNpbmVtYS5mclwvd3AtY29udGVudFwvdXBsb2Fkc1wvMjAyMlwvMDNcL1AxNTAwNzQ5LXNjYWxlZC5qcGciLCJzbGlkZXNob3ciOiIzNjE4YjMwIn0%3D\">\n\t\t\t\t\t<div class=\"e-gallery-image elementor-gallery-item__image\" data-thumbnail=\"https:\/\/punicacinema.fr\/wp-content\/uploads\/2022\/03\/P1500749-300x169.jpg\" data-width=\"300\" data-height=\"169\" aria-label=\"\" role=\"img\" ><\/div>\n\t\t\t\t\t\t\t\t\t\t\t<div class=\"elementor-gallery-item__overlay\"><\/div>\n\t\t\t\t\t\t\t\t\t\t\t\t\t\t<\/a>\n\t\t\t\t\t<\/div>\n\t\t\t\t\t<\/div>\n\t\t\t\t<\/div>\n\t\t\t\t\t<\/div>\n\t\t<\/div>\n\t\t\t\t\t<\/div>\n\t\t<\/section>\n\t\t\t\t<\/div>\n\t\t","protected":false},"excerpt":{"rendered":"<p>PAPY CORONA UN FILM DE SEYMOOR ANNETTE \u00a0 \u00ab\u00a0Papy Corona\u00a0\u00bb est un vieil homme solitaire. Un jour, [&hellip;]<\/p>\n","protected":false},"author":1,"featured_media":6318,"parent":0,"menu_order":0,"comment_status":"closed","ping_status":"closed","template":"elementor_header_footer","meta":{"footnotes":""},"class_list":["post-6846","page","type-page","status-publish","has-post-thumbnail","hentry"],"_links":{"self":[{"href":"https:\/\/punicacinema.fr\/index.php?rest_route=\/wp\/v2\/pages\/6846","targetHints":{"allow":["GET"]}}],"collection":[{"href":"https:\/\/punicacinema.fr\/index.php?rest_route=\/wp\/v2\/pages"}],"about":[{"href":"https:\/\/punicacinema.fr\/index.php?rest_route=\/wp\/v2\/types\/page"}],"author":[{"embeddable":true,"href":"https:\/\/punicacinema.fr\/index.php?rest_route=\/wp\/v2\/users\/1"}],"replies":[{"embeddable":true,"href":"https:\/\/punicacinema.fr\/index.php?rest_route=%2Fwp%2Fv2%2Fcomments&post=6846"}],"version-history":[{"count":126,"href":"https:\/\/punicacinema.fr\/index.php?rest_route=\/wp\/v2\/pages\/6846\/revisions"}],"predecessor-version":[{"id":15054,"href":"https:\/\/punicacinema.fr\/index.php?rest_route=\/wp\/v2\/pages\/6846\/revisions\/15054"}],"wp:featuredmedia":[{"embeddable":true,"href":"https:\/\/punicacinema.fr\/index.php?rest_route=\/wp\/v2\/media\/6318"}],"wp:attachment":[{"href":"https:\/\/punicacinema.fr\/index.php?rest_route=%2Fwp%2Fv2%2Fmedia&parent=6846"}],"curies":[{"name":"wp","href":"https:\/\/api.w.org\/{rel}","templated":true}]}}