{"id":4281,"date":"2021-02-04T10:00:27","date_gmt":"2021-02-04T10:00:27","guid":{"rendered":"https:\/\/cinerama.qodeinteractive.com\/elementor\/?page_id=4281"},"modified":"2025-08-30T13:28:14","modified_gmt":"2025-08-30T11:28:14","slug":"movie-portfolio","status":"publish","type":"page","link":"https:\/\/punicacinema.fr\/?page_id=4281","title":{"rendered":"IL N&rsquo;Y A PLUS D&rsquo;ELIXIR BACH !"},"content":{"rendered":"\t\t<div data-elementor-type=\"wp-page\" data-elementor-id=\"4281\" class=\"elementor elementor-4281\" data-elementor-settings=\"{&quot;ha_cmc_init_switcher&quot;:&quot;no&quot;}\" data-elementor-post-type=\"page\">\n\t\t\t\t\t\t<section class=\"elementor-section elementor-top-section elementor-element elementor-element-8ffeddc elementor-section-stretched elementor-section-boxed elementor-section-height-default elementor-section-height-default edgtf-parallax-row-no edgtf-content-aligment-left edgtf-elementor-row-grid-no edgtf-disabled-bg-image-bellow-no\" data-id=\"8ffeddc\" data-element_type=\"section\" data-e-type=\"section\" data-settings=\"{&quot;stretch_section&quot;:&quot;section-stretched&quot;,&quot;_ha_eqh_enable&quot;:false}\">\n\t\t\t\t\t\t<div class=\"elementor-container elementor-column-gap-default\">\n\t\t\t\t\t<div class=\"elementor-column elementor-col-100 elementor-top-column elementor-element elementor-element-98662e2\" data-id=\"98662e2\" data-element_type=\"column\" data-e-type=\"column\">\n\t\t\t<div class=\"elementor-widget-wrap elementor-element-populated\">\n\t\t\t\t\t\t<div class=\"elementor-element elementor-element-f50d84b elementor-widget elementor-widget-image\" data-id=\"f50d84b\" data-element_type=\"widget\" data-e-type=\"widget\" data-widget_type=\"image.default\">\n\t\t\t\t<div class=\"elementor-widget-container\">\n\t\t\t\t\t\t\t\t\t\t\t\t\t\t\t<img fetchpriority=\"high\" decoding=\"async\" width=\"1439\" height=\"802\" src=\"https:\/\/punicacinema.fr\/wp-content\/uploads\/2022\/01\/vlcsnap-2020-10-25-04h47m20s211-e1643649374359.png\" class=\"attachment-full size-full wp-image-6544\" alt=\"\" srcset=\"https:\/\/punicacinema.fr\/wp-content\/uploads\/2022\/01\/vlcsnap-2020-10-25-04h47m20s211-e1643649374359.png 1439w, https:\/\/punicacinema.fr\/wp-content\/uploads\/2022\/01\/vlcsnap-2020-10-25-04h47m20s211-e1643649374359-300x167.png 300w, https:\/\/punicacinema.fr\/wp-content\/uploads\/2022\/01\/vlcsnap-2020-10-25-04h47m20s211-e1643649374359-1024x571.png 1024w, https:\/\/punicacinema.fr\/wp-content\/uploads\/2022\/01\/vlcsnap-2020-10-25-04h47m20s211-e1643649374359-768x428.png 768w, https:\/\/punicacinema.fr\/wp-content\/uploads\/2022\/01\/vlcsnap-2020-10-25-04h47m20s211-e1643649374359-600x334.png 600w\" sizes=\"(max-width: 1439px) 100vw, 1439px\" \/>\t\t\t\t\t\t\t\t\t\t\t\t\t\t\t<\/div>\n\t\t\t\t<\/div>\n\t\t\t\t\t<\/div>\n\t\t<\/div>\n\t\t\t\t\t<\/div>\n\t\t<\/section>\n\t\t\t\t<section class=\"elementor-section elementor-top-section elementor-element elementor-element-7aa0723 elementor-section-boxed elementor-section-height-default elementor-section-height-default edgtf-parallax-row-no edgtf-content-aligment-left edgtf-elementor-row-grid-no edgtf-disabled-bg-image-bellow-no\" data-id=\"7aa0723\" data-element_type=\"section\" data-e-type=\"section\" data-settings=\"{&quot;_ha_eqh_enable&quot;:false}\">\n\t\t\t\t\t\t<div class=\"elementor-container elementor-column-gap-default\">\n\t\t\t\t\t<div class=\"elementor-column elementor-col-33 elementor-top-column elementor-element elementor-element-2415102\" data-id=\"2415102\" data-element_type=\"column\" data-e-type=\"column\">\n\t\t\t<div class=\"elementor-widget-wrap elementor-element-populated\">\n\t\t\t\t\t\t<div class=\"elementor-element elementor-element-2bd7af7 elementor-widget elementor-widget-image\" data-id=\"2bd7af7\" data-element_type=\"widget\" data-e-type=\"widget\" data-widget_type=\"image.default\">\n\t\t\t\t<div class=\"elementor-widget-container\">\n\t\t\t\t\t\t\t\t\t\t\t\t\t\t\t<img decoding=\"async\" width=\"835\" height=\"1024\" src=\"https:\/\/punicacinema.fr\/wp-content\/uploads\/2018\/04\/afficje-INAPEB-e1643647315974-835x1024.jpg\" class=\"attachment-large size-large wp-image-6315\" alt=\"\" srcset=\"https:\/\/punicacinema.fr\/wp-content\/uploads\/2018\/04\/afficje-INAPEB-e1643647315974-835x1024.jpg 835w, https:\/\/punicacinema.fr\/wp-content\/uploads\/2018\/04\/afficje-INAPEB-e1643647315974-245x300.jpg 245w, https:\/\/punicacinema.fr\/wp-content\/uploads\/2018\/04\/afficje-INAPEB-e1643647315974-768x942.jpg 768w, https:\/\/punicacinema.fr\/wp-content\/uploads\/2018\/04\/afficje-INAPEB-e1643647315974-1252x1536.jpg 1252w, https:\/\/punicacinema.fr\/wp-content\/uploads\/2018\/04\/afficje-INAPEB-e1643647315974-600x736.jpg 600w\" sizes=\"(max-width: 835px) 100vw, 835px\" \/>\t\t\t\t\t\t\t\t\t\t\t\t\t\t\t<\/div>\n\t\t\t\t<\/div>\n\t\t\t\t\t<\/div>\n\t\t<\/div>\n\t\t\t\t<div class=\"elementor-column elementor-col-66 elementor-top-column elementor-element elementor-element-87b2925\" data-id=\"87b2925\" data-element_type=\"column\" data-e-type=\"column\">\n\t\t\t<div class=\"elementor-widget-wrap elementor-element-populated\">\n\t\t\t\t\t\t<div class=\"elementor-element elementor-element-5b8ff8c elementor-widget-tablet__width-initial elementor-widget elementor-widget-heading\" data-id=\"5b8ff8c\" data-element_type=\"widget\" data-e-type=\"widget\" data-widget_type=\"heading.default\">\n\t\t\t\t<div class=\"elementor-widget-container\">\n\t\t\t\t\t<h2 class=\"elementor-heading-title elementor-size-default\">IL N'YA PLUS D\u2019\u00c9LIXIR BACH !\n<\/h2>\t\t\t\t<\/div>\n\t\t\t\t<\/div>\n\t\t\t\t<div class=\"elementor-element elementor-element-e1d138b elementor-widget elementor-widget-text-editor\" data-id=\"e1d138b\" data-element_type=\"widget\" data-e-type=\"widget\" data-widget_type=\"text-editor.default\">\n\t\t\t\t<div class=\"elementor-widget-container\">\n\t\t\t\t\t\t\t\t\t<p>UN FILM DE NICOLAS BOULASMA<\/p>\t\t\t\t\t\t\t\t<\/div>\n\t\t\t\t<\/div>\n\t\t\t\t<div class=\"elementor-element elementor-element-eb6d541 elementor-widget__width-initial elementor-widget-mobile__width-initial elementor-widget elementor-widget-text-editor\" data-id=\"eb6d541\" data-element_type=\"widget\" data-e-type=\"widget\" data-widget_type=\"text-editor.default\">\n\t\t\t\t<div class=\"elementor-widget-container\">\n\t\t\t\t\t\t\t\t\t<p>Richemond et Lucas sont deux jeunes de 18 ans qui se d\u00e9testent. En effet, Lucas vient de faire un enfant avec l\u2019ex copine de Richemond, M\u00e9lissa. Ce qui va provoquer chez lui une fr\u00e9n\u00e9sie inarr\u00eatable. Il va tout faire pour tenter de r\u00e9cup\u00e9rer \u00ab la sienne \u00bb, mais jusqu\u2019o\u00f9 cela va se terminer ?<\/p>\t\t\t\t\t\t\t\t<\/div>\n\t\t\t\t<\/div>\n\t\t\t\t\t<\/div>\n\t\t<\/div>\n\t\t\t\t\t<\/div>\n\t\t<\/section>\n\t\t\t\t<section class=\"elementor-section elementor-top-section elementor-element elementor-element-6bc9832 elementor-section-boxed elementor-section-height-default elementor-section-height-default edgtf-parallax-row-no edgtf-content-aligment-left edgtf-elementor-row-grid-no edgtf-disabled-bg-image-bellow-no\" data-id=\"6bc9832\" data-element_type=\"section\" data-e-type=\"section\" data-settings=\"{&quot;_ha_eqh_enable&quot;:false}\">\n\t\t\t\t\t\t<div class=\"elementor-container elementor-column-gap-default\">\n\t\t\t\t\t<div class=\"elementor-column elementor-col-100 elementor-top-column elementor-element elementor-element-a0a916d\" data-id=\"a0a916d\" data-element_type=\"column\" data-e-type=\"column\">\n\t\t\t<div class=\"elementor-widget-wrap elementor-element-populated\">\n\t\t\t\t\t\t<div class=\"elementor-element elementor-element-dcea5c8 elementor-widget-divider--view-line elementor-widget elementor-widget-divider\" data-id=\"dcea5c8\" data-element_type=\"widget\" data-e-type=\"widget\" data-widget_type=\"divider.default\">\n\t\t\t\t<div class=\"elementor-widget-container\">\n\t\t\t\t\t\t\t<div class=\"elementor-divider\">\n\t\t\t<span class=\"elementor-divider-separator\">\n\t\t\t\t\t\t<\/span>\n\t\t<\/div>\n\t\t\t\t\t\t<\/div>\n\t\t\t\t<\/div>\n\t\t\t\t\t<\/div>\n\t\t<\/div>\n\t\t\t\t\t<\/div>\n\t\t<\/section>\n\t\t\t\t<section class=\"elementor-section elementor-top-section elementor-element elementor-element-e9ed9e8 elementor-section-boxed elementor-section-height-default elementor-section-height-default edgtf-parallax-row-no edgtf-content-aligment-left edgtf-elementor-row-grid-no edgtf-disabled-bg-image-bellow-no\" data-id=\"e9ed9e8\" data-element_type=\"section\" data-e-type=\"section\" data-settings=\"{&quot;background_background&quot;:&quot;classic&quot;,&quot;_ha_eqh_enable&quot;:false}\">\n\t\t\t\t\t\t<div class=\"elementor-container elementor-column-gap-default\">\n\t\t\t\t\t<div class=\"elementor-column elementor-col-50 elementor-top-column elementor-element elementor-element-1ec9323\" data-id=\"1ec9323\" data-element_type=\"column\" data-e-type=\"column\">\n\t\t\t<div class=\"elementor-widget-wrap elementor-element-populated\">\n\t\t\t\t\t\t<div class=\"elementor-element elementor-element-72ef832 elementor-widget__width-initial elementor-widget elementor-widget-text-editor\" data-id=\"72ef832\" data-element_type=\"widget\" data-e-type=\"widget\" data-widget_type=\"text-editor.default\">\n\t\t\t\t<div class=\"elementor-widget-container\">\n\t\t\t\t\t\t\t\t\t<p><b>A<\/b><strong>UTEUR ET R\u00c9ALISATEUR <\/strong>: Nicolas BOULASMA<\/p><p><strong>PRODUCTION\u00a0: <\/strong>PUNICA<\/p><p><strong>CHARG\u00c9.E.S DE PRODUCTION :<\/strong> Nicolas BOULASMA \/ Elsa MAROUANI<\/p><p><strong>SORTIE\u00a0<\/strong>: Novembre 2020<\/p><p><strong>DUR\u00c9E <\/strong>: 31 min<\/p><p><strong>GENRE\u00a0<\/strong>: Drame \u2013 Thriller<\/p><p><strong>LANGUE\u00a0<\/strong>: Fran\u00e7aise<\/p>\t\t\t\t\t\t\t\t<\/div>\n\t\t\t\t<\/div>\n\t\t\t\t\t<\/div>\n\t\t<\/div>\n\t\t\t\t<div class=\"elementor-column elementor-col-50 elementor-top-column elementor-element elementor-element-f073119\" data-id=\"f073119\" data-element_type=\"column\" data-e-type=\"column\">\n\t\t\t<div class=\"elementor-widget-wrap elementor-element-populated\">\n\t\t\t\t\t\t<div class=\"elementor-element elementor-element-0cc41cc elementor-widget elementor-widget-text-editor\" data-id=\"0cc41cc\" data-element_type=\"widget\" data-e-type=\"widget\" data-widget_type=\"text-editor.default\">\n\t\t\t\t<div class=\"elementor-widget-container\">\n\t\t\t\t\t\t\t\t\t<p><strong>ACTEUR.RICE.S<\/strong> : Richemond OUREGA \/ Lucas DOS SANTOS \/ Emma SILINE \/ Karima SILINE \/ Carole MERMOUD \/ Hakim HACHOUCHE \/ Alexander BRUTUS \/ Chris BIANDONGA \/ Edward JONAS \/ Seymoor ANNETTE \/ Dhanan TIROUVINGADAME \/ Juliette DUBLOC \/ Hakim HACHOUCHE \/ Blondy DEPARICE \/ Yorick SAUVALLE\u00a0<\/p><p><strong>CHEFS OP\u00c9RATEURS : <\/strong>Emeric GALLEGO<\/p><p><strong>CHEFS ELECTRO<\/strong> : Thibault CAPDEVIELLE<\/p><p><strong>R\u00c9GISSEUR.SE.S<\/strong> : Thibault CAPDEVIELLE \/ Lucas DOS SANTOS \/ Elsa MAROUANI<\/p><p><strong>MONTAGE\u00a0:\u00a0<\/strong>Lucas DOS SANTOS<\/p><p><strong>\u00c9TALONNAGE :\u00a0<\/strong>Klervia CIZEAU<\/p><p><strong>INGENIEURS SON : <\/strong>Seymoor ANNETTE<\/p><p><strong>MIXAGE SON\u00a0:\u00a0<\/strong>Nathan SIMON \/ Richemond OUREGA<\/p><p><strong>MUSIQUE<\/strong>\u00a0: Richemond OUREGA (<em>JoliGar\u00e7onSuave<\/em>) \/ Nathan SIMON (<em>Martoni<\/em>)<\/p><p><strong>D\u00c9CORS :\u00a0<\/strong>Nicolas BOULASMA \/ Jo\u00eblle COURSAULT \/ Thibault CAPDEVIELLE \/ Elsa MAROUANI \/ Lucas DOS SANTOS \/ Alain CHATAUD<\/p><p><strong>MAQUILLEUSE<\/strong>\u00a0: Nicoleta TIGOULET<\/p><p><strong>PHOTOGRAPHES DE PLATEAU<\/strong> : \u00c9meric GALLEGO \/ Benyamin MOUGAMADOU<\/p><p><strong>GRAPHISTE\u00a0:\u00a0<\/strong>Maxime LARGENT<\/p>\t\t\t\t\t\t\t\t<\/div>\n\t\t\t\t<\/div>\n\t\t\t\t\t<\/div>\n\t\t<\/div>\n\t\t\t\t\t<\/div>\n\t\t<\/section>\n\t\t\t\t<section class=\"elementor-section elementor-top-section elementor-element elementor-element-9ca4df1 elementor-section-stretched elementor-section-boxed elementor-section-height-default elementor-section-height-default edgtf-parallax-row-no edgtf-content-aligment-left edgtf-elementor-row-grid-no edgtf-disabled-bg-image-bellow-no\" data-id=\"9ca4df1\" data-element_type=\"section\" data-e-type=\"section\" data-settings=\"{&quot;background_background&quot;:&quot;classic&quot;,&quot;stretch_section&quot;:&quot;section-stretched&quot;,&quot;_ha_eqh_enable&quot;:false}\">\n\t\t\t\t\t\t<div class=\"elementor-container elementor-column-gap-default\">\n\t\t\t\t\t<div class=\"elementor-column elementor-col-100 elementor-top-column elementor-element elementor-element-a5c127f\" data-id=\"a5c127f\" data-element_type=\"column\" data-e-type=\"column\" data-settings=\"{&quot;background_background&quot;:&quot;classic&quot;}\">\n\t\t\t<div class=\"elementor-widget-wrap elementor-element-populated\">\n\t\t\t\t\t\t<div class=\"elementor-element elementor-element-8c8eaa2 elementor-widget elementor-widget-heading\" data-id=\"8c8eaa2\" data-element_type=\"widget\" data-e-type=\"widget\" data-widget_type=\"heading.default\">\n\t\t\t\t<div class=\"elementor-widget-container\">\n\t\t\t\t\t<h2 class=\"elementor-heading-title elementor-size-large\">m\u00e9dias<\/h2>\t\t\t\t<\/div>\n\t\t\t\t<\/div>\n\t\t\t\t<div class=\"elementor-element elementor-element-e7beb98 elementor-widget elementor-widget-shortcode\" data-id=\"e7beb98\" data-element_type=\"widget\" data-e-type=\"widget\" data-widget_type=\"shortcode.default\">\n\t\t\t\t<div class=\"elementor-widget-container\">\n\t\t\t\t\t\t\t<div class=\"elementor-shortcode\"><iframe src=\"https:\/\/player.vimeo.com\/video\/693157440?h=fbff80753d&amp;badge=0&amp;autopause=0&amp;player_id=0&amp;app_id=58479\" width=\"1920\" height=\"1080\" frameborder=\"0\" allow=\"autoplay; fullscreen; picture-in-picture\" allowfullscreen title=\"IL N&amp;#039;Y A PLUS D&amp;rsquo;&amp;Eacute;LIXIR BACH! - Bande-annonce (2021)\"><\/iframe><\/div>\n\t\t\t\t\t\t<\/div>\n\t\t\t\t<\/div>\n\t\t\t\t\t<\/div>\n\t\t<\/div>\n\t\t\t\t\t<\/div>\n\t\t<\/section>\n\t\t\t\t<section class=\"elementor-section elementor-top-section elementor-element elementor-element-d4d281c elementor-section-boxed elementor-section-height-default elementor-section-height-default edgtf-parallax-row-no edgtf-content-aligment-left edgtf-elementor-row-grid-no edgtf-disabled-bg-image-bellow-no\" data-id=\"d4d281c\" data-element_type=\"section\" data-e-type=\"section\" data-settings=\"{&quot;background_background&quot;:&quot;classic&quot;,&quot;_ha_eqh_enable&quot;:false}\">\n\t\t\t\t\t\t<div class=\"elementor-container elementor-column-gap-default\">\n\t\t\t\t\t<div class=\"elementor-column elementor-col-100 elementor-top-column elementor-element elementor-element-b63e713\" data-id=\"b63e713\" data-element_type=\"column\" data-e-type=\"column\">\n\t\t\t<div class=\"elementor-widget-wrap elementor-element-populated\">\n\t\t\t\t\t\t<div class=\"elementor-element elementor-element-bdc985c elementor-widget elementor-widget-gallery\" data-id=\"bdc985c\" data-element_type=\"widget\" data-e-type=\"widget\" data-settings=\"{&quot;columns&quot;:3,&quot;gap&quot;:{&quot;unit&quot;:&quot;px&quot;,&quot;size&quot;:20,&quot;sizes&quot;:[]},&quot;lazyload&quot;:&quot;yes&quot;,&quot;gallery_layout&quot;:&quot;grid&quot;,&quot;columns_tablet&quot;:2,&quot;columns_mobile&quot;:1,&quot;gap_tablet&quot;:{&quot;unit&quot;:&quot;px&quot;,&quot;size&quot;:10,&quot;sizes&quot;:[]},&quot;gap_mobile&quot;:{&quot;unit&quot;:&quot;px&quot;,&quot;size&quot;:10,&quot;sizes&quot;:[]},&quot;link_to&quot;:&quot;file&quot;,&quot;aspect_ratio&quot;:&quot;3:2&quot;,&quot;overlay_background&quot;:&quot;yes&quot;,&quot;content_hover_animation&quot;:&quot;fade-in&quot;}\" data-widget_type=\"gallery.default\">\n\t\t\t\t<div class=\"elementor-widget-container\">\n\t\t\t\t\t\t\t<div class=\"elementor-gallery__container\">\n\t\t\t\t\t\t\t<a class=\"e-gallery-item elementor-gallery-item elementor-animated-content\" href=\"https:\/\/punicacinema.fr\/wp-content\/uploads\/2022\/03\/vlcsnap-2020-10-25-04h22m49s74.png\" data-elementor-open-lightbox=\"yes\" data-elementor-lightbox-slideshow=\"bdc985c\" data-elementor-lightbox-title=\"vlcsnap-2020-10-25-04h22m49s74\" data-e-action-hash=\"#elementor-action%3Aaction%3Dlightbox%26settings%3DeyJpZCI6NzQwMSwidXJsIjoiaHR0cHM6XC9cL3B1bmljYWNpbmVtYS5mclwvd3AtY29udGVudFwvdXBsb2Fkc1wvMjAyMlwvMDNcL3ZsY3NuYXAtMjAyMC0xMC0yNS0wNGgyMm00OXM3NC5wbmciLCJzbGlkZXNob3ciOiJiZGM5ODVjIn0%3D\">\n\t\t\t\t\t<div class=\"e-gallery-image elementor-gallery-item__image\" data-thumbnail=\"https:\/\/punicacinema.fr\/wp-content\/uploads\/2022\/03\/vlcsnap-2020-10-25-04h22m49s74-300x225.png\" data-width=\"300\" data-height=\"225\" aria-label=\"\" role=\"img\" ><\/div>\n\t\t\t\t\t\t\t\t\t\t\t<div class=\"elementor-gallery-item__overlay\"><\/div>\n\t\t\t\t\t\t\t\t\t\t\t\t\t\t<\/a>\n\t\t\t\t\t\t\t<a class=\"e-gallery-item elementor-gallery-item elementor-animated-content\" href=\"https:\/\/punicacinema.fr\/wp-content\/uploads\/2022\/03\/vlcsnap-2020-10-25-04h24m56s76.png\" data-elementor-open-lightbox=\"yes\" data-elementor-lightbox-slideshow=\"bdc985c\" data-elementor-lightbox-title=\"vlcsnap-2020-10-25-04h24m56s76\" data-e-action-hash=\"#elementor-action%3Aaction%3Dlightbox%26settings%3DeyJpZCI6NzQwMywidXJsIjoiaHR0cHM6XC9cL3B1bmljYWNpbmVtYS5mclwvd3AtY29udGVudFwvdXBsb2Fkc1wvMjAyMlwvMDNcL3ZsY3NuYXAtMjAyMC0xMC0yNS0wNGgyNG01NnM3Ni5wbmciLCJzbGlkZXNob3ciOiJiZGM5ODVjIn0%3D\">\n\t\t\t\t\t<div class=\"e-gallery-image elementor-gallery-item__image\" data-thumbnail=\"https:\/\/punicacinema.fr\/wp-content\/uploads\/2022\/03\/vlcsnap-2020-10-25-04h24m56s76-300x225.png\" data-width=\"300\" data-height=\"225\" aria-label=\"\" role=\"img\" ><\/div>\n\t\t\t\t\t\t\t\t\t\t\t<div class=\"elementor-gallery-item__overlay\"><\/div>\n\t\t\t\t\t\t\t\t\t\t\t\t\t\t<\/a>\n\t\t\t\t\t\t\t<a class=\"e-gallery-item elementor-gallery-item elementor-animated-content\" href=\"https:\/\/punicacinema.fr\/wp-content\/uploads\/2022\/03\/vlcsnap-2020-10-25-04h30m13s144.png\" data-elementor-open-lightbox=\"yes\" data-elementor-lightbox-slideshow=\"bdc985c\" data-elementor-lightbox-title=\"vlcsnap-2020-10-25-04h30m13s144\" data-e-action-hash=\"#elementor-action%3Aaction%3Dlightbox%26settings%3DeyJpZCI6NzQwNCwidXJsIjoiaHR0cHM6XC9cL3B1bmljYWNpbmVtYS5mclwvd3AtY29udGVudFwvdXBsb2Fkc1wvMjAyMlwvMDNcL3ZsY3NuYXAtMjAyMC0xMC0yNS0wNGgzMG0xM3MxNDQucG5nIiwic2xpZGVzaG93IjoiYmRjOTg1YyJ9\">\n\t\t\t\t\t<div class=\"e-gallery-image elementor-gallery-item__image\" data-thumbnail=\"https:\/\/punicacinema.fr\/wp-content\/uploads\/2022\/03\/vlcsnap-2020-10-25-04h30m13s144-300x225.png\" data-width=\"300\" data-height=\"225\" aria-label=\"\" role=\"img\" ><\/div>\n\t\t\t\t\t\t\t\t\t\t\t<div class=\"elementor-gallery-item__overlay\"><\/div>\n\t\t\t\t\t\t\t\t\t\t\t\t\t\t<\/a>\n\t\t\t\t\t\t\t<a class=\"e-gallery-item elementor-gallery-item elementor-animated-content\" href=\"https:\/\/punicacinema.fr\/wp-content\/uploads\/2022\/03\/vlcsnap-2020-10-25-04h34m39s246.png\" data-elementor-open-lightbox=\"yes\" data-elementor-lightbox-slideshow=\"bdc985c\" data-elementor-lightbox-title=\"vlcsnap-2020-10-25-04h34m39s246\" data-e-action-hash=\"#elementor-action%3Aaction%3Dlightbox%26settings%3DeyJpZCI6NzQwNSwidXJsIjoiaHR0cHM6XC9cL3B1bmljYWNpbmVtYS5mclwvd3AtY29udGVudFwvdXBsb2Fkc1wvMjAyMlwvMDNcL3ZsY3NuYXAtMjAyMC0xMC0yNS0wNGgzNG0zOXMyNDYucG5nIiwic2xpZGVzaG93IjoiYmRjOTg1YyJ9\">\n\t\t\t\t\t<div class=\"e-gallery-image elementor-gallery-item__image\" data-thumbnail=\"https:\/\/punicacinema.fr\/wp-content\/uploads\/2022\/03\/vlcsnap-2020-10-25-04h34m39s246-300x225.png\" data-width=\"300\" data-height=\"225\" aria-label=\"\" role=\"img\" ><\/div>\n\t\t\t\t\t\t\t\t\t\t\t<div class=\"elementor-gallery-item__overlay\"><\/div>\n\t\t\t\t\t\t\t\t\t\t\t\t\t\t<\/a>\n\t\t\t\t\t\t\t<a class=\"e-gallery-item elementor-gallery-item elementor-animated-content\" href=\"https:\/\/punicacinema.fr\/wp-content\/uploads\/2022\/03\/vlcsnap-2020-10-25-04h39m26s82.png\" data-elementor-open-lightbox=\"yes\" data-elementor-lightbox-slideshow=\"bdc985c\" data-elementor-lightbox-title=\"vlcsnap-2020-10-25-04h39m26s82\" data-e-action-hash=\"#elementor-action%3Aaction%3Dlightbox%26settings%3DeyJpZCI6NzQwNiwidXJsIjoiaHR0cHM6XC9cL3B1bmljYWNpbmVtYS5mclwvd3AtY29udGVudFwvdXBsb2Fkc1wvMjAyMlwvMDNcL3ZsY3NuYXAtMjAyMC0xMC0yNS0wNGgzOW0yNnM4Mi5wbmciLCJzbGlkZXNob3ciOiJiZGM5ODVjIn0%3D\">\n\t\t\t\t\t<div class=\"e-gallery-image elementor-gallery-item__image\" data-thumbnail=\"https:\/\/punicacinema.fr\/wp-content\/uploads\/2022\/03\/vlcsnap-2020-10-25-04h39m26s82-300x225.png\" data-width=\"300\" data-height=\"225\" aria-label=\"\" role=\"img\" ><\/div>\n\t\t\t\t\t\t\t\t\t\t\t<div class=\"elementor-gallery-item__overlay\"><\/div>\n\t\t\t\t\t\t\t\t\t\t\t\t\t\t<\/a>\n\t\t\t\t\t\t\t<a class=\"e-gallery-item elementor-gallery-item elementor-animated-content\" href=\"https:\/\/punicacinema.fr\/wp-content\/uploads\/2022\/03\/vlcsnap-2020-10-25-05h01m17s106.png\" data-elementor-open-lightbox=\"yes\" data-elementor-lightbox-slideshow=\"bdc985c\" data-elementor-lightbox-title=\"vlcsnap-2020-10-25-05h01m17s106\" data-e-action-hash=\"#elementor-action%3Aaction%3Dlightbox%26settings%3DeyJpZCI6NzQwNywidXJsIjoiaHR0cHM6XC9cL3B1bmljYWNpbmVtYS5mclwvd3AtY29udGVudFwvdXBsb2Fkc1wvMjAyMlwvMDNcL3ZsY3NuYXAtMjAyMC0xMC0yNS0wNWgwMW0xN3MxMDYucG5nIiwic2xpZGVzaG93IjoiYmRjOTg1YyJ9\">\n\t\t\t\t\t<div class=\"e-gallery-image elementor-gallery-item__image\" data-thumbnail=\"https:\/\/punicacinema.fr\/wp-content\/uploads\/2022\/03\/vlcsnap-2020-10-25-05h01m17s106-300x225.png\" data-width=\"300\" data-height=\"225\" aria-label=\"\" role=\"img\" ><\/div>\n\t\t\t\t\t\t\t\t\t\t\t<div class=\"elementor-gallery-item__overlay\"><\/div>\n\t\t\t\t\t\t\t\t\t\t\t\t\t\t<\/a>\n\t\t\t\t\t<\/div>\n\t\t\t\t\t<\/div>\n\t\t\t\t<\/div>\n\t\t\t\t\t<\/div>\n\t\t<\/div>\n\t\t\t\t\t<\/div>\n\t\t<\/section>\n\t\t\t\t<\/div>\n\t\t","protected":false},"excerpt":{"rendered":"<p>IL N&rsquo;YA PLUS D\u2019\u00c9LIXIR BACH ! UN FILM DE NICOLAS BOULASMA Richemond et Lucas sont deux jeunes [&hellip;]<\/p>\n","protected":false},"author":1,"featured_media":6634,"parent":0,"menu_order":0,"comment_status":"closed","ping_status":"closed","template":"elementor_header_footer","meta":{"footnotes":""},"class_list":["post-4281","page","type-page","status-publish","has-post-thumbnail","hentry"],"_links":{"self":[{"href":"https:\/\/punicacinema.fr\/index.php?rest_route=\/wp\/v2\/pages\/4281","targetHints":{"allow":["GET"]}}],"collection":[{"href":"https:\/\/punicacinema.fr\/index.php?rest_route=\/wp\/v2\/pages"}],"about":[{"href":"https:\/\/punicacinema.fr\/index.php?rest_route=\/wp\/v2\/types\/page"}],"author":[{"embeddable":true,"href":"https:\/\/punicacinema.fr\/index.php?rest_route=\/wp\/v2\/users\/1"}],"replies":[{"embeddable":true,"href":"https:\/\/punicacinema.fr\/index.php?rest_route=%2Fwp%2Fv2%2Fcomments&post=4281"}],"version-history":[{"count":310,"href":"https:\/\/punicacinema.fr\/index.php?rest_route=\/wp\/v2\/pages\/4281\/revisions"}],"predecessor-version":[{"id":15841,"href":"https:\/\/punicacinema.fr\/index.php?rest_route=\/wp\/v2\/pages\/4281\/revisions\/15841"}],"wp:featuredmedia":[{"embeddable":true,"href":"https:\/\/punicacinema.fr\/index.php?rest_route=\/wp\/v2\/media\/6634"}],"wp:attachment":[{"href":"https:\/\/punicacinema.fr\/index.php?rest_route=%2Fwp%2Fv2%2Fmedia&parent=4281"}],"curies":[{"name":"wp","href":"https:\/\/api.w.org\/{rel}","templated":true}]}}