{"id":15649,"date":"2025-03-26T23:05:10","date_gmt":"2025-03-26T22:05:10","guid":{"rendered":"https:\/\/punicacinema.fr\/?page_id=15649"},"modified":"2025-03-26T23:38:08","modified_gmt":"2025-03-26T22:38:08","slug":"americain-dream","status":"publish","type":"page","link":"https:\/\/punicacinema.fr\/?page_id=15649","title":{"rendered":"AMERICAIN DREAM"},"content":{"rendered":"\t\t<div data-elementor-type=\"wp-page\" data-elementor-id=\"15649\" class=\"elementor elementor-15649\" data-elementor-settings=\"{&quot;ha_cmc_init_switcher&quot;:&quot;no&quot;}\" data-elementor-post-type=\"page\">\n\t\t\t\t\t\t<section class=\"elementor-section elementor-top-section elementor-element elementor-element-616f444 elementor-section-stretched elementor-section-boxed elementor-section-height-default elementor-section-height-default edgtf-parallax-row-no edgtf-content-aligment-left edgtf-elementor-row-grid-no edgtf-disabled-bg-image-bellow-no\" data-id=\"616f444\" data-element_type=\"section\" data-e-type=\"section\" data-settings=\"{&quot;stretch_section&quot;:&quot;section-stretched&quot;,&quot;_ha_eqh_enable&quot;:false}\">\n\t\t\t\t\t\t<div class=\"elementor-container elementor-column-gap-default\">\n\t\t\t\t\t<div class=\"elementor-column elementor-col-100 elementor-top-column elementor-element elementor-element-08e7dba\" data-id=\"08e7dba\" data-element_type=\"column\" data-e-type=\"column\">\n\t\t\t<div class=\"elementor-widget-wrap elementor-element-populated\">\n\t\t\t\t\t\t<div class=\"elementor-element elementor-element-8928d77 elementor-widget elementor-widget-image\" data-id=\"8928d77\" data-element_type=\"widget\" data-e-type=\"widget\" data-widget_type=\"image.default\">\n\t\t\t\t<div class=\"elementor-widget-container\">\n\t\t\t\t\t\t\t\t\t\t\t\t\t\t\t<img fetchpriority=\"high\" decoding=\"async\" width=\"1280\" height=\"720\" src=\"https:\/\/punicacinema.fr\/wp-content\/uploads\/2025\/03\/vlcsnap-2025-03-26-23h31m51s141.png\" class=\"attachment-full size-full wp-image-15657\" alt=\"\" srcset=\"https:\/\/punicacinema.fr\/wp-content\/uploads\/2025\/03\/vlcsnap-2025-03-26-23h31m51s141.png 1280w, https:\/\/punicacinema.fr\/wp-content\/uploads\/2025\/03\/vlcsnap-2025-03-26-23h31m51s141-300x169.png 300w, https:\/\/punicacinema.fr\/wp-content\/uploads\/2025\/03\/vlcsnap-2025-03-26-23h31m51s141-1024x576.png 1024w, https:\/\/punicacinema.fr\/wp-content\/uploads\/2025\/03\/vlcsnap-2025-03-26-23h31m51s141-768x432.png 768w, https:\/\/punicacinema.fr\/wp-content\/uploads\/2025\/03\/vlcsnap-2025-03-26-23h31m51s141-600x338.png 600w\" sizes=\"(max-width: 1280px) 100vw, 1280px\" \/>\t\t\t\t\t\t\t\t\t\t\t\t\t\t\t<\/div>\n\t\t\t\t<\/div>\n\t\t\t\t\t<\/div>\n\t\t<\/div>\n\t\t\t\t\t<\/div>\n\t\t<\/section>\n\t\t\t\t<section class=\"elementor-section elementor-top-section elementor-element elementor-element-84385ae elementor-section-boxed elementor-section-height-default elementor-section-height-default edgtf-parallax-row-no edgtf-content-aligment-left edgtf-elementor-row-grid-no edgtf-disabled-bg-image-bellow-no\" data-id=\"84385ae\" data-element_type=\"section\" data-e-type=\"section\" data-settings=\"{&quot;_ha_eqh_enable&quot;:false}\">\n\t\t\t\t\t\t<div class=\"elementor-container elementor-column-gap-default\">\n\t\t\t\t\t<div class=\"elementor-column elementor-col-33 elementor-top-column elementor-element elementor-element-ec83f36\" data-id=\"ec83f36\" data-element_type=\"column\" data-e-type=\"column\">\n\t\t\t<div class=\"elementor-widget-wrap elementor-element-populated\">\n\t\t\t\t\t\t<div class=\"elementor-element elementor-element-587b159 elementor-widget-mobile__width-initial elementor-widget elementor-widget-image\" data-id=\"587b159\" data-element_type=\"widget\" data-e-type=\"widget\" data-widget_type=\"image.default\">\n\t\t\t\t<div class=\"elementor-widget-container\">\n\t\t\t\t\t\t\t\t\t\t\t\t\t\t\t<img decoding=\"async\" width=\"1280\" height=\"720\" src=\"https:\/\/punicacinema.fr\/wp-content\/uploads\/2025\/02\/vlcsnap-2025-02-02-05h11m49s819.png\" class=\"attachment-full size-full wp-image-15476\" alt=\"\" srcset=\"https:\/\/punicacinema.fr\/wp-content\/uploads\/2025\/02\/vlcsnap-2025-02-02-05h11m49s819.png 1280w, https:\/\/punicacinema.fr\/wp-content\/uploads\/2025\/02\/vlcsnap-2025-02-02-05h11m49s819-300x169.png 300w, https:\/\/punicacinema.fr\/wp-content\/uploads\/2025\/02\/vlcsnap-2025-02-02-05h11m49s819-1024x576.png 1024w, https:\/\/punicacinema.fr\/wp-content\/uploads\/2025\/02\/vlcsnap-2025-02-02-05h11m49s819-768x432.png 768w, https:\/\/punicacinema.fr\/wp-content\/uploads\/2025\/02\/vlcsnap-2025-02-02-05h11m49s819-600x338.png 600w\" sizes=\"(max-width: 1280px) 100vw, 1280px\" \/>\t\t\t\t\t\t\t\t\t\t\t\t\t\t\t<\/div>\n\t\t\t\t<\/div>\n\t\t\t\t\t<\/div>\n\t\t<\/div>\n\t\t\t\t<div class=\"elementor-column elementor-col-66 elementor-top-column elementor-element elementor-element-c30b84b\" data-id=\"c30b84b\" data-element_type=\"column\" data-e-type=\"column\">\n\t\t\t<div class=\"elementor-widget-wrap elementor-element-populated\">\n\t\t\t\t\t\t<div class=\"elementor-element elementor-element-62e76aa elementor-widget-tablet__width-initial elementor-widget elementor-widget-heading\" data-id=\"62e76aa\" data-element_type=\"widget\" data-e-type=\"widget\" data-widget_type=\"heading.default\">\n\t\t\t\t<div class=\"elementor-widget-container\">\n\t\t\t\t\t<h2 class=\"elementor-heading-title elementor-size-default\">Am\u00e9riCAIN DREAM\n<\/h2>\t\t\t\t<\/div>\n\t\t\t\t<\/div>\n\t\t\t\t<div class=\"elementor-element elementor-element-49ff99d elementor-widget elementor-widget-text-editor\" data-id=\"49ff99d\" data-element_type=\"widget\" data-e-type=\"widget\" data-widget_type=\"text-editor.default\">\n\t\t\t\t<div class=\"elementor-widget-container\">\n\t\t\t\t\t\t\t\t\t<p>UN FILM DE PAUL ARVENNE ET MATHILDE ROY<\/p>\t\t\t\t\t\t\t\t<\/div>\n\t\t\t\t<\/div>\n\t\t\t\t<div class=\"elementor-element elementor-element-b412488 elementor-widget__width-initial elementor-widget-mobile__width-initial elementor-widget elementor-widget-text-editor\" data-id=\"b412488\" data-element_type=\"widget\" data-e-type=\"widget\" data-widget_type=\"text-editor.default\">\n\t\t\t\t<div class=\"elementor-widget-container\">\n\t\t\t\t\t\t\t\t\t<p>\u00a0<\/p><p>Paul et Mathilde, un couple de cin\u00e9astes rat\u00e9s se rend \u00e0 Hollywood avec la ferme intention de r\u00e9aliser un chef-d&rsquo;\u0153uvre. Mais alors que les portes des studios leur restent ferm\u00e9es, ils d\u00e9cident de tourner leur chef d\u2019\u0153uvre. Entre les maladresses de l\u2019un et les caprices de l\u2019autre, r\u00e9ussiront-ils \u00e0 s\u2019entendre pour cr\u00e9er le film de leur r\u00eave ?<br \/>De New-York \u00e0 Los Angeles en passant par les canyons de l&rsquo;Arizona, suivez les aventures de ces id\u00e9alistes en qu\u00eate de leur Am\u00e9ricain Dream !<\/p>\t\t\t\t\t\t\t\t<\/div>\n\t\t\t\t<\/div>\n\t\t\t\t\t<\/div>\n\t\t<\/div>\n\t\t\t\t\t<\/div>\n\t\t<\/section>\n\t\t\t\t<section class=\"elementor-section elementor-top-section elementor-element elementor-element-5d2b09e elementor-section-boxed elementor-section-height-default elementor-section-height-default edgtf-parallax-row-no edgtf-content-aligment-left edgtf-elementor-row-grid-no edgtf-disabled-bg-image-bellow-no\" data-id=\"5d2b09e\" data-element_type=\"section\" data-e-type=\"section\" data-settings=\"{&quot;_ha_eqh_enable&quot;:false}\">\n\t\t\t\t\t\t<div class=\"elementor-container elementor-column-gap-default\">\n\t\t\t\t\t<div class=\"elementor-column elementor-col-100 elementor-top-column elementor-element elementor-element-128f752\" data-id=\"128f752\" data-element_type=\"column\" data-e-type=\"column\">\n\t\t\t<div class=\"elementor-widget-wrap elementor-element-populated\">\n\t\t\t\t\t\t<div class=\"elementor-element elementor-element-ab385ab elementor-widget-divider--view-line elementor-widget elementor-widget-divider\" data-id=\"ab385ab\" data-element_type=\"widget\" data-e-type=\"widget\" data-widget_type=\"divider.default\">\n\t\t\t\t<div class=\"elementor-widget-container\">\n\t\t\t\t\t\t\t<div class=\"elementor-divider\">\n\t\t\t<span class=\"elementor-divider-separator\">\n\t\t\t\t\t\t<\/span>\n\t\t<\/div>\n\t\t\t\t\t\t<\/div>\n\t\t\t\t<\/div>\n\t\t\t\t\t<\/div>\n\t\t<\/div>\n\t\t\t\t\t<\/div>\n\t\t<\/section>\n\t\t\t\t<section class=\"elementor-section elementor-top-section elementor-element elementor-element-881462e elementor-section-boxed elementor-section-height-default elementor-section-height-default edgtf-parallax-row-no edgtf-content-aligment-left edgtf-elementor-row-grid-no edgtf-disabled-bg-image-bellow-no\" data-id=\"881462e\" data-element_type=\"section\" data-e-type=\"section\" data-settings=\"{&quot;background_background&quot;:&quot;classic&quot;,&quot;_ha_eqh_enable&quot;:false}\">\n\t\t\t\t\t\t<div class=\"elementor-container elementor-column-gap-default\">\n\t\t\t\t\t<div class=\"elementor-column elementor-col-50 elementor-top-column elementor-element elementor-element-06de513\" data-id=\"06de513\" data-element_type=\"column\" data-e-type=\"column\">\n\t\t\t<div class=\"elementor-widget-wrap elementor-element-populated\">\n\t\t\t\t\t\t<div class=\"elementor-element elementor-element-1779e1f elementor-widget__width-initial elementor-widget elementor-widget-text-editor\" data-id=\"1779e1f\" data-element_type=\"widget\" data-e-type=\"widget\" data-widget_type=\"text-editor.default\">\n\t\t\t\t<div class=\"elementor-widget-container\">\n\t\t\t\t\t\t\t\t\t<p><strong>AUTEUR.RICE.S ET R\u00c9ALISATEUR.RICE.S<\/strong> : Paul ARVENNE \/ Mathilde ROY<\/p><p><strong>PRODUCTION<\/strong>\u00a0: PUNICA<\/p><p><strong>PRODUCTRICE<\/strong> : Elsa MAROUANI<\/p><p><strong>SORTIE<\/strong> : En postproduction<\/p><p><strong>DUR\u00c9E<\/strong> : \u2248 25 min<\/p><p><strong>GENRE<\/strong> :\u00a0 Com\u00e9die \/ Faux documentaire<\/p><p><strong>LANGUE<\/strong> : Fran\u00e7aise \/ Anglaise<\/p>\t\t\t\t\t\t\t\t<\/div>\n\t\t\t\t<\/div>\n\t\t\t\t\t<\/div>\n\t\t<\/div>\n\t\t\t\t<div class=\"elementor-column elementor-col-50 elementor-top-column elementor-element elementor-element-2e154b8\" data-id=\"2e154b8\" data-element_type=\"column\" data-e-type=\"column\">\n\t\t\t<div class=\"elementor-widget-wrap elementor-element-populated\">\n\t\t\t\t\t\t<div class=\"elementor-element elementor-element-1e784b9 elementor-widget elementor-widget-text-editor\" data-id=\"1e784b9\" data-element_type=\"widget\" data-e-type=\"widget\" data-widget_type=\"text-editor.default\">\n\t\t\t\t<div class=\"elementor-widget-container\">\n\t\t\t\t\t\t\t\t\t<p><strong>ACTEUR.RICE.S : <\/strong>Paul ARVENNE \/ Mathilde ROY<\/p><p><strong>MONTEUR :<\/strong> Jo\u00ebl OLIVIER<\/p><p>\u00a0<\/p>\t\t\t\t\t\t\t\t<\/div>\n\t\t\t\t<\/div>\n\t\t\t\t\t<\/div>\n\t\t<\/div>\n\t\t\t\t\t<\/div>\n\t\t<\/section>\n\t\t\t\t<section class=\"elementor-section elementor-top-section elementor-element elementor-element-aa5ca3c elementor-section-stretched elementor-section-boxed elementor-section-height-default elementor-section-height-default edgtf-parallax-row-no edgtf-content-aligment-left edgtf-elementor-row-grid-no edgtf-disabled-bg-image-bellow-no\" data-id=\"aa5ca3c\" data-element_type=\"section\" data-e-type=\"section\" data-settings=\"{&quot;background_background&quot;:&quot;classic&quot;,&quot;stretch_section&quot;:&quot;section-stretched&quot;,&quot;_ha_eqh_enable&quot;:false}\">\n\t\t\t\t\t\t<div class=\"elementor-container elementor-column-gap-default\">\n\t\t\t\t\t<div class=\"elementor-column elementor-col-100 elementor-top-column elementor-element elementor-element-eede3e4\" data-id=\"eede3e4\" data-element_type=\"column\" data-e-type=\"column\" data-settings=\"{&quot;background_background&quot;:&quot;classic&quot;}\">\n\t\t\t<div class=\"elementor-widget-wrap elementor-element-populated\">\n\t\t\t\t\t\t<div class=\"elementor-element elementor-element-28a16b4 elementor-widget elementor-widget-heading\" data-id=\"28a16b4\" data-element_type=\"widget\" data-e-type=\"widget\" data-widget_type=\"heading.default\">\n\t\t\t\t<div class=\"elementor-widget-container\">\n\t\t\t\t\t<h2 class=\"elementor-heading-title elementor-size-large\">m\u00e9dias<\/h2>\t\t\t\t<\/div>\n\t\t\t\t<\/div>\n\t\t\t\t\t<\/div>\n\t\t<\/div>\n\t\t\t\t\t<\/div>\n\t\t<\/section>\n\t\t\t\t<\/div>\n\t\t","protected":false},"excerpt":{"rendered":"<p>Am\u00e9riCAIN DREAM UN FILM DE PAUL ARVENNE ET MATHILDE ROY \u00a0 Paul et Mathilde, un couple de [&hellip;]<\/p>\n","protected":false},"author":1,"featured_media":0,"parent":0,"menu_order":0,"comment_status":"closed","ping_status":"closed","template":"elementor_header_footer","meta":{"footnotes":""},"class_list":["post-15649","page","type-page","status-publish","hentry"],"_links":{"self":[{"href":"https:\/\/punicacinema.fr\/index.php?rest_route=\/wp\/v2\/pages\/15649","targetHints":{"allow":["GET"]}}],"collection":[{"href":"https:\/\/punicacinema.fr\/index.php?rest_route=\/wp\/v2\/pages"}],"about":[{"href":"https:\/\/punicacinema.fr\/index.php?rest_route=\/wp\/v2\/types\/page"}],"author":[{"embeddable":true,"href":"https:\/\/punicacinema.fr\/index.php?rest_route=\/wp\/v2\/users\/1"}],"replies":[{"embeddable":true,"href":"https:\/\/punicacinema.fr\/index.php?rest_route=%2Fwp%2Fv2%2Fcomments&post=15649"}],"version-history":[{"count":7,"href":"https:\/\/punicacinema.fr\/index.php?rest_route=\/wp\/v2\/pages\/15649\/revisions"}],"predecessor-version":[{"id":15663,"href":"https:\/\/punicacinema.fr\/index.php?rest_route=\/wp\/v2\/pages\/15649\/revisions\/15663"}],"wp:attachment":[{"href":"https:\/\/punicacinema.fr\/index.php?rest_route=%2Fwp%2Fv2%2Fmedia&parent=15649"}],"curies":[{"name":"wp","href":"https:\/\/api.w.org\/{rel}","templated":true}]}}