{"id":15595,"date":"2025-03-14T23:33:15","date_gmt":"2025-03-14T22:33:15","guid":{"rendered":"https:\/\/punicacinema.fr\/?page_id=15595"},"modified":"2026-03-20T23:09:13","modified_gmt":"2026-03-20T22:09:13","slug":"le-deluge","status":"publish","type":"page","link":"https:\/\/punicacinema.fr\/?page_id=15595","title":{"rendered":"Le d\u00e9luge"},"content":{"rendered":"\t\t<div data-elementor-type=\"wp-page\" data-elementor-id=\"15595\" class=\"elementor elementor-15595\" data-elementor-settings=\"{&quot;ha_cmc_init_switcher&quot;:&quot;no&quot;}\" data-elementor-post-type=\"page\">\n\t\t\t\t\t\t<section class=\"elementor-section elementor-top-section elementor-element elementor-element-d125019 elementor-section-stretched elementor-section-boxed elementor-section-height-default elementor-section-height-default edgtf-parallax-row-no edgtf-content-aligment-left edgtf-elementor-row-grid-no edgtf-disabled-bg-image-bellow-no\" data-id=\"d125019\" data-element_type=\"section\" data-e-type=\"section\" data-settings=\"{&quot;stretch_section&quot;:&quot;section-stretched&quot;,&quot;_ha_eqh_enable&quot;:false}\">\n\t\t\t\t\t\t<div class=\"elementor-container elementor-column-gap-default\">\n\t\t\t\t\t<div class=\"elementor-column elementor-col-100 elementor-top-column elementor-element elementor-element-2aaf11e\" data-id=\"2aaf11e\" data-element_type=\"column\" data-e-type=\"column\">\n\t\t\t<div class=\"elementor-widget-wrap\">\n\t\t\t\t\t\t\t<\/div>\n\t\t<\/div>\n\t\t\t\t\t<\/div>\n\t\t<\/section>\n\t\t\t\t<section class=\"elementor-section elementor-top-section elementor-element elementor-element-7156a2f elementor-section-boxed elementor-section-height-default elementor-section-height-default edgtf-parallax-row-no edgtf-content-aligment-left edgtf-elementor-row-grid-no edgtf-disabled-bg-image-bellow-no\" data-id=\"7156a2f\" data-element_type=\"section\" data-e-type=\"section\" data-settings=\"{&quot;_ha_eqh_enable&quot;:false}\">\n\t\t\t\t\t\t<div class=\"elementor-container elementor-column-gap-default\">\n\t\t\t\t\t<div class=\"elementor-column elementor-col-33 elementor-top-column elementor-element elementor-element-e459993\" data-id=\"e459993\" data-element_type=\"column\" data-e-type=\"column\">\n\t\t\t<div class=\"elementor-widget-wrap elementor-element-populated\">\n\t\t\t\t\t\t<div class=\"elementor-element elementor-element-ee100df elementor-widget elementor-widget-image\" data-id=\"ee100df\" data-element_type=\"widget\" data-e-type=\"widget\" data-widget_type=\"image.default\">\n\t\t\t\t<div class=\"elementor-widget-container\">\n\t\t\t\t\t\t\t\t\t\t\t\t\t\t\t<img fetchpriority=\"high\" decoding=\"async\" width=\"1024\" height=\"429\" src=\"https:\/\/punicacinema.fr\/wp-content\/uploads\/2026\/02\/vlcsnap-2026-02-07-21h09m48s685-1024x429.png\" class=\"attachment-large size-large wp-image-15969\" alt=\"\" srcset=\"https:\/\/punicacinema.fr\/wp-content\/uploads\/2026\/02\/vlcsnap-2026-02-07-21h09m48s685-1024x429.png 1024w, https:\/\/punicacinema.fr\/wp-content\/uploads\/2026\/02\/vlcsnap-2026-02-07-21h09m48s685-300x126.png 300w, https:\/\/punicacinema.fr\/wp-content\/uploads\/2026\/02\/vlcsnap-2026-02-07-21h09m48s685-768x322.png 768w, https:\/\/punicacinema.fr\/wp-content\/uploads\/2026\/02\/vlcsnap-2026-02-07-21h09m48s685-1536x643.png 1536w, https:\/\/punicacinema.fr\/wp-content\/uploads\/2026\/02\/vlcsnap-2026-02-07-21h09m48s685-600x251.png 600w, https:\/\/punicacinema.fr\/wp-content\/uploads\/2026\/02\/vlcsnap-2026-02-07-21h09m48s685.png 1920w\" sizes=\"(max-width: 1024px) 100vw, 1024px\" \/>\t\t\t\t\t\t\t\t\t\t\t\t\t\t\t<\/div>\n\t\t\t\t<\/div>\n\t\t\t\t\t<\/div>\n\t\t<\/div>\n\t\t\t\t<div class=\"elementor-column elementor-col-66 elementor-top-column elementor-element elementor-element-23dc85b\" data-id=\"23dc85b\" data-element_type=\"column\" data-e-type=\"column\">\n\t\t\t<div class=\"elementor-widget-wrap elementor-element-populated\">\n\t\t\t\t\t\t<div class=\"elementor-element elementor-element-2f2247f elementor-widget-tablet__width-initial elementor-widget elementor-widget-heading\" data-id=\"2f2247f\" data-element_type=\"widget\" data-e-type=\"widget\" data-widget_type=\"heading.default\">\n\t\t\t\t<div class=\"elementor-widget-container\">\n\t\t\t\t\t<h2 class=\"elementor-heading-title elementor-size-default\">LE d\u00e9luge\n<\/h2>\t\t\t\t<\/div>\n\t\t\t\t<\/div>\n\t\t\t\t<div class=\"elementor-element elementor-element-b15991a elementor-widget elementor-widget-text-editor\" data-id=\"b15991a\" data-element_type=\"widget\" data-e-type=\"widget\" data-widget_type=\"text-editor.default\">\n\t\t\t\t<div class=\"elementor-widget-container\">\n\t\t\t\t\t\t\t\t\t<p>UN FILM DE NICOLAS BOULASMA<\/p>\t\t\t\t\t\t\t\t<\/div>\n\t\t\t\t<\/div>\n\t\t\t\t<div class=\"elementor-element elementor-element-8964afe elementor-widget__width-initial elementor-widget-mobile__width-initial elementor-widget elementor-widget-text-editor\" data-id=\"8964afe\" data-element_type=\"widget\" data-e-type=\"widget\" data-widget_type=\"text-editor.default\">\n\t\t\t\t<div class=\"elementor-widget-container\">\n\t\t\t\t\t\t\t\t\t<p>\u00a0<\/p><p>Dans un coll\u00e8ge de Seine-Saint-Denis, Noah, adolescent sans histoires, voit sa vie basculer lorsqu\u2019une vid\u00e9o humiliant sa pudeur circule sur les r\u00e9seaux sociaux.<\/p><p>En quelques heures, tout bascule. Plong\u00e9 entre honte, col\u00e8re et solitude, il lutte contre un harc\u00e8lement implacable\u2026 avant que la violence n\u2019\u00e9clate.<\/p>\t\t\t\t\t\t\t\t<\/div>\n\t\t\t\t<\/div>\n\t\t\t\t\t<\/div>\n\t\t<\/div>\n\t\t\t\t\t<\/div>\n\t\t<\/section>\n\t\t\t\t<section class=\"elementor-section elementor-top-section elementor-element elementor-element-c561702 elementor-section-boxed elementor-section-height-default elementor-section-height-default edgtf-parallax-row-no edgtf-content-aligment-left edgtf-elementor-row-grid-no edgtf-disabled-bg-image-bellow-no\" data-id=\"c561702\" data-element_type=\"section\" data-e-type=\"section\" data-settings=\"{&quot;_ha_eqh_enable&quot;:false}\">\n\t\t\t\t\t\t<div class=\"elementor-container elementor-column-gap-default\">\n\t\t\t\t\t<div class=\"elementor-column elementor-col-100 elementor-top-column elementor-element elementor-element-8d5bd26\" data-id=\"8d5bd26\" data-element_type=\"column\" data-e-type=\"column\">\n\t\t\t<div class=\"elementor-widget-wrap elementor-element-populated\">\n\t\t\t\t\t\t<div class=\"elementor-element elementor-element-6efc892 elementor-widget-divider--view-line elementor-widget elementor-widget-divider\" data-id=\"6efc892\" data-element_type=\"widget\" data-e-type=\"widget\" data-widget_type=\"divider.default\">\n\t\t\t\t<div class=\"elementor-widget-container\">\n\t\t\t\t\t\t\t<div class=\"elementor-divider\">\n\t\t\t<span class=\"elementor-divider-separator\">\n\t\t\t\t\t\t<\/span>\n\t\t<\/div>\n\t\t\t\t\t\t<\/div>\n\t\t\t\t<\/div>\n\t\t\t\t\t<\/div>\n\t\t<\/div>\n\t\t\t\t\t<\/div>\n\t\t<\/section>\n\t\t\t\t<section class=\"elementor-section elementor-top-section elementor-element elementor-element-e8650c2 elementor-section-boxed elementor-section-height-default elementor-section-height-default edgtf-parallax-row-no edgtf-content-aligment-left edgtf-elementor-row-grid-no edgtf-disabled-bg-image-bellow-no\" data-id=\"e8650c2\" data-element_type=\"section\" data-e-type=\"section\" data-settings=\"{&quot;background_background&quot;:&quot;classic&quot;,&quot;_ha_eqh_enable&quot;:false}\">\n\t\t\t\t\t\t<div class=\"elementor-container elementor-column-gap-default\">\n\t\t\t\t\t<div class=\"elementor-column elementor-col-50 elementor-top-column elementor-element elementor-element-5d98d48\" data-id=\"5d98d48\" data-element_type=\"column\" data-e-type=\"column\">\n\t\t\t<div class=\"elementor-widget-wrap elementor-element-populated\">\n\t\t\t\t\t\t<div class=\"elementor-element elementor-element-a4555b6 elementor-widget__width-initial elementor-widget elementor-widget-text-editor\" data-id=\"a4555b6\" data-element_type=\"widget\" data-e-type=\"widget\" data-widget_type=\"text-editor.default\">\n\t\t\t\t<div class=\"elementor-widget-container\">\n\t\t\t\t\t\t\t\t\t<p><strong>SC\u00c9NARISTE ET R\u00c9ALISATEUR :<\/strong> Nicolas BOULASMA<\/p><p><strong>PRODUCTION<\/strong>\u00a0: PUNICA<\/p><p><strong>AVEC LES SOUTIENS DE : <\/strong>Ville de Noisy-le-Grand \/ Le D\u00e9partement de la Seine-Saint-Denis \/ Apes Seqens \/ AMLI Batigere \/ Emma\u00fcs Habitat \/ Seine-Saint-Denis Habitat \/ Service d\u00e9partemental \u00e0 la jeunesse, \u00e0 l\u00a0\u00bbengagement et aux sports<\/p><p><strong>EN COLLABORATIONS AVEC :<\/strong> Les clubs de jeunes du Pav\u00e9 Neuf et du Champy \/ Les MPT de Noisy-le-Grand \/ Le Coll\u00e8ge Victor Hugo de Noisy-le-Grand \/ E-Enfance \/ Les Cr\u00e9ations Androgyne<\/p><p><strong>PRODUCTRICE <\/strong>: Elsa MAROUANI<\/p><p><strong>SORTIE\u00a0<\/strong>: En distribution<\/p><p><strong>DUR\u00c9E <\/strong>: <span class=\"BxUVEf ILfuVd\" lang=\"fr\"><span class=\"hgKElc\">18 <\/span><\/span>min<\/p><p><strong>GENRE\u00a0<\/strong>: Drame \/ Thriller<\/p><p><strong>LANGUE\u00a0<\/strong>: Fran\u00e7aise<\/p>\t\t\t\t\t\t\t\t<\/div>\n\t\t\t\t<\/div>\n\t\t\t\t\t<\/div>\n\t\t<\/div>\n\t\t\t\t<div class=\"elementor-column elementor-col-50 elementor-top-column elementor-element elementor-element-fdd35a5\" data-id=\"fdd35a5\" data-element_type=\"column\" data-e-type=\"column\">\n\t\t\t<div class=\"elementor-widget-wrap elementor-element-populated\">\n\t\t\t\t\t\t<div class=\"elementor-element elementor-element-c8f1cd9 elementor-widget elementor-widget-text-editor\" data-id=\"c8f1cd9\" data-element_type=\"widget\" data-e-type=\"widget\" data-widget_type=\"text-editor.default\">\n\t\t\t\t<div class=\"elementor-widget-container\">\n\t\t\t\t\t\t\t\t\t<p><strong>ACTEUR.ICE.S\u00a0: <\/strong>Ethan-Williams EDIMO DOO \/ Maissane CHERCONNEIX VANACKER \/ Enzo DE JESUS \/ Mamadou BAMBA \/ Solal BABURECK \/ Rayane JABRI \/ Ousmane KONE \/ Keziah ANAWI \/ Maryse BALANGA \/ Rahama N&rsquo;GUENOR \/ Kamil MOHAMED DHOIFFIR \/ Sissy JIA \/ Myriam EL OUAZZANI \/ Dimitri MATKOWSKI \/ Assia SACI \/ Sofiene ANWAR<\/p><p><strong>ASSISTANT.E.S\u00a0R\u00c9ALISATEUR.ICE.S :\u00a0 <\/strong>Cl\u00e9a VERGNAUD \/ Abigaelle LUCHT \/ Jos\u00e9phine MAILLARD \/ Trayati DROUILLETTE<\/p><p><strong>RENFORT MISE NE SC\u00c8NE ET FIGURATION :<\/strong> Anisse BOUKRAA<\/p><p><strong>SCRIPTE :<\/strong> Lisa BILLUART MONET<\/p><p><strong>CHEF OP\u00c9RATEUR<\/strong> : Olivier LUDOT<\/p><p><strong>ASSISTANT CAMERA :<\/strong> Hugo MARGARON \/ Benjamin FAURE<\/p><p><strong>STEADICAMER :<\/strong> Maxime COLTIER \/ Enzo TRULLI<\/p><p><strong>CHEF \u00c9LECTRICIEN :<\/strong> Paul LOSSY<\/p><p><strong>SOUS-CHEF \u00c9LECTRICIEN : <\/strong>Lucas BOUTOILLE<\/p><p><strong>\u00c9LECTRICIENS :<\/strong> Nicolas GUILLAUME \/ Hugo BOUTILLER<\/p><p><strong>CHEFFE MACHINISTE :<\/strong> Juliette PERPINA<\/p><p><strong>MACHINISTE :<\/strong> Victor CAZAL<\/p><p><strong>ING\u00c9NIEUR SON :<\/strong> Olivier LAPORTE<\/p><p><strong>PERCHWOMAN :<\/strong> Coline SCAGLIOLA<\/p><p><strong>CHEFFE D\u00c9CORATRICE : <\/strong>Cl\u00e9mentine BR\u00c9ANT<strong><br \/><\/strong><\/p><p><strong>CHEF COSTUMIER :<\/strong> J\u00e9r\u00e9my GU\u00c9CI MARIN<\/p><p><strong>MAQUILLEUSES-COIFFEUSES :<\/strong> Sofia HADDOUCHE \/ Im\u00e8ne SMAKI<\/p><p><strong>DIRECTRICES DE CASTING :<\/strong> \u00c9milie GLASMAN \/ Romane LEMAITRE<\/p><p><strong>COACHS ACTING :<\/strong> Olivier LE MONTAGNER \/ C\u00e9cilia SOURY<\/p><p><strong>COORDINATEURS CASCADES :<\/strong> Olivier LE MONTAGNER \/ Ryphal MIASSOUNDA<\/p><p><strong>MONTEUR :<\/strong> Marc GURUNG<\/p><p><strong>MONTEUR SON :<\/strong> Julien BRULE<\/p><p><strong>MIXEUR SON :<\/strong> Rapha\u00ebl PRAT<\/p><p><strong>\u00c9TALONNEUR :<\/strong> Hugues DARDART<\/p><p><strong>COMPOSITEUR :<\/strong> Louis CHENU<\/p><p><strong>R\u00c9GISSEUSE G\u00c9N\u00c9RALE : <\/strong>Gillian BATTUS<\/p><p><strong>R\u00c9GISSEUR.SE.S :<\/strong> Sofiane LOUNES \/ Valentine DE CORMIS<\/p><p><strong>PHOTOGRAPHES DE PLATEAU :<\/strong> Florian PUECH \/ Mariam IMAM<\/p>\t\t\t\t\t\t\t\t<\/div>\n\t\t\t\t<\/div>\n\t\t\t\t\t<\/div>\n\t\t<\/div>\n\t\t\t\t\t<\/div>\n\t\t<\/section>\n\t\t\t\t<section class=\"elementor-section elementor-top-section elementor-element elementor-element-3ad2fea elementor-section-stretched elementor-section-boxed elementor-section-height-default elementor-section-height-default edgtf-parallax-row-no edgtf-content-aligment-left edgtf-elementor-row-grid-no edgtf-disabled-bg-image-bellow-no\" data-id=\"3ad2fea\" data-element_type=\"section\" data-e-type=\"section\" data-settings=\"{&quot;background_background&quot;:&quot;classic&quot;,&quot;stretch_section&quot;:&quot;section-stretched&quot;,&quot;_ha_eqh_enable&quot;:false}\">\n\t\t\t\t\t\t<div class=\"elementor-container elementor-column-gap-default\">\n\t\t\t\t\t<div class=\"elementor-column elementor-col-100 elementor-top-column elementor-element elementor-element-dda1e65\" data-id=\"dda1e65\" data-element_type=\"column\" data-e-type=\"column\" data-settings=\"{&quot;background_background&quot;:&quot;classic&quot;}\">\n\t\t\t<div class=\"elementor-widget-wrap elementor-element-populated\">\n\t\t\t\t\t\t<div class=\"elementor-element elementor-element-878665f elementor-widget elementor-widget-heading\" data-id=\"878665f\" data-element_type=\"widget\" data-e-type=\"widget\" data-widget_type=\"heading.default\">\n\t\t\t\t<div class=\"elementor-widget-container\">\n\t\t\t\t\t<h2 class=\"elementor-heading-title elementor-size-large\">m\u00e9dias<\/h2>\t\t\t\t<\/div>\n\t\t\t\t<\/div>\n\t\t\t\t\t<\/div>\n\t\t<\/div>\n\t\t\t\t\t<\/div>\n\t\t<\/section>\n\t\t\t\t<section class=\"elementor-section elementor-top-section elementor-element elementor-element-9cc731b elementor-section-boxed elementor-section-height-default elementor-section-height-default edgtf-parallax-row-no edgtf-content-aligment-left edgtf-elementor-row-grid-no edgtf-disabled-bg-image-bellow-no\" data-id=\"9cc731b\" data-element_type=\"section\" data-e-type=\"section\" data-settings=\"{&quot;background_background&quot;:&quot;classic&quot;,&quot;_ha_eqh_enable&quot;:false}\">\n\t\t\t\t\t\t<div class=\"elementor-container elementor-column-gap-default\">\n\t\t\t\t\t<div class=\"elementor-column elementor-col-100 elementor-top-column elementor-element elementor-element-7fced12\" data-id=\"7fced12\" data-element_type=\"column\" data-e-type=\"column\">\n\t\t\t<div class=\"elementor-widget-wrap elementor-element-populated\">\n\t\t\t\t\t\t<div class=\"elementor-element elementor-element-0d0feae elementor-widget elementor-widget-gallery\" data-id=\"0d0feae\" data-element_type=\"widget\" data-e-type=\"widget\" data-settings=\"{&quot;columns&quot;:3,&quot;gap&quot;:{&quot;unit&quot;:&quot;px&quot;,&quot;size&quot;:20,&quot;sizes&quot;:[]},&quot;gallery_layout&quot;:&quot;masonry&quot;,&quot;lazyload&quot;:&quot;yes&quot;,&quot;columns_tablet&quot;:2,&quot;columns_mobile&quot;:1,&quot;gap_tablet&quot;:{&quot;unit&quot;:&quot;px&quot;,&quot;size&quot;:10,&quot;sizes&quot;:[]},&quot;gap_mobile&quot;:{&quot;unit&quot;:&quot;px&quot;,&quot;size&quot;:10,&quot;sizes&quot;:[]},&quot;link_to&quot;:&quot;file&quot;,&quot;overlay_background&quot;:&quot;yes&quot;,&quot;content_hover_animation&quot;:&quot;fade-in&quot;}\" data-widget_type=\"gallery.default\">\n\t\t\t\t<div class=\"elementor-widget-container\">\n\t\t\t\t\t\t\t<div class=\"elementor-gallery__container\">\n\t\t\t\t\t\t\t<a class=\"e-gallery-item elementor-gallery-item elementor-animated-content\" href=\"https:\/\/punicacinema.fr\/wp-content\/uploads\/2026\/02\/vlcsnap-2026-02-07-21h19m45s077.png\" data-elementor-open-lightbox=\"yes\" data-elementor-lightbox-slideshow=\"0d0feae\" data-elementor-lightbox-title=\"vlcsnap-2026-02-07-21h19m45s077\" data-e-action-hash=\"#elementor-action%3Aaction%3Dlightbox%26settings%3DeyJpZCI6MTU5NjgsInVybCI6Imh0dHBzOlwvXC9wdW5pY2FjaW5lbWEuZnJcL3dwLWNvbnRlbnRcL3VwbG9hZHNcLzIwMjZcLzAyXC92bGNzbmFwLTIwMjYtMDItMDctMjFoMTltNDVzMDc3LnBuZyIsInNsaWRlc2hvdyI6IjBkMGZlYWUifQ%3D%3D\">\n\t\t\t\t\t<div class=\"e-gallery-image elementor-gallery-item__image\" data-thumbnail=\"https:\/\/punicacinema.fr\/wp-content\/uploads\/2026\/02\/vlcsnap-2026-02-07-21h19m45s077-300x126.png\" data-width=\"300\" data-height=\"126\" aria-label=\"\" role=\"img\" ><\/div>\n\t\t\t\t\t\t\t\t\t\t\t<div class=\"elementor-gallery-item__overlay\"><\/div>\n\t\t\t\t\t\t\t\t\t\t\t\t\t\t<\/a>\n\t\t\t\t\t\t\t<a class=\"e-gallery-item elementor-gallery-item elementor-animated-content\" href=\"https:\/\/punicacinema.fr\/wp-content\/uploads\/2026\/02\/vlcsnap-2026-02-07-21h16m32s218.png\" data-elementor-open-lightbox=\"yes\" data-elementor-lightbox-slideshow=\"0d0feae\" data-elementor-lightbox-title=\"vlcsnap-2026-02-07-21h16m32s218\" data-e-action-hash=\"#elementor-action%3Aaction%3Dlightbox%26settings%3DeyJpZCI6MTU5NjUsInVybCI6Imh0dHBzOlwvXC9wdW5pY2FjaW5lbWEuZnJcL3dwLWNvbnRlbnRcL3VwbG9hZHNcLzIwMjZcLzAyXC92bGNzbmFwLTIwMjYtMDItMDctMjFoMTZtMzJzMjE4LnBuZyIsInNsaWRlc2hvdyI6IjBkMGZlYWUifQ%3D%3D\">\n\t\t\t\t\t<div class=\"e-gallery-image elementor-gallery-item__image\" data-thumbnail=\"https:\/\/punicacinema.fr\/wp-content\/uploads\/2026\/02\/vlcsnap-2026-02-07-21h16m32s218-300x126.png\" data-width=\"300\" data-height=\"126\" aria-label=\"\" role=\"img\" ><\/div>\n\t\t\t\t\t\t\t\t\t\t\t<div class=\"elementor-gallery-item__overlay\"><\/div>\n\t\t\t\t\t\t\t\t\t\t\t\t\t\t<\/a>\n\t\t\t\t\t\t\t<a class=\"e-gallery-item elementor-gallery-item elementor-animated-content\" href=\"https:\/\/punicacinema.fr\/wp-content\/uploads\/2026\/02\/vlcsnap-2026-02-07-21h16m49s743.png\" data-elementor-open-lightbox=\"yes\" data-elementor-lightbox-slideshow=\"0d0feae\" data-elementor-lightbox-title=\"vlcsnap-2026-02-07-21h16m49s743\" data-e-action-hash=\"#elementor-action%3Aaction%3Dlightbox%26settings%3DeyJpZCI6MTU5NjYsInVybCI6Imh0dHBzOlwvXC9wdW5pY2FjaW5lbWEuZnJcL3dwLWNvbnRlbnRcL3VwbG9hZHNcLzIwMjZcLzAyXC92bGNzbmFwLTIwMjYtMDItMDctMjFoMTZtNDlzNzQzLnBuZyIsInNsaWRlc2hvdyI6IjBkMGZlYWUifQ%3D%3D\">\n\t\t\t\t\t<div class=\"e-gallery-image elementor-gallery-item__image\" data-thumbnail=\"https:\/\/punicacinema.fr\/wp-content\/uploads\/2026\/02\/vlcsnap-2026-02-07-21h16m49s743-300x126.png\" data-width=\"300\" data-height=\"126\" aria-label=\"\" role=\"img\" ><\/div>\n\t\t\t\t\t\t\t\t\t\t\t<div class=\"elementor-gallery-item__overlay\"><\/div>\n\t\t\t\t\t\t\t\t\t\t\t\t\t\t<\/a>\n\t\t\t\t\t\t\t<a class=\"e-gallery-item elementor-gallery-item elementor-animated-content\" href=\"https:\/\/punicacinema.fr\/wp-content\/uploads\/2026\/03\/vlcsnap-2026-03-17-14h19m47s221.png\" data-elementor-open-lightbox=\"yes\" data-elementor-lightbox-slideshow=\"0d0feae\" data-elementor-lightbox-title=\"vlcsnap-2026-03-17-14h19m47s221\" data-e-action-hash=\"#elementor-action%3Aaction%3Dlightbox%26settings%3DeyJpZCI6MTYwODQsInVybCI6Imh0dHBzOlwvXC9wdW5pY2FjaW5lbWEuZnJcL3dwLWNvbnRlbnRcL3VwbG9hZHNcLzIwMjZcLzAzXC92bGNzbmFwLTIwMjYtMDMtMTctMTRoMTltNDdzMjIxLnBuZyIsInNsaWRlc2hvdyI6IjBkMGZlYWUifQ%3D%3D\">\n\t\t\t\t\t<div class=\"e-gallery-image elementor-gallery-item__image\" data-thumbnail=\"https:\/\/punicacinema.fr\/wp-content\/uploads\/2026\/03\/vlcsnap-2026-03-17-14h19m47s221-300x126.png\" data-width=\"300\" data-height=\"126\" aria-label=\"\" role=\"img\" ><\/div>\n\t\t\t\t\t\t\t\t\t\t\t<div class=\"elementor-gallery-item__overlay\"><\/div>\n\t\t\t\t\t\t\t\t\t\t\t\t\t\t<\/a>\n\t\t\t\t\t\t\t<a class=\"e-gallery-item elementor-gallery-item elementor-animated-content\" href=\"https:\/\/punicacinema.fr\/wp-content\/uploads\/2026\/02\/vlcsnap-2026-02-07-21h15m15s051.png\" data-elementor-open-lightbox=\"yes\" data-elementor-lightbox-slideshow=\"0d0feae\" data-elementor-lightbox-title=\"vlcsnap-2026-02-07-21h15m15s051\" data-e-action-hash=\"#elementor-action%3Aaction%3Dlightbox%26settings%3DeyJpZCI6MTU5NjQsInVybCI6Imh0dHBzOlwvXC9wdW5pY2FjaW5lbWEuZnJcL3dwLWNvbnRlbnRcL3VwbG9hZHNcLzIwMjZcLzAyXC92bGNzbmFwLTIwMjYtMDItMDctMjFoMTVtMTVzMDUxLnBuZyIsInNsaWRlc2hvdyI6IjBkMGZlYWUifQ%3D%3D\">\n\t\t\t\t\t<div class=\"e-gallery-image elementor-gallery-item__image\" data-thumbnail=\"https:\/\/punicacinema.fr\/wp-content\/uploads\/2026\/02\/vlcsnap-2026-02-07-21h15m15s051-300x126.png\" data-width=\"300\" data-height=\"126\" aria-label=\"\" role=\"img\" ><\/div>\n\t\t\t\t\t\t\t\t\t\t\t<div class=\"elementor-gallery-item__overlay\"><\/div>\n\t\t\t\t\t\t\t\t\t\t\t\t\t\t<\/a>\n\t\t\t\t\t\t\t<a class=\"e-gallery-item elementor-gallery-item elementor-animated-content\" href=\"https:\/\/punicacinema.fr\/wp-content\/uploads\/2026\/03\/vlcsnap-2026-03-17-14h22m20s238.png\" data-elementor-open-lightbox=\"yes\" data-elementor-lightbox-slideshow=\"0d0feae\" data-elementor-lightbox-title=\"vlcsnap-2026-03-17-14h22m20s238\" data-e-action-hash=\"#elementor-action%3Aaction%3Dlightbox%26settings%3DeyJpZCI6MTYwODUsInVybCI6Imh0dHBzOlwvXC9wdW5pY2FjaW5lbWEuZnJcL3dwLWNvbnRlbnRcL3VwbG9hZHNcLzIwMjZcLzAzXC92bGNzbmFwLTIwMjYtMDMtMTctMTRoMjJtMjBzMjM4LnBuZyIsInNsaWRlc2hvdyI6IjBkMGZlYWUifQ%3D%3D\">\n\t\t\t\t\t<div class=\"e-gallery-image elementor-gallery-item__image\" data-thumbnail=\"https:\/\/punicacinema.fr\/wp-content\/uploads\/2026\/03\/vlcsnap-2026-03-17-14h22m20s238-300x126.png\" data-width=\"300\" data-height=\"126\" aria-label=\"\" role=\"img\" ><\/div>\n\t\t\t\t\t\t\t\t\t\t\t<div class=\"elementor-gallery-item__overlay\"><\/div>\n\t\t\t\t\t\t\t\t\t\t\t\t\t\t<\/a>\n\t\t\t\t\t\t\t<a class=\"e-gallery-item elementor-gallery-item elementor-animated-content\" href=\"https:\/\/punicacinema.fr\/wp-content\/uploads\/2026\/02\/vlcsnap-2026-02-07-21h17m17s909.png\" data-elementor-open-lightbox=\"yes\" data-elementor-lightbox-slideshow=\"0d0feae\" data-elementor-lightbox-title=\"vlcsnap-2026-02-07-21h17m17s909\" data-e-action-hash=\"#elementor-action%3Aaction%3Dlightbox%26settings%3DeyJpZCI6MTU5NjcsInVybCI6Imh0dHBzOlwvXC9wdW5pY2FjaW5lbWEuZnJcL3dwLWNvbnRlbnRcL3VwbG9hZHNcLzIwMjZcLzAyXC92bGNzbmFwLTIwMjYtMDItMDctMjFoMTdtMTdzOTA5LnBuZyIsInNsaWRlc2hvdyI6IjBkMGZlYWUifQ%3D%3D\">\n\t\t\t\t\t<div class=\"e-gallery-image elementor-gallery-item__image\" data-thumbnail=\"https:\/\/punicacinema.fr\/wp-content\/uploads\/2026\/02\/vlcsnap-2026-02-07-21h17m17s909-300x126.png\" data-width=\"300\" data-height=\"126\" aria-label=\"\" role=\"img\" ><\/div>\n\t\t\t\t\t\t\t\t\t\t\t<div class=\"elementor-gallery-item__overlay\"><\/div>\n\t\t\t\t\t\t\t\t\t\t\t\t\t\t<\/a>\n\t\t\t\t\t<\/div>\n\t\t\t\t\t<\/div>\n\t\t\t\t<\/div>\n\t\t\t\t\t<\/div>\n\t\t<\/div>\n\t\t\t\t\t<\/div>\n\t\t<\/section>\n\t\t\t\t<\/div>\n\t\t","protected":false},"excerpt":{"rendered":"<p>LE d\u00e9luge UN FILM DE NICOLAS BOULASMA \u00a0 Dans un coll\u00e8ge de Seine-Saint-Denis, Noah, adolescent sans histoires, [&hellip;]<\/p>\n","protected":false},"author":1,"featured_media":7075,"parent":0,"menu_order":0,"comment_status":"closed","ping_status":"closed","template":"elementor_header_footer","meta":{"footnotes":""},"class_list":["post-15595","page","type-page","status-publish","has-post-thumbnail","hentry"],"_links":{"self":[{"href":"https:\/\/punicacinema.fr\/index.php?rest_route=\/wp\/v2\/pages\/15595","targetHints":{"allow":["GET"]}}],"collection":[{"href":"https:\/\/punicacinema.fr\/index.php?rest_route=\/wp\/v2\/pages"}],"about":[{"href":"https:\/\/punicacinema.fr\/index.php?rest_route=\/wp\/v2\/types\/page"}],"author":[{"embeddable":true,"href":"https:\/\/punicacinema.fr\/index.php?rest_route=\/wp\/v2\/users\/1"}],"replies":[{"embeddable":true,"href":"https:\/\/punicacinema.fr\/index.php?rest_route=%2Fwp%2Fv2%2Fcomments&post=15595"}],"version-history":[{"count":58,"href":"https:\/\/punicacinema.fr\/index.php?rest_route=\/wp\/v2\/pages\/15595\/revisions"}],"predecessor-version":[{"id":16089,"href":"https:\/\/punicacinema.fr\/index.php?rest_route=\/wp\/v2\/pages\/15595\/revisions\/16089"}],"wp:featuredmedia":[{"embeddable":true,"href":"https:\/\/punicacinema.fr\/index.php?rest_route=\/wp\/v2\/media\/7075"}],"wp:attachment":[{"href":"https:\/\/punicacinema.fr\/index.php?rest_route=%2Fwp%2Fv2%2Fmedia&parent=15595"}],"curies":[{"name":"wp","href":"https:\/\/api.w.org\/{rel}","templated":true}]}}