{"id":15585,"date":"2025-03-14T03:15:03","date_gmt":"2025-03-14T02:15:03","guid":{"rendered":"https:\/\/punicacinema.fr\/?page_id=15585"},"modified":"2025-04-12T04:27:25","modified_gmt":"2025-04-12T02:27:25","slug":"all-i-need","status":"publish","type":"page","link":"https:\/\/punicacinema.fr\/?page_id=15585","title":{"rendered":"All i need"},"content":{"rendered":"\t\t<div data-elementor-type=\"wp-page\" data-elementor-id=\"15585\" class=\"elementor elementor-15585\" data-elementor-settings=\"{&quot;ha_cmc_init_switcher&quot;:&quot;no&quot;}\" data-elementor-post-type=\"page\">\n\t\t\t\t\t\t<section class=\"elementor-section elementor-top-section elementor-element elementor-element-d125019 elementor-section-stretched elementor-section-boxed elementor-section-height-default elementor-section-height-default edgtf-parallax-row-no edgtf-content-aligment-left edgtf-elementor-row-grid-no edgtf-disabled-bg-image-bellow-no\" data-id=\"d125019\" data-element_type=\"section\" data-e-type=\"section\" data-settings=\"{&quot;stretch_section&quot;:&quot;section-stretched&quot;,&quot;_ha_eqh_enable&quot;:false}\">\n\t\t\t\t\t\t<div class=\"elementor-container elementor-column-gap-default\">\n\t\t\t\t\t<div class=\"elementor-column elementor-col-100 elementor-top-column elementor-element elementor-element-2aaf11e\" data-id=\"2aaf11e\" data-element_type=\"column\" data-e-type=\"column\">\n\t\t\t<div class=\"elementor-widget-wrap elementor-element-populated\">\n\t\t\t\t\t\t<div class=\"elementor-element elementor-element-a29d4b2 elementor-widget elementor-widget-image\" data-id=\"a29d4b2\" data-element_type=\"widget\" data-e-type=\"widget\" data-widget_type=\"image.default\">\n\t\t\t\t<div class=\"elementor-widget-container\">\n\t\t\t\t\t\t\t\t\t\t\t\t\t\t\t<img fetchpriority=\"high\" decoding=\"async\" width=\"2130\" height=\"1180\" src=\"https:\/\/punicacinema.fr\/wp-content\/uploads\/2025\/02\/103431409.png\" class=\"attachment-full size-full wp-image-15475\" alt=\"\" srcset=\"https:\/\/punicacinema.fr\/wp-content\/uploads\/2025\/02\/103431409.png 2130w, https:\/\/punicacinema.fr\/wp-content\/uploads\/2025\/02\/103431409-300x166.png 300w, https:\/\/punicacinema.fr\/wp-content\/uploads\/2025\/02\/103431409-1024x567.png 1024w, https:\/\/punicacinema.fr\/wp-content\/uploads\/2025\/02\/103431409-768x425.png 768w, https:\/\/punicacinema.fr\/wp-content\/uploads\/2025\/02\/103431409-1536x851.png 1536w, https:\/\/punicacinema.fr\/wp-content\/uploads\/2025\/02\/103431409-600x332.png 600w\" sizes=\"(max-width: 2130px) 100vw, 2130px\" \/>\t\t\t\t\t\t\t\t\t\t\t\t\t\t\t<\/div>\n\t\t\t\t<\/div>\n\t\t\t\t\t<\/div>\n\t\t<\/div>\n\t\t\t\t\t<\/div>\n\t\t<\/section>\n\t\t\t\t<section class=\"elementor-section elementor-top-section elementor-element elementor-element-fb0c918 elementor-section-boxed elementor-section-height-default elementor-section-height-default edgtf-parallax-row-no edgtf-content-aligment-left edgtf-elementor-row-grid-no edgtf-disabled-bg-image-bellow-no\" data-id=\"fb0c918\" data-element_type=\"section\" data-e-type=\"section\" data-settings=\"{&quot;_ha_eqh_enable&quot;:false}\">\n\t\t\t\t\t\t<div class=\"elementor-container elementor-column-gap-default\">\n\t\t\t\t\t<div class=\"elementor-column elementor-col-33 elementor-top-column elementor-element elementor-element-b8ee133\" data-id=\"b8ee133\" data-element_type=\"column\" data-e-type=\"column\">\n\t\t\t<div class=\"elementor-widget-wrap elementor-element-populated\">\n\t\t\t\t\t\t<div class=\"elementor-element elementor-element-8b51b15 elementor-widget elementor-widget-image\" data-id=\"8b51b15\" data-element_type=\"widget\" data-e-type=\"widget\" data-widget_type=\"image.default\">\n\t\t\t\t<div class=\"elementor-widget-container\">\n\t\t\t\t\t\t\t\t\t\t\t\t\t\t\t<img decoding=\"async\" width=\"767\" height=\"1024\" src=\"https:\/\/punicacinema.fr\/wp-content\/uploads\/2025\/04\/WhatsApp-Image-2025-03-24-a-20.05.04_2783be17-767x1024.jpg\" class=\"attachment-large size-large wp-image-15727\" alt=\"\" srcset=\"https:\/\/punicacinema.fr\/wp-content\/uploads\/2025\/04\/WhatsApp-Image-2025-03-24-a-20.05.04_2783be17-767x1024.jpg 767w, https:\/\/punicacinema.fr\/wp-content\/uploads\/2025\/04\/WhatsApp-Image-2025-03-24-a-20.05.04_2783be17-225x300.jpg 225w, https:\/\/punicacinema.fr\/wp-content\/uploads\/2025\/04\/WhatsApp-Image-2025-03-24-a-20.05.04_2783be17-768x1025.jpg 768w, https:\/\/punicacinema.fr\/wp-content\/uploads\/2025\/04\/WhatsApp-Image-2025-03-24-a-20.05.04_2783be17-1151x1536.jpg 1151w, https:\/\/punicacinema.fr\/wp-content\/uploads\/2025\/04\/WhatsApp-Image-2025-03-24-a-20.05.04_2783be17-600x801.jpg 600w, https:\/\/punicacinema.fr\/wp-content\/uploads\/2025\/04\/WhatsApp-Image-2025-03-24-a-20.05.04_2783be17.jpg 1199w\" sizes=\"(max-width: 767px) 100vw, 767px\" \/>\t\t\t\t\t\t\t\t\t\t\t\t\t\t\t<\/div>\n\t\t\t\t<\/div>\n\t\t\t\t\t<\/div>\n\t\t<\/div>\n\t\t\t\t<div class=\"elementor-column elementor-col-66 elementor-top-column elementor-element elementor-element-3217b15\" data-id=\"3217b15\" data-element_type=\"column\" data-e-type=\"column\">\n\t\t\t<div class=\"elementor-widget-wrap elementor-element-populated\">\n\t\t\t\t\t\t<div class=\"elementor-element elementor-element-57a044c elementor-widget-tablet__width-initial elementor-widget elementor-widget-heading\" data-id=\"57a044c\" data-element_type=\"widget\" data-e-type=\"widget\" data-widget_type=\"heading.default\">\n\t\t\t\t<div class=\"elementor-widget-container\">\n\t\t\t\t\t<h2 class=\"elementor-heading-title elementor-size-default\">ALL I NEED\n<\/h2>\t\t\t\t<\/div>\n\t\t\t\t<\/div>\n\t\t\t\t<div class=\"elementor-element elementor-element-7b66bbe elementor-widget elementor-widget-text-editor\" data-id=\"7b66bbe\" data-element_type=\"widget\" data-e-type=\"widget\" data-widget_type=\"text-editor.default\">\n\t\t\t\t<div class=\"elementor-widget-container\">\n\t\t\t\t\t\t\t\t\t<p>UN FILM DE KATIA SPIVAKOVA<\/p>\t\t\t\t\t\t\t\t<\/div>\n\t\t\t\t<\/div>\n\t\t\t\t<div class=\"elementor-element elementor-element-adfa4f3 elementor-widget__width-initial elementor-widget-mobile__width-initial elementor-widget elementor-widget-text-editor\" data-id=\"adfa4f3\" data-element_type=\"widget\" data-e-type=\"widget\" data-widget_type=\"text-editor.default\">\n\t\t\t\t<div class=\"elementor-widget-container\">\n\t\t\t\t\t\t\t\t\t<p>Une femme retourne dans sa maison d&rsquo;enfance apr\u00e8s une \u00e9vacuation. Alors qu&rsquo;elle tente de sauver les derniers vestiges de son pass\u00e9, elle se souvient de l&rsquo;histoire de survie de son anc\u00eatre lors du g\u00e9nocide arm\u00e9nien, il y a 100 ans.<\/p>\t\t\t\t\t\t\t\t<\/div>\n\t\t\t\t<\/div>\n\t\t\t\t\t<\/div>\n\t\t<\/div>\n\t\t\t\t\t<\/div>\n\t\t<\/section>\n\t\t\t\t<section class=\"elementor-section elementor-top-section elementor-element elementor-element-c561702 elementor-section-boxed elementor-section-height-default elementor-section-height-default edgtf-parallax-row-no edgtf-content-aligment-left edgtf-elementor-row-grid-no edgtf-disabled-bg-image-bellow-no\" data-id=\"c561702\" data-element_type=\"section\" data-e-type=\"section\" data-settings=\"{&quot;_ha_eqh_enable&quot;:false}\">\n\t\t\t\t\t\t<div class=\"elementor-container elementor-column-gap-default\">\n\t\t\t\t\t<div class=\"elementor-column elementor-col-100 elementor-top-column elementor-element elementor-element-8d5bd26\" data-id=\"8d5bd26\" data-element_type=\"column\" data-e-type=\"column\">\n\t\t\t<div class=\"elementor-widget-wrap elementor-element-populated\">\n\t\t\t\t\t\t<div class=\"elementor-element elementor-element-6efc892 elementor-widget-divider--view-line elementor-widget elementor-widget-divider\" data-id=\"6efc892\" data-element_type=\"widget\" data-e-type=\"widget\" data-widget_type=\"divider.default\">\n\t\t\t\t<div class=\"elementor-widget-container\">\n\t\t\t\t\t\t\t<div class=\"elementor-divider\">\n\t\t\t<span class=\"elementor-divider-separator\">\n\t\t\t\t\t\t<\/span>\n\t\t<\/div>\n\t\t\t\t\t\t<\/div>\n\t\t\t\t<\/div>\n\t\t\t\t\t<\/div>\n\t\t<\/div>\n\t\t\t\t\t<\/div>\n\t\t<\/section>\n\t\t\t\t<section class=\"elementor-section elementor-top-section elementor-element elementor-element-e8650c2 elementor-section-boxed elementor-section-height-default elementor-section-height-default edgtf-parallax-row-no edgtf-content-aligment-left edgtf-elementor-row-grid-no edgtf-disabled-bg-image-bellow-no\" data-id=\"e8650c2\" data-element_type=\"section\" data-e-type=\"section\" data-settings=\"{&quot;background_background&quot;:&quot;classic&quot;,&quot;_ha_eqh_enable&quot;:false}\">\n\t\t\t\t\t\t<div class=\"elementor-container elementor-column-gap-default\">\n\t\t\t\t\t<div class=\"elementor-column elementor-col-50 elementor-top-column elementor-element elementor-element-5d98d48\" data-id=\"5d98d48\" data-element_type=\"column\" data-e-type=\"column\">\n\t\t\t<div class=\"elementor-widget-wrap elementor-element-populated\">\n\t\t\t\t\t\t<div class=\"elementor-element elementor-element-a4555b6 elementor-widget__width-initial elementor-widget elementor-widget-text-editor\" data-id=\"a4555b6\" data-element_type=\"widget\" data-e-type=\"widget\" data-widget_type=\"text-editor.default\">\n\t\t\t\t<div class=\"elementor-widget-container\">\n\t\t\t\t\t\t\t\t\t<p><strong>SC\u00c9NARISTES :<\/strong> Katia SPIVAKOVA \/ Tatiana SPIVAKOVA<\/p><p><strong>R\u00c9ALISATRICE:<\/strong> Katia SPIVAKOVA<\/p><p><strong>PRODUCTION<\/strong>\u00a0: PUNICA<\/p><p><strong>EN ASSOCIATION AVEC : <\/strong>HAPPY CAT MEDIA<\/p><p><strong>AVEC LE SOUTIEN DE : <\/strong>ARDSHINBANK \/ LUYS FOUNDATION \/ AGBU<\/p><p><strong>PRODUCTRICE <\/strong>: Elsa MAROUANI<\/p><p><strong>PRODUCTEUR.ICE.S ASSOCI\u00c9.E.S<\/strong> : Tatiana SPIVAKOVA \/ Katia SPIVAKOVA<\/p><p><strong>SORTIE\u00a0<\/strong>: Mars 2025<\/p><p><strong>DUR\u00c9E <\/strong>: 11 min<\/p><p><strong>GENRE\u00a0<\/strong>: Drame<\/p><p><strong>LANGUE\u00a0<\/strong>: Arm\u00e9nienne<\/p><p><strong>FESTIVAL :<\/strong> Short Film Corner Cannes 2025<\/p>\t\t\t\t\t\t\t\t<\/div>\n\t\t\t\t<\/div>\n\t\t\t\t\t<\/div>\n\t\t<\/div>\n\t\t\t\t<div class=\"elementor-column elementor-col-50 elementor-top-column elementor-element elementor-element-fdd35a5\" data-id=\"fdd35a5\" data-element_type=\"column\" data-e-type=\"column\">\n\t\t\t<div class=\"elementor-widget-wrap elementor-element-populated\">\n\t\t\t\t\t\t<div class=\"elementor-element elementor-element-c8f1cd9 elementor-widget elementor-widget-text-editor\" data-id=\"c8f1cd9\" data-element_type=\"widget\" data-e-type=\"widget\" data-widget_type=\"text-editor.default\">\n\t\t\t\t<div class=\"elementor-widget-container\">\n\t\t\t\t\t\t\t\t\t<p><strong>ACTEUR.ICE.S\u00a0: <\/strong>Tatiana SPIVAKOVA<\/p><p><strong>CHEF OP\u00c9RATEUR<\/strong> : Suren TADEVOSYAN<\/p><p><strong>PREMIER ASSISTANT CAMERA <\/strong>: Mnatsakan YEPRIKYAN<\/p><p><strong>SECOND ASSISTANT CAMERA <\/strong>: Nare BAGHDASARYAN<\/p><p><strong>CHEF \u00c9LECTRO :<\/strong> Sevak MKHOYAN<\/p><p><strong>ING\u00c9NIEUR SON<\/strong> : Edgar HAKOBYAN<\/p><p><strong>CHEFFE<\/strong> <strong>COSTUMI\u00c8RE<\/strong> : Helen TITANYAN<\/p><p><strong>COIFFEUSE ET MAQUILLEUSE : <\/strong>Zarina KARAKHANOVA<\/p><p><strong>ASSISTANTE MAQUILLEUSE<\/strong> : Narine KHACHATRYAN<\/p><p><strong>MONTAGE<\/strong> : Katia SPIVAKOVA<\/p><p><strong>\u00c9TALONNAGE<\/strong> : Marshall PLANTE<\/p><p><strong>EFFETS VISUELS :<\/strong> 351 STUDIO<\/p><p><strong>MIXAGE SON<\/strong> : Joseph POMARICO \/ Ryan DOYLE<\/p><p><strong>PHOTOGRAPHE DE PLATEAU :<\/strong> Geoffrey POSADA SERGUIER<\/p><p><strong>GRAPHISTE <\/strong>: Samuel RICHARD<\/p><p><strong>MUSIQUE<\/strong> : ANNA KOVA \/ FULL GREEN<\/p><p><strong>MUSICIEN :<\/strong> Arsen PETROSYAN \/ SPLICE SOUNDS \/ Simeon PETROV<\/p><p><strong>TRADUCTION :<\/strong> Bachar MAL-KHALIF\u00c9<\/p>\t\t\t\t\t\t\t\t<\/div>\n\t\t\t\t<\/div>\n\t\t\t\t\t<\/div>\n\t\t<\/div>\n\t\t\t\t\t<\/div>\n\t\t<\/section>\n\t\t\t\t<section class=\"elementor-section elementor-top-section elementor-element elementor-element-3ad2fea elementor-section-stretched elementor-section-boxed elementor-section-height-default elementor-section-height-default edgtf-parallax-row-no edgtf-content-aligment-left edgtf-elementor-row-grid-no edgtf-disabled-bg-image-bellow-no\" data-id=\"3ad2fea\" data-element_type=\"section\" data-e-type=\"section\" data-settings=\"{&quot;background_background&quot;:&quot;classic&quot;,&quot;stretch_section&quot;:&quot;section-stretched&quot;,&quot;_ha_eqh_enable&quot;:false}\">\n\t\t\t\t\t\t<div class=\"elementor-container elementor-column-gap-default\">\n\t\t\t\t\t<div class=\"elementor-column elementor-col-100 elementor-top-column elementor-element elementor-element-dda1e65\" data-id=\"dda1e65\" data-element_type=\"column\" data-e-type=\"column\" data-settings=\"{&quot;background_background&quot;:&quot;classic&quot;}\">\n\t\t\t<div class=\"elementor-widget-wrap elementor-element-populated\">\n\t\t\t\t\t\t<div class=\"elementor-element elementor-element-878665f elementor-widget elementor-widget-heading\" data-id=\"878665f\" data-element_type=\"widget\" data-e-type=\"widget\" data-widget_type=\"heading.default\">\n\t\t\t\t<div class=\"elementor-widget-container\">\n\t\t\t\t\t<h2 class=\"elementor-heading-title elementor-size-large\">m\u00e9dias<\/h2>\t\t\t\t<\/div>\n\t\t\t\t<\/div>\n\t\t\t\t\t<\/div>\n\t\t<\/div>\n\t\t\t\t\t<\/div>\n\t\t<\/section>\n\t\t\t\t<\/div>\n\t\t","protected":false},"excerpt":{"rendered":"<p>ALL I NEED UN FILM DE KATIA SPIVAKOVA Une femme retourne dans sa maison d&rsquo;enfance apr\u00e8s une [&hellip;]<\/p>\n","protected":false},"author":1,"featured_media":7075,"parent":0,"menu_order":0,"comment_status":"closed","ping_status":"closed","template":"elementor_header_footer","meta":{"footnotes":""},"class_list":["post-15585","page","type-page","status-publish","has-post-thumbnail","hentry"],"_links":{"self":[{"href":"https:\/\/punicacinema.fr\/index.php?rest_route=\/wp\/v2\/pages\/15585","targetHints":{"allow":["GET"]}}],"collection":[{"href":"https:\/\/punicacinema.fr\/index.php?rest_route=\/wp\/v2\/pages"}],"about":[{"href":"https:\/\/punicacinema.fr\/index.php?rest_route=\/wp\/v2\/types\/page"}],"author":[{"embeddable":true,"href":"https:\/\/punicacinema.fr\/index.php?rest_route=\/wp\/v2\/users\/1"}],"replies":[{"embeddable":true,"href":"https:\/\/punicacinema.fr\/index.php?rest_route=%2Fwp%2Fv2%2Fcomments&post=15585"}],"version-history":[{"count":7,"href":"https:\/\/punicacinema.fr\/index.php?rest_route=\/wp\/v2\/pages\/15585\/revisions"}],"predecessor-version":[{"id":15730,"href":"https:\/\/punicacinema.fr\/index.php?rest_route=\/wp\/v2\/pages\/15585\/revisions\/15730"}],"wp:featuredmedia":[{"embeddable":true,"href":"https:\/\/punicacinema.fr\/index.php?rest_route=\/wp\/v2\/media\/7075"}],"wp:attachment":[{"href":"https:\/\/punicacinema.fr\/index.php?rest_route=%2Fwp%2Fv2%2Fmedia&parent=15585"}],"curies":[{"name":"wp","href":"https:\/\/api.w.org\/{rel}","templated":true}]}}