{"id":12518,"date":"2024-01-31T00:06:48","date_gmt":"2024-01-30T23:06:48","guid":{"rendered":"https:\/\/punicacinema.fr\/?page_id=12518"},"modified":"2024-12-25T02:52:27","modified_gmt":"2024-12-25T01:52:27","slug":"retrouvez-nous-lors-de-la-46eme-edition-du-festival-de-clermont-ferrand","status":"publish","type":"page","link":"https:\/\/punicacinema.fr\/?page_id=12518","title":{"rendered":"RETROUVEZ-NOUS LORS DE LA 46\u00e8me \u00c9DITION DU FESTIVAL DE CLERMONT-FERRAND"},"content":{"rendered":"\t\t<div data-elementor-type=\"wp-page\" data-elementor-id=\"12518\" class=\"elementor elementor-12518\" data-elementor-settings=\"{&quot;ha_cmc_init_switcher&quot;:&quot;no&quot;}\" data-elementor-post-type=\"page\">\n\t\t\t\t\t\t<section class=\"elementor-section elementor-top-section elementor-element elementor-element-061dbf4 elementor-section-boxed elementor-section-height-default elementor-section-height-default edgtf-parallax-row-no edgtf-content-aligment-left edgtf-elementor-row-grid-no edgtf-disabled-bg-image-bellow-no\" data-id=\"061dbf4\" data-element_type=\"section\" data-e-type=\"section\" data-settings=\"{&quot;_ha_eqh_enable&quot;:false}\">\n\t\t\t\t\t\t<div class=\"elementor-container elementor-column-gap-default\">\n\t\t\t\t\t<div class=\"elementor-column elementor-col-100 elementor-top-column elementor-element elementor-element-90c8509\" data-id=\"90c8509\" data-element_type=\"column\" data-e-type=\"column\" data-settings=\"{&quot;background_background&quot;:&quot;classic&quot;}\">\n\t\t\t<div class=\"elementor-widget-wrap elementor-element-populated\">\n\t\t\t\t\t\t<div class=\"elementor-element elementor-element-e3cb568 elementor-widget elementor-widget-heading\" data-id=\"e3cb568\" data-element_type=\"widget\" data-e-type=\"widget\" data-widget_type=\"heading.default\">\n\t\t\t\t<div class=\"elementor-widget-container\">\n\t\t\t\t\t<h3 class=\"elementor-heading-title elementor-size-large\">RETROUVEZ-NOUS LORS DE LA \n46\u00e8me \u00e9dition du festival de clermont-ferrand<\/h3>\t\t\t\t<\/div>\n\t\t\t\t<\/div>\n\t\t\t\t\t<\/div>\n\t\t<\/div>\n\t\t\t\t\t<\/div>\n\t\t<\/section>\n\t\t\t\t<section class=\"elementor-section elementor-top-section elementor-element elementor-element-7ae3ec6 elementor-section-stretched elementor-section-boxed elementor-section-height-default elementor-section-height-default edgtf-parallax-row-no edgtf-content-aligment-left edgtf-elementor-row-grid-no edgtf-disabled-bg-image-bellow-no\" data-id=\"7ae3ec6\" data-element_type=\"section\" data-e-type=\"section\" data-settings=\"{&quot;stretch_section&quot;:&quot;section-stretched&quot;,&quot;_ha_eqh_enable&quot;:false}\">\n\t\t\t\t\t\t<div class=\"elementor-container elementor-column-gap-wider\">\n\t\t\t\t\t<div class=\"elementor-column elementor-col-100 elementor-top-column elementor-element elementor-element-a8f9e48\" data-id=\"a8f9e48\" data-element_type=\"column\" data-e-type=\"column\">\n\t\t\t<div class=\"elementor-widget-wrap\">\n\t\t\t\t\t\t\t<\/div>\n\t\t<\/div>\n\t\t\t\t\t<\/div>\n\t\t<\/section>\n\t\t\t\t<section class=\"elementor-section elementor-top-section elementor-element elementor-element-2fe8358 elementor-section-boxed elementor-section-height-default elementor-section-height-default edgtf-parallax-row-no edgtf-content-aligment-left edgtf-elementor-row-grid-no edgtf-disabled-bg-image-bellow-no\" data-id=\"2fe8358\" data-element_type=\"section\" data-e-type=\"section\" data-settings=\"{&quot;_ha_eqh_enable&quot;:false}\">\n\t\t\t\t\t\t<div class=\"elementor-container elementor-column-gap-default\">\n\t\t\t\t\t<div class=\"elementor-column elementor-col-100 elementor-top-column elementor-element elementor-element-2f2f5fa\" data-id=\"2f2f5fa\" data-element_type=\"column\" data-e-type=\"column\">\n\t\t\t<div class=\"elementor-widget-wrap elementor-element-populated\">\n\t\t\t\t\t\t<div class=\"elementor-element elementor-element-45be0c7 elementor-widget elementor-widget-image\" data-id=\"45be0c7\" data-element_type=\"widget\" data-e-type=\"widget\" data-widget_type=\"image.default\">\n\t\t\t\t<div class=\"elementor-widget-container\">\n\t\t\t\t\t\t\t\t\t\t\t\t\t\t\t<img fetchpriority=\"high\" decoding=\"async\" width=\"768\" height=\"768\" src=\"https:\/\/punicacinema.fr\/wp-content\/uploads\/2024\/01\/R-E-N-D-E-Z-V-O-U-S--768x768.png\" class=\"attachment-medium_large size-medium_large wp-image-12523\" alt=\"\" srcset=\"https:\/\/punicacinema.fr\/wp-content\/uploads\/2024\/01\/R-E-N-D-E-Z-V-O-U-S--768x768.png 768w, https:\/\/punicacinema.fr\/wp-content\/uploads\/2024\/01\/R-E-N-D-E-Z-V-O-U-S--300x300.png 300w, https:\/\/punicacinema.fr\/wp-content\/uploads\/2024\/01\/R-E-N-D-E-Z-V-O-U-S--1024x1024.png 1024w, https:\/\/punicacinema.fr\/wp-content\/uploads\/2024\/01\/R-E-N-D-E-Z-V-O-U-S--150x150.png 150w, https:\/\/punicacinema.fr\/wp-content\/uploads\/2024\/01\/R-E-N-D-E-Z-V-O-U-S--700x700.png 700w, https:\/\/punicacinema.fr\/wp-content\/uploads\/2024\/01\/R-E-N-D-E-Z-V-O-U-S--550x550.png 550w, https:\/\/punicacinema.fr\/wp-content\/uploads\/2024\/01\/R-E-N-D-E-Z-V-O-U-S--650x650.png 650w, https:\/\/punicacinema.fr\/wp-content\/uploads\/2024\/01\/R-E-N-D-E-Z-V-O-U-S--600x600.png 600w, https:\/\/punicacinema.fr\/wp-content\/uploads\/2024\/01\/R-E-N-D-E-Z-V-O-U-S--100x100.png 100w, https:\/\/punicacinema.fr\/wp-content\/uploads\/2024\/01\/R-E-N-D-E-Z-V-O-U-S-.png 1080w\" sizes=\"(max-width: 768px) 100vw, 768px\" \/>\t\t\t\t\t\t\t\t\t\t\t\t\t\t\t<\/div>\n\t\t\t\t<\/div>\n\t\t\t\t\t<\/div>\n\t\t<\/div>\n\t\t\t\t\t<\/div>\n\t\t<\/section>\n\t\t\t\t<section class=\"elementor-section elementor-top-section elementor-element elementor-element-8b404e2 elementor-section-boxed elementor-section-height-default elementor-section-height-default edgtf-parallax-row-no edgtf-content-aligment-left edgtf-elementor-row-grid-no edgtf-disabled-bg-image-bellow-no\" data-id=\"8b404e2\" data-element_type=\"section\" data-e-type=\"section\" data-settings=\"{&quot;_ha_eqh_enable&quot;:false}\">\n\t\t\t\t\t\t<div class=\"elementor-container elementor-column-gap-default\">\n\t\t\t\t\t<div class=\"elementor-column elementor-col-100 elementor-top-column elementor-element elementor-element-efc666c\" data-id=\"efc666c\" data-element_type=\"column\" data-e-type=\"column\">\n\t\t\t<div class=\"elementor-widget-wrap elementor-element-populated\">\n\t\t\t\t\t\t<div class=\"elementor-element elementor-element-6ce2c38 elementor-widget elementor-widget-text-editor\" data-id=\"6ce2c38\" data-element_type=\"widget\" data-e-type=\"widget\" data-widget_type=\"text-editor.default\">\n\t\t\t\t<div class=\"elementor-widget-container\">\n\t\t\t\t\t\t\t\t\t<div class=\"x1h91t0o xkh2ocl x78zum5 xdt5ytf x13a6bvl x1r145dm\" role=\"none\"><div class=\"x78zum5 xh8yej3\" role=\"none\"><div class=\"x78zum5 xdt5ytf x193iq5w x1n2onr6 xuk3077\"><div class=\"x78zum5 xh8yej3\" role=\"none\"><div class=\"x1tlxs6b x1g8br2z x1gn5b1j x230xth x14ctfv x1okitfd x6ikm8r x10wlt62 x1mzt3pk x1y1aw1k xn6708d xwib8y2 x1ye3gou x1n2onr6 x13faqbe x1vjfegm\" role=\"none\"><p class=\"_aacl _aaco _aacu _aacx _aad7 _aade\" dir=\"auto\">\u2728\ud83c\udf7f\ud83c\udf9e\ufe0f Nous serons pr\u00e9sents lors de la 46\u00e8me \u00e9dition du <strong><em>Festival de Clermont-Ferrand<\/em><\/strong>. <\/p>Vous pourrez nous y retrouver du <strong>4 au 8 f\u00e9vrier<\/strong> afin d&rsquo;\u00e9changer sur vos projets et organiser des rendez-vous, profiter du programme et surtout des rencontres !<\/div><div class=\"x1tlxs6b x1g8br2z x1gn5b1j x230xth x14ctfv x1okitfd x6ikm8r x10wlt62 x1mzt3pk x1y1aw1k xn6708d xwib8y2 x1ye3gou x1n2onr6 x13faqbe x1vjfegm\" role=\"none\">Nous avons cette ann\u00e9e encore, un film au catalogue du March\u00e9 du film. C&rsquo;est notre dernier projet en date, <strong><em>JOSEF<\/em><\/strong>, de Paul Lavau et Jean-Pierre Pancrazi que vous pourrez visionn\u00e9 sur la plateforme du festival <strong><em>Shortfilmwire<\/em><\/strong>.<\/div><\/div><\/div><\/div><\/div>\t\t\t\t\t\t\t\t<\/div>\n\t\t\t\t<\/div>\n\t\t\t\t\t<\/div>\n\t\t<\/div>\n\t\t\t\t\t<\/div>\n\t\t<\/section>\n\t\t\t\t<section class=\"elementor-section elementor-top-section elementor-element elementor-element-e16250f elementor-section-stretched elementor-section-boxed elementor-section-height-default elementor-section-height-default edgtf-parallax-row-no edgtf-content-aligment-left edgtf-elementor-row-grid-no edgtf-disabled-bg-image-bellow-no\" data-id=\"e16250f\" data-element_type=\"section\" data-e-type=\"section\" data-settings=\"{&quot;stretch_section&quot;:&quot;section-stretched&quot;,&quot;_ha_eqh_enable&quot;:false}\">\n\t\t\t\t\t\t<div class=\"elementor-container elementor-column-gap-default\">\n\t\t\t\t\t<div class=\"elementor-column elementor-col-100 elementor-top-column elementor-element elementor-element-92a9fe8\" data-id=\"92a9fe8\" data-element_type=\"column\" data-e-type=\"column\">\n\t\t\t<div class=\"elementor-widget-wrap elementor-element-populated\">\n\t\t\t\t\t\t<div class=\"elementor-element elementor-element-2df70f0 elementor-widget-mobile__width-initial elementor-widget elementor-widget-image\" data-id=\"2df70f0\" data-element_type=\"widget\" data-e-type=\"widget\" data-widget_type=\"image.default\">\n\t\t\t\t<div class=\"elementor-widget-container\">\n\t\t\t\t\t\t\t\t\t\t\t\t\t\t\t<img decoding=\"async\" width=\"768\" height=\"412\" src=\"https:\/\/punicacinema.fr\/wp-content\/uploads\/2024\/01\/Screenshot_1-1-768x412.png\" class=\"attachment-medium_large size-medium_large wp-image-12525\" alt=\"\" srcset=\"https:\/\/punicacinema.fr\/wp-content\/uploads\/2024\/01\/Screenshot_1-1-768x412.png 768w, https:\/\/punicacinema.fr\/wp-content\/uploads\/2024\/01\/Screenshot_1-1-300x161.png 300w, https:\/\/punicacinema.fr\/wp-content\/uploads\/2024\/01\/Screenshot_1-1-1024x550.png 1024w, https:\/\/punicacinema.fr\/wp-content\/uploads\/2024\/01\/Screenshot_1-1-600x322.png 600w, https:\/\/punicacinema.fr\/wp-content\/uploads\/2024\/01\/Screenshot_1-1.png 1535w\" sizes=\"(max-width: 768px) 100vw, 768px\" \/>\t\t\t\t\t\t\t\t\t\t\t\t\t\t\t<\/div>\n\t\t\t\t<\/div>\n\t\t\t\t\t<\/div>\n\t\t<\/div>\n\t\t\t\t\t<\/div>\n\t\t<\/section>\n\t\t\t\t<\/div>\n\t\t","protected":false},"excerpt":{"rendered":"<p>RETROUVEZ-NOUS LORS DE LA 46\u00e8me \u00e9dition du festival de clermont-ferrand \u2728\ud83c\udf7f\ud83c\udf9e\ufe0f Nous serons pr\u00e9sents lors de la [&hellip;]<\/p>\n","protected":false},"author":1,"featured_media":0,"parent":0,"menu_order":0,"comment_status":"closed","ping_status":"closed","template":"elementor_header_footer","meta":{"footnotes":""},"class_list":["post-12518","page","type-page","status-publish","hentry"],"_links":{"self":[{"href":"https:\/\/punicacinema.fr\/index.php?rest_route=\/wp\/v2\/pages\/12518","targetHints":{"allow":["GET"]}}],"collection":[{"href":"https:\/\/punicacinema.fr\/index.php?rest_route=\/wp\/v2\/pages"}],"about":[{"href":"https:\/\/punicacinema.fr\/index.php?rest_route=\/wp\/v2\/types\/page"}],"author":[{"embeddable":true,"href":"https:\/\/punicacinema.fr\/index.php?rest_route=\/wp\/v2\/users\/1"}],"replies":[{"embeddable":true,"href":"https:\/\/punicacinema.fr\/index.php?rest_route=%2Fwp%2Fv2%2Fcomments&post=12518"}],"version-history":[{"count":10,"href":"https:\/\/punicacinema.fr\/index.php?rest_route=\/wp\/v2\/pages\/12518\/revisions"}],"predecessor-version":[{"id":12535,"href":"https:\/\/punicacinema.fr\/index.php?rest_route=\/wp\/v2\/pages\/12518\/revisions\/12535"}],"wp:attachment":[{"href":"https:\/\/punicacinema.fr\/index.php?rest_route=%2Fwp%2Fv2%2Fmedia&parent=12518"}],"curies":[{"name":"wp","href":"https:\/\/api.w.org\/{rel}","templated":true}]}}