{"id":11719,"date":"2023-08-20T17:17:16","date_gmt":"2023-08-20T15:17:16","guid":{"rendered":"https:\/\/punicacinema.fr\/?page_id=11719"},"modified":"2024-12-26T16:05:31","modified_gmt":"2024-12-26T15:05:31","slug":"aikido-cercle-lacay-2023","status":"publish","type":"page","link":"https:\/\/punicacinema.fr\/?page_id=11719","title":{"rendered":"A\u00efkido Cercle Lacay 2023"},"content":{"rendered":"\t\t<div data-elementor-type=\"wp-page\" data-elementor-id=\"11719\" class=\"elementor elementor-11719\" data-elementor-settings=\"{&quot;ha_cmc_init_switcher&quot;:&quot;no&quot;}\" data-elementor-post-type=\"page\">\n\t\t\t\t\t\t<section class=\"elementor-section elementor-top-section elementor-element elementor-element-15c6ea3 elementor-section-boxed elementor-section-height-default elementor-section-height-default edgtf-parallax-row-no edgtf-content-aligment-left edgtf-elementor-row-grid-no edgtf-disabled-bg-image-bellow-no\" data-id=\"15c6ea3\" data-element_type=\"section\" data-e-type=\"section\" data-settings=\"{&quot;_ha_eqh_enable&quot;:false}\">\n\t\t\t\t\t\t<div class=\"elementor-container elementor-column-gap-default\">\n\t\t\t\t\t<div class=\"elementor-column elementor-col-50 elementor-top-column elementor-element elementor-element-8084bdd\" data-id=\"8084bdd\" data-element_type=\"column\" data-e-type=\"column\">\n\t\t\t<div class=\"elementor-widget-wrap elementor-element-populated\">\n\t\t\t\t\t\t<div class=\"elementor-element elementor-element-4a57c4a elementor-widget elementor-widget-image\" data-id=\"4a57c4a\" data-element_type=\"widget\" data-e-type=\"widget\" data-widget_type=\"image.default\">\n\t\t\t\t<div class=\"elementor-widget-container\">\n\t\t\t\t\t\t\t\t\t\t\t\t\t\t\t<img fetchpriority=\"high\" decoding=\"async\" width=\"1024\" height=\"576\" src=\"https:\/\/punicacinema.fr\/wp-content\/uploads\/2023\/09\/20211218-AIKI-NOEL-45-1024x576-1.jpg\" class=\"attachment-large size-large wp-image-12032\" alt=\"\" srcset=\"https:\/\/punicacinema.fr\/wp-content\/uploads\/2023\/09\/20211218-AIKI-NOEL-45-1024x576-1.jpg 1024w, https:\/\/punicacinema.fr\/wp-content\/uploads\/2023\/09\/20211218-AIKI-NOEL-45-1024x576-1-300x169.jpg 300w, https:\/\/punicacinema.fr\/wp-content\/uploads\/2023\/09\/20211218-AIKI-NOEL-45-1024x576-1-768x432.jpg 768w, https:\/\/punicacinema.fr\/wp-content\/uploads\/2023\/09\/20211218-AIKI-NOEL-45-1024x576-1-600x338.jpg 600w\" sizes=\"(max-width: 1024px) 100vw, 1024px\" \/>\t\t\t\t\t\t\t\t\t\t\t\t\t\t\t<\/div>\n\t\t\t\t<\/div>\n\t\t\t\t\t<\/div>\n\t\t<\/div>\n\t\t\t\t<div class=\"elementor-column elementor-col-50 elementor-top-column elementor-element elementor-element-bea11ed\" data-id=\"bea11ed\" data-element_type=\"column\" data-e-type=\"column\">\n\t\t\t<div class=\"elementor-widget-wrap elementor-element-populated\">\n\t\t\t\t\t\t<div class=\"elementor-element elementor-element-190cef4 elementor-widget elementor-widget-image\" data-id=\"190cef4\" data-element_type=\"widget\" data-e-type=\"widget\" data-widget_type=\"image.default\">\n\t\t\t\t<div class=\"elementor-widget-container\">\n\t\t\t\t\t\t\t\t\t\t\t\t\t\t\t<img decoding=\"async\" width=\"1024\" height=\"576\" src=\"https:\/\/punicacinema.fr\/wp-content\/uploads\/2023\/09\/20211218-AIKI-NOEL-20-1024x576-1.jpg\" class=\"attachment-large size-large wp-image-12031\" alt=\"\" srcset=\"https:\/\/punicacinema.fr\/wp-content\/uploads\/2023\/09\/20211218-AIKI-NOEL-20-1024x576-1.jpg 1024w, https:\/\/punicacinema.fr\/wp-content\/uploads\/2023\/09\/20211218-AIKI-NOEL-20-1024x576-1-300x169.jpg 300w, https:\/\/punicacinema.fr\/wp-content\/uploads\/2023\/09\/20211218-AIKI-NOEL-20-1024x576-1-768x432.jpg 768w, https:\/\/punicacinema.fr\/wp-content\/uploads\/2023\/09\/20211218-AIKI-NOEL-20-1024x576-1-600x338.jpg 600w\" sizes=\"(max-width: 1024px) 100vw, 1024px\" \/>\t\t\t\t\t\t\t\t\t\t\t\t\t\t\t<\/div>\n\t\t\t\t<\/div>\n\t\t\t\t\t<\/div>\n\t\t<\/div>\n\t\t\t\t\t<\/div>\n\t\t<\/section>\n\t\t\t\t<section class=\"elementor-section elementor-top-section elementor-element elementor-element-601b882 elementor-section-boxed elementor-section-height-default elementor-section-height-default edgtf-parallax-row-no edgtf-content-aligment-left edgtf-elementor-row-grid-no edgtf-disabled-bg-image-bellow-no\" data-id=\"601b882\" data-element_type=\"section\" data-e-type=\"section\" data-settings=\"{&quot;_ha_eqh_enable&quot;:false}\">\n\t\t\t\t\t\t<div class=\"elementor-container elementor-column-gap-default\">\n\t\t\t\t\t<div class=\"elementor-column elementor-col-100 elementor-top-column elementor-element elementor-element-8b5333a\" data-id=\"8b5333a\" data-element_type=\"column\" data-e-type=\"column\" data-settings=\"{&quot;background_background&quot;:&quot;classic&quot;}\">\n\t\t\t<div class=\"elementor-widget-wrap elementor-element-populated\">\n\t\t\t\t\t\t<div class=\"elementor-element elementor-element-18842f5 elementor-widget elementor-widget-heading\" data-id=\"18842f5\" data-element_type=\"widget\" data-e-type=\"widget\" data-widget_type=\"heading.default\">\n\t\t\t\t<div class=\"elementor-widget-container\">\n\t\t\t\t\t<h2 class=\"elementor-heading-title elementor-size-default\">\nA\u00efkido Cercle Lacay\n- TEASER 2023\n\n<\/h2>\t\t\t\t<\/div>\n\t\t\t\t<\/div>\n\t\t\t\t\t<\/div>\n\t\t<\/div>\n\t\t\t\t\t<\/div>\n\t\t<\/section>\n\t\t\t\t<section class=\"elementor-section elementor-top-section elementor-element elementor-element-9514642 elementor-section-stretched elementor-section-boxed elementor-section-height-default elementor-section-height-default edgtf-parallax-row-no edgtf-content-aligment-left edgtf-elementor-row-grid-no edgtf-disabled-bg-image-bellow-no\" data-id=\"9514642\" data-element_type=\"section\" data-e-type=\"section\" data-settings=\"{&quot;background_background&quot;:&quot;classic&quot;,&quot;stretch_section&quot;:&quot;section-stretched&quot;,&quot;_ha_eqh_enable&quot;:false}\">\n\t\t\t\t\t\t<div class=\"elementor-container elementor-column-gap-default\">\n\t\t\t\t\t<div class=\"elementor-column elementor-col-100 elementor-top-column elementor-element elementor-element-dd466e0\" data-id=\"dd466e0\" data-element_type=\"column\" data-e-type=\"column\" data-settings=\"{&quot;background_background&quot;:&quot;classic&quot;}\">\n\t\t\t<div class=\"elementor-widget-wrap elementor-element-populated\">\n\t\t\t\t\t\t<div class=\"elementor-element elementor-element-73bfe47 elementor-widget elementor-widget-shortcode\" data-id=\"73bfe47\" data-element_type=\"widget\" data-e-type=\"widget\" data-widget_type=\"shortcode.default\">\n\t\t\t\t<div class=\"elementor-widget-container\">\n\t\t\t\t\t\t\t<div class=\"elementor-shortcode\"><iframe src=\"https:\/\/player.vimeo.com\/video\/865143087?badge=0&amp;autopause=0&amp;player_id=0&amp;app_id=58479\" width=\"3840\" height=\"2160\" frameborder=\"0\" allow=\"autoplay; fullscreen; picture-in-picture\" title=\"A\u00efkido Cercle Lacay 2023\"><\/iframe><\/div>\n\t\t\t\t\t\t<\/div>\n\t\t\t\t<\/div>\n\t\t\t\t\t<\/div>\n\t\t<\/div>\n\t\t\t\t\t<\/div>\n\t\t<\/section>\n\t\t\t\t<section class=\"elementor-section elementor-top-section elementor-element elementor-element-60a5524 elementor-section-boxed elementor-section-height-default elementor-section-height-default edgtf-parallax-row-no edgtf-content-aligment-left edgtf-elementor-row-grid-no edgtf-disabled-bg-image-bellow-no\" data-id=\"60a5524\" data-element_type=\"section\" data-e-type=\"section\" data-settings=\"{&quot;_ha_eqh_enable&quot;:false}\">\n\t\t\t\t\t\t<div class=\"elementor-container elementor-column-gap-default\">\n\t\t\t\t\t<div class=\"elementor-column elementor-col-100 elementor-top-column elementor-element elementor-element-bae8a9c\" data-id=\"bae8a9c\" data-element_type=\"column\" data-e-type=\"column\">\n\t\t\t<div class=\"elementor-widget-wrap elementor-element-populated\">\n\t\t\t\t\t\t<div class=\"elementor-element elementor-element-3ca8acc elementor-widget elementor-widget-text-editor\" data-id=\"3ca8acc\" data-element_type=\"widget\" data-e-type=\"widget\" data-widget_type=\"text-editor.default\">\n\t\t\t\t<div class=\"elementor-widget-container\">\n\t\t\t\t\t\t\t\t\t<p>Fond\u00e9 au tout d\u00e9but des ann\u00e9es 50 par Marc Lacay, pionnier des arts martiaux en France, le <strong><i>Cercle Lacay<\/i><\/strong> est une association au sein de laquelle l\u2019enseignement de l\u2019A\u00efkido a conserv\u00e9 sa dimension traditionnelle.<\/p><p>Situ\u00e9 \u00e0 Neuilly-sur-Marne pendant 71 ans (depuis 1952), le <i>Cercle Marc Lacay<\/i> a d\u00e9m\u00e9nag\u00e9 en septembre 2022 dans le dojo Lionel Grossain.<\/p><p>Depuis plus de 20 ans maintenant, l\u2019enseignement y est dispens\u00e9 par Alain Devigne, 3\u00e8me dan et Fukushidoin du Biranka\u00ef, dans le respect des valeurs transmises par O\u2019Sense\u00ef.<\/p><p>D\u2019autres disciplines (Judo, JuJitsu), sont \u00e9galement enseign\u00e9es au <strong><i>Cercle La<\/i>cay<\/strong>.<\/p>\t\t\t\t\t\t\t\t<\/div>\n\t\t\t\t<\/div>\n\t\t\t\t\t<\/div>\n\t\t<\/div>\n\t\t\t\t\t<\/div>\n\t\t<\/section>\n\t\t\t\t<section class=\"elementor-section elementor-top-section elementor-element elementor-element-d0073e7 elementor-section-stretched elementor-section-boxed elementor-section-height-default elementor-section-height-default edgtf-parallax-row-no edgtf-content-aligment-left edgtf-elementor-row-grid-no edgtf-disabled-bg-image-bellow-no\" data-id=\"d0073e7\" data-element_type=\"section\" data-e-type=\"section\" data-settings=\"{&quot;stretch_section&quot;:&quot;section-stretched&quot;,&quot;_ha_eqh_enable&quot;:false}\">\n\t\t\t\t\t\t<div class=\"elementor-container elementor-column-gap-default\">\n\t\t\t\t\t<div class=\"elementor-column elementor-col-100 elementor-top-column elementor-element elementor-element-c2b7e5e\" data-id=\"c2b7e5e\" data-element_type=\"column\" data-e-type=\"column\">\n\t\t\t<div class=\"elementor-widget-wrap elementor-element-populated\">\n\t\t\t\t\t\t<div class=\"elementor-element elementor-element-f0f2506 elementor-widget-divider--view-line elementor-widget elementor-widget-divider\" data-id=\"f0f2506\" data-element_type=\"widget\" data-e-type=\"widget\" data-widget_type=\"divider.default\">\n\t\t\t\t<div class=\"elementor-widget-container\">\n\t\t\t\t\t\t\t<div class=\"elementor-divider\">\n\t\t\t<span class=\"elementor-divider-separator\">\n\t\t\t\t\t\t<\/span>\n\t\t<\/div>\n\t\t\t\t\t\t<\/div>\n\t\t\t\t<\/div>\n\t\t\t\t\t<\/div>\n\t\t<\/div>\n\t\t\t\t\t<\/div>\n\t\t<\/section>\n\t\t\t\t<section class=\"elementor-section elementor-top-section elementor-element elementor-element-3ac55ee elementor-section-boxed elementor-section-height-default elementor-section-height-default edgtf-parallax-row-no edgtf-content-aligment-left edgtf-elementor-row-grid-no edgtf-disabled-bg-image-bellow-no\" data-id=\"3ac55ee\" data-element_type=\"section\" data-e-type=\"section\" data-settings=\"{&quot;background_background&quot;:&quot;classic&quot;,&quot;_ha_eqh_enable&quot;:false}\">\n\t\t\t\t\t\t<div class=\"elementor-container elementor-column-gap-default\">\n\t\t\t\t\t<div class=\"elementor-column elementor-col-50 elementor-top-column elementor-element elementor-element-d42b25e\" data-id=\"d42b25e\" data-element_type=\"column\" data-e-type=\"column\">\n\t\t\t<div class=\"elementor-widget-wrap elementor-element-populated\">\n\t\t\t\t\t\t<div class=\"elementor-element elementor-element-ed5da10 elementor-widget__width-initial elementor-widget elementor-widget-text-editor\" data-id=\"ed5da10\" data-element_type=\"widget\" data-e-type=\"widget\" data-widget_type=\"text-editor.default\">\n\t\t\t\t<div class=\"elementor-widget-container\">\n\t\t\t\t\t\t\t\t\t<p><strong>R\u00c9ALISATEUR :<\/strong> Nicolas BOULASMA<\/p><p><strong>PRODUCTION<\/strong> : A\u00efkido Cercle Lacay<\/p><p><strong>COPRODUCTION<\/strong> : PUNICA<\/p><p><strong>PRODUCTRICE : <\/strong>Elsa MAROUANI<\/p><p><strong>SORTIE\u00a0<\/strong>: Septembre 2023<\/p><p><strong>DUR\u00c9E <\/strong>: 2 min<\/p><p><strong>LANGUE\u00a0<\/strong>: Fran\u00e7aise<\/p>\t\t\t\t\t\t\t\t<\/div>\n\t\t\t\t<\/div>\n\t\t\t\t\t<\/div>\n\t\t<\/div>\n\t\t\t\t<div class=\"elementor-column elementor-col-50 elementor-top-column elementor-element elementor-element-481b988\" data-id=\"481b988\" data-element_type=\"column\" data-e-type=\"column\">\n\t\t\t<div class=\"elementor-widget-wrap elementor-element-populated\">\n\t\t\t\t\t\t<div class=\"elementor-element elementor-element-d74e50e elementor-widget elementor-widget-text-editor\" data-id=\"d74e50e\" data-element_type=\"widget\" data-e-type=\"widget\" data-widget_type=\"text-editor.default\">\n\t\t\t\t<div class=\"elementor-widget-container\">\n\t\t\t\t\t\t\t\t\t<p><strong>ACTEURS : <\/strong>Les adh\u00e9rents\u00a0 de l&rsquo;Association du <em>Cercle Lacay<\/em><\/p><p><strong>CADREURS<\/strong> : Samir EL RHAZZAZE &#8211; Benjamin PIERSON &#8211;<\/p><p><strong>SON :<\/strong> Elsa MAROUANI<\/p><p><strong>MONTAGE, \u00c9TALONNAGE ET MIXAGE SON : <\/strong>Quentin BA<\/p><p><strong>PHOTOGRAPHE :<\/strong> Lucas DELORME<\/p>\t\t\t\t\t\t\t\t<\/div>\n\t\t\t\t<\/div>\n\t\t\t\t\t<\/div>\n\t\t<\/div>\n\t\t\t\t\t<\/div>\n\t\t<\/section>\n\t\t\t\t<section class=\"elementor-section elementor-top-section elementor-element elementor-element-d6d3c5c elementor-section-full_width elementor-section-stretched elementor-section-height-default elementor-section-height-default edgtf-parallax-row-no edgtf-content-aligment-left edgtf-elementor-row-grid-no edgtf-disabled-bg-image-bellow-no\" data-id=\"d6d3c5c\" data-element_type=\"section\" data-e-type=\"section\" data-settings=\"{&quot;stretch_section&quot;:&quot;section-stretched&quot;,&quot;background_background&quot;:&quot;classic&quot;,&quot;_ha_eqh_enable&quot;:false}\">\n\t\t\t\t\t\t<div class=\"elementor-container elementor-column-gap-default\">\n\t\t\t\t\t<div class=\"elementor-column elementor-col-100 elementor-top-column elementor-element elementor-element-d871645\" data-id=\"d871645\" data-element_type=\"column\" data-e-type=\"column\">\n\t\t\t<div class=\"elementor-widget-wrap elementor-element-populated\">\n\t\t\t\t\t\t<div class=\"elementor-element elementor-element-2c0799f elementor-widget__width-inherit e-transform e-transform e-transform elementor-widget elementor-widget-edgtf_clients_carousel\" data-id=\"2c0799f\" data-element_type=\"widget\" data-e-type=\"widget\" data-settings=\"{&quot;_transform_scale_effect&quot;:{&quot;unit&quot;:&quot;px&quot;,&quot;size&quot;:0.5,&quot;sizes&quot;:[]},&quot;_transform_translateX_effect&quot;:{&quot;unit&quot;:&quot;px&quot;,&quot;size&quot;:&quot;&quot;,&quot;sizes&quot;:[]},&quot;_transform_translateX_effect_tablet&quot;:{&quot;unit&quot;:&quot;px&quot;,&quot;size&quot;:&quot;&quot;,&quot;sizes&quot;:[]},&quot;_transform_translateX_effect_mobile&quot;:{&quot;unit&quot;:&quot;px&quot;,&quot;size&quot;:&quot;&quot;,&quot;sizes&quot;:[]},&quot;_transform_translateY_effect&quot;:{&quot;unit&quot;:&quot;px&quot;,&quot;size&quot;:&quot;&quot;,&quot;sizes&quot;:[]},&quot;_transform_translateY_effect_tablet&quot;:{&quot;unit&quot;:&quot;px&quot;,&quot;size&quot;:&quot;&quot;,&quot;sizes&quot;:[]},&quot;_transform_translateY_effect_mobile&quot;:{&quot;unit&quot;:&quot;px&quot;,&quot;size&quot;:&quot;&quot;,&quot;sizes&quot;:[]},&quot;_transform_scale_effect_tablet&quot;:{&quot;unit&quot;:&quot;px&quot;,&quot;size&quot;:&quot;&quot;,&quot;sizes&quot;:[]},&quot;_transform_scale_effect_mobile&quot;:{&quot;unit&quot;:&quot;px&quot;,&quot;size&quot;:&quot;&quot;,&quot;sizes&quot;:[]},&quot;_transform_skewX_effect&quot;:{&quot;unit&quot;:&quot;px&quot;,&quot;size&quot;:&quot;&quot;,&quot;sizes&quot;:[]},&quot;_transform_skewX_effect_tablet&quot;:{&quot;unit&quot;:&quot;deg&quot;,&quot;size&quot;:&quot;&quot;,&quot;sizes&quot;:[]},&quot;_transform_skewX_effect_mobile&quot;:{&quot;unit&quot;:&quot;deg&quot;,&quot;size&quot;:&quot;&quot;,&quot;sizes&quot;:[]},&quot;_transform_skewY_effect&quot;:{&quot;unit&quot;:&quot;px&quot;,&quot;size&quot;:&quot;&quot;,&quot;sizes&quot;:[]},&quot;_transform_skewY_effect_tablet&quot;:{&quot;unit&quot;:&quot;deg&quot;,&quot;size&quot;:&quot;&quot;,&quot;sizes&quot;:[]},&quot;_transform_skewY_effect_mobile&quot;:{&quot;unit&quot;:&quot;deg&quot;,&quot;size&quot;:&quot;&quot;,&quot;sizes&quot;:[]}}\" data-widget_type=\"edgtf_clients_carousel.default\">\n\t\t\t\t<div class=\"elementor-widget-container\">\n\t\t\t\t\t\t\t<div class=\"edgtf-clients-carousel-holder edgtf-cc-hover-switch-images\">\n\t\t\t<div class=\"edgtf-cc-inner edgtf-owl-slider\" data-number-of-items=\"1\" data-enable-loop=\"yes\" data-enable-autoplay=\"yes\" data-slider-speed=\"2000\" data-slider-speed-animation=\"600\" data-enable-navigation=\"no\" data-enable-pagination=\"no\">\n\t\t\t\t<div class=\"edgtf-cc-item\">\n\t\t\t<a itemprop=\"url\" class=\"edgtf-cc-link edgtf-block-drag-link\" href=\"https:\/\/aikidocerclelacay.fr\/qui-sommes-nous\/\" target=\"_blank\">\n\t\t\t\t\t\t<img decoding=\"async\" itemprop=\"image\" class=\"edgtf-cc-image\" src=\"https:\/\/punicacinema.fr\/wp-content\/uploads\/2023\/08\/AIKIDOCERCLELACAY.png\" alt=\"\" \/>\n\t\t\t\t\t\t\t<img decoding=\"async\" itemprop=\"image\" class=\"edgtf-cc-hover-image\" src=\"https:\/\/punicacinema.fr\/wp-content\/uploads\/2023\/08\/AIKIDOCERCLELACAY.png\" alt=\"\" \/>\n\t\t\t\t\t<\/a>\n\t<\/div>\t\t\t<\/div>\n\t\t<\/div>\n\t\t\t\t\t\t<\/div>\n\t\t\t\t<\/div>\n\t\t\t\t\t<\/div>\n\t\t<\/div>\n\t\t\t\t\t<\/div>\n\t\t<\/section>\n\t\t\t\t<\/div>\n\t\t","protected":false},"excerpt":{"rendered":"<p>A\u00efkido Cercle Lacay &#8211; TEASER 2023 Fond\u00e9 au tout d\u00e9but des ann\u00e9es 50 par Marc Lacay, pionnier [&hellip;]<\/p>\n","protected":false},"author":1,"featured_media":0,"parent":0,"menu_order":0,"comment_status":"closed","ping_status":"closed","template":"full-width.php","meta":{"footnotes":""},"class_list":["post-11719","page","type-page","status-publish","hentry"],"_links":{"self":[{"href":"https:\/\/punicacinema.fr\/index.php?rest_route=\/wp\/v2\/pages\/11719","targetHints":{"allow":["GET"]}}],"collection":[{"href":"https:\/\/punicacinema.fr\/index.php?rest_route=\/wp\/v2\/pages"}],"about":[{"href":"https:\/\/punicacinema.fr\/index.php?rest_route=\/wp\/v2\/types\/page"}],"author":[{"embeddable":true,"href":"https:\/\/punicacinema.fr\/index.php?rest_route=\/wp\/v2\/users\/1"}],"replies":[{"embeddable":true,"href":"https:\/\/punicacinema.fr\/index.php?rest_route=%2Fwp%2Fv2%2Fcomments&post=11719"}],"version-history":[{"count":28,"href":"https:\/\/punicacinema.fr\/index.php?rest_route=\/wp\/v2\/pages\/11719\/revisions"}],"predecessor-version":[{"id":14606,"href":"https:\/\/punicacinema.fr\/index.php?rest_route=\/wp\/v2\/pages\/11719\/revisions\/14606"}],"wp:attachment":[{"href":"https:\/\/punicacinema.fr\/index.php?rest_route=%2Fwp%2Fv2%2Fmedia&parent=11719"}],"curies":[{"name":"wp","href":"https:\/\/api.w.org\/{rel}","templated":true}]}}