{"id":11164,"date":"2023-06-04T23:39:26","date_gmt":"2023-06-04T21:39:26","guid":{"rendered":"https:\/\/punicacinema.fr\/?page_id=11164"},"modified":"2025-08-31T01:33:31","modified_gmt":"2025-08-30T23:33:31","slug":"josef","status":"publish","type":"page","link":"https:\/\/punicacinema.fr\/?page_id=11164","title":{"rendered":"JOSEF"},"content":{"rendered":"\t\t<div data-elementor-type=\"wp-page\" data-elementor-id=\"11164\" class=\"elementor elementor-11164\" data-elementor-settings=\"{&quot;ha_cmc_init_switcher&quot;:&quot;no&quot;}\" data-elementor-post-type=\"page\">\n\t\t\t\t\t\t<section class=\"elementor-section elementor-top-section elementor-element elementor-element-d09ab64 elementor-section-stretched elementor-section-boxed elementor-section-height-default elementor-section-height-default edgtf-parallax-row-no edgtf-content-aligment-left edgtf-elementor-row-grid-no edgtf-disabled-bg-image-bellow-no\" data-id=\"d09ab64\" data-element_type=\"section\" data-e-type=\"section\" data-settings=\"{&quot;stretch_section&quot;:&quot;section-stretched&quot;,&quot;_ha_eqh_enable&quot;:false}\">\n\t\t\t\t\t\t<div class=\"elementor-container elementor-column-gap-default\">\n\t\t\t\t\t<div class=\"elementor-column elementor-col-100 elementor-top-column elementor-element elementor-element-ee38376\" data-id=\"ee38376\" data-element_type=\"column\" data-e-type=\"column\">\n\t\t\t<div class=\"elementor-widget-wrap elementor-element-populated\">\n\t\t\t\t\t\t<div class=\"elementor-element elementor-element-f61668c elementor-widget elementor-widget-image\" data-id=\"f61668c\" data-element_type=\"widget\" data-e-type=\"widget\" data-widget_type=\"image.default\">\n\t\t\t\t<div class=\"elementor-widget-container\">\n\t\t\t\t\t\t\t\t\t\t\t\t\t\t\t<img fetchpriority=\"high\" decoding=\"async\" width=\"2560\" height=\"1280\" src=\"https:\/\/punicacinema.fr\/wp-content\/uploads\/2023\/10\/001-scaled.jpg\" class=\"attachment-full size-full wp-image-12111\" alt=\"\" srcset=\"https:\/\/punicacinema.fr\/wp-content\/uploads\/2023\/10\/001-scaled.jpg 2560w, https:\/\/punicacinema.fr\/wp-content\/uploads\/2023\/10\/001-300x150.jpg 300w, https:\/\/punicacinema.fr\/wp-content\/uploads\/2023\/10\/001-1024x512.jpg 1024w, https:\/\/punicacinema.fr\/wp-content\/uploads\/2023\/10\/001-768x384.jpg 768w, https:\/\/punicacinema.fr\/wp-content\/uploads\/2023\/10\/001-1536x768.jpg 1536w, https:\/\/punicacinema.fr\/wp-content\/uploads\/2023\/10\/001-1100x550.jpg 1100w, https:\/\/punicacinema.fr\/wp-content\/uploads\/2023\/10\/001-1300x650.jpg 1300w, https:\/\/punicacinema.fr\/wp-content\/uploads\/2023\/10\/001-600x300.jpg 600w\" sizes=\"(max-width: 2560px) 100vw, 2560px\" \/>\t\t\t\t\t\t\t\t\t\t\t\t\t\t\t<\/div>\n\t\t\t\t<\/div>\n\t\t\t\t\t<\/div>\n\t\t<\/div>\n\t\t\t\t\t<\/div>\n\t\t<\/section>\n\t\t\t\t<section class=\"elementor-section elementor-top-section elementor-element elementor-element-b8c9279 elementor-section-boxed elementor-section-height-default elementor-section-height-default edgtf-parallax-row-no edgtf-content-aligment-left edgtf-elementor-row-grid-no edgtf-disabled-bg-image-bellow-no\" data-id=\"b8c9279\" data-element_type=\"section\" data-e-type=\"section\" data-settings=\"{&quot;_ha_eqh_enable&quot;:false}\">\n\t\t\t\t\t\t<div class=\"elementor-container elementor-column-gap-default\">\n\t\t\t\t\t<div class=\"elementor-column elementor-col-33 elementor-top-column elementor-element elementor-element-b4130f1\" data-id=\"b4130f1\" data-element_type=\"column\" data-e-type=\"column\">\n\t\t\t<div class=\"elementor-widget-wrap elementor-element-populated\">\n\t\t\t\t\t\t<div class=\"elementor-element elementor-element-c0e6898 elementor-widget elementor-widget-image\" data-id=\"c0e6898\" data-element_type=\"widget\" data-e-type=\"widget\" data-widget_type=\"image.default\">\n\t\t\t\t<div class=\"elementor-widget-container\">\n\t\t\t\t\t\t\t\t\t\t\t\t\t\t\t<img decoding=\"async\" width=\"768\" height=\"1024\" src=\"https:\/\/punicacinema.fr\/wp-content\/uploads\/2023\/10\/JOSEF-Affiche_page-000111-768x1024.jpg\" class=\"attachment-large size-large wp-image-12119\" alt=\"\" srcset=\"https:\/\/punicacinema.fr\/wp-content\/uploads\/2023\/10\/JOSEF-Affiche_page-000111-768x1024.jpg 768w, https:\/\/punicacinema.fr\/wp-content\/uploads\/2023\/10\/JOSEF-Affiche_page-000111-225x300.jpg 225w, https:\/\/punicacinema.fr\/wp-content\/uploads\/2023\/10\/JOSEF-Affiche_page-000111-1152x1536.jpg 1152w, https:\/\/punicacinema.fr\/wp-content\/uploads\/2023\/10\/JOSEF-Affiche_page-000111-1536x2048.jpg 1536w, https:\/\/punicacinema.fr\/wp-content\/uploads\/2023\/10\/JOSEF-Affiche_page-000111-600x800.jpg 600w, https:\/\/punicacinema.fr\/wp-content\/uploads\/2023\/10\/JOSEF-Affiche_page-000111-scaled.jpg 1920w\" sizes=\"(max-width: 768px) 100vw, 768px\" \/>\t\t\t\t\t\t\t\t\t\t\t\t\t\t\t<\/div>\n\t\t\t\t<\/div>\n\t\t\t\t\t<\/div>\n\t\t<\/div>\n\t\t\t\t<div class=\"elementor-column elementor-col-66 elementor-top-column elementor-element elementor-element-80cf77d\" data-id=\"80cf77d\" data-element_type=\"column\" data-e-type=\"column\">\n\t\t\t<div class=\"elementor-widget-wrap elementor-element-populated\">\n\t\t\t\t\t\t<div class=\"elementor-element elementor-element-fcd4de1 elementor-widget-tablet__width-initial elementor-widget elementor-widget-heading\" data-id=\"fcd4de1\" data-element_type=\"widget\" data-e-type=\"widget\" data-widget_type=\"heading.default\">\n\t\t\t\t<div class=\"elementor-widget-container\">\n\t\t\t\t\t<h2 class=\"elementor-heading-title elementor-size-default\">JOSEF<\/h2>\t\t\t\t<\/div>\n\t\t\t\t<\/div>\n\t\t\t\t<div class=\"elementor-element elementor-element-99568a6 elementor-widget elementor-widget-text-editor\" data-id=\"99568a6\" data-element_type=\"widget\" data-e-type=\"widget\" data-widget_type=\"text-editor.default\">\n\t\t\t\t<div class=\"elementor-widget-container\">\n\t\t\t\t\t\t\t\t\t<p>UN FILM DE PAUL LAVAU ET JEAN-PIERRE PANCRAZI<\/p>\t\t\t\t\t\t\t\t<\/div>\n\t\t\t\t<\/div>\n\t\t\t\t<div class=\"elementor-element elementor-element-6083fda elementor-widget__width-initial elementor-widget-mobile__width-initial elementor-widget elementor-widget-text-editor\" data-id=\"6083fda\" data-element_type=\"widget\" data-e-type=\"widget\" data-widget_type=\"text-editor.default\">\n\t\t\t\t<div class=\"elementor-widget-container\">\n\t\t\t\t\t\t\t\t\t<p>\u00a0<\/p><p>Josef, un homme d\u2019une cinquantaine d\u2019ann\u00e9es, sort ext\u00e9nu\u00e9 de sa journ\u00e9e de travail sur le chantier, et s\u2019empresse de rentrer chez lui. Ce soir, Benjamin, son fils, vient d\u00eener \u00e0 la maison et cela fait longtemps qu\u2019il ne l\u2019a pas vu. Mais la confrontation entre ses inqui\u00e9tudes de p\u00e8re et les r\u00eaves de Benjamin semble rendre leur relation impossible.<\/p>\t\t\t\t\t\t\t\t<\/div>\n\t\t\t\t<\/div>\n\t\t\t\t\t<\/div>\n\t\t<\/div>\n\t\t\t\t\t<\/div>\n\t\t<\/section>\n\t\t\t\t<section class=\"elementor-section elementor-top-section elementor-element elementor-element-ada57db elementor-section-boxed elementor-section-height-default elementor-section-height-default edgtf-parallax-row-no edgtf-content-aligment-left edgtf-elementor-row-grid-no edgtf-disabled-bg-image-bellow-no\" data-id=\"ada57db\" data-element_type=\"section\" data-e-type=\"section\" data-settings=\"{&quot;_ha_eqh_enable&quot;:false}\">\n\t\t\t\t\t\t<div class=\"elementor-container elementor-column-gap-default\">\n\t\t\t\t\t<div class=\"elementor-column elementor-col-100 elementor-top-column elementor-element elementor-element-20c833c\" data-id=\"20c833c\" data-element_type=\"column\" data-e-type=\"column\">\n\t\t\t<div class=\"elementor-widget-wrap elementor-element-populated\">\n\t\t\t\t\t\t<div class=\"elementor-element elementor-element-d302f7f elementor-widget-divider--view-line elementor-widget elementor-widget-divider\" data-id=\"d302f7f\" data-element_type=\"widget\" data-e-type=\"widget\" data-widget_type=\"divider.default\">\n\t\t\t\t<div class=\"elementor-widget-container\">\n\t\t\t\t\t\t\t<div class=\"elementor-divider\">\n\t\t\t<span class=\"elementor-divider-separator\">\n\t\t\t\t\t\t<\/span>\n\t\t<\/div>\n\t\t\t\t\t\t<\/div>\n\t\t\t\t<\/div>\n\t\t\t\t\t<\/div>\n\t\t<\/div>\n\t\t\t\t\t<\/div>\n\t\t<\/section>\n\t\t\t\t<section class=\"elementor-section elementor-top-section elementor-element elementor-element-d1a32dd elementor-section-boxed elementor-section-height-default elementor-section-height-default edgtf-parallax-row-no edgtf-content-aligment-left edgtf-elementor-row-grid-no edgtf-disabled-bg-image-bellow-no\" data-id=\"d1a32dd\" data-element_type=\"section\" data-e-type=\"section\" data-settings=\"{&quot;background_background&quot;:&quot;classic&quot;,&quot;_ha_eqh_enable&quot;:false}\">\n\t\t\t\t\t\t<div class=\"elementor-container elementor-column-gap-default\">\n\t\t\t\t\t<div class=\"elementor-column elementor-col-50 elementor-top-column elementor-element elementor-element-2a20728\" data-id=\"2a20728\" data-element_type=\"column\" data-e-type=\"column\">\n\t\t\t<div class=\"elementor-widget-wrap elementor-element-populated\">\n\t\t\t\t\t\t<div class=\"elementor-element elementor-element-489ba52 elementor-widget__width-initial elementor-widget elementor-widget-text-editor\" data-id=\"489ba52\" data-element_type=\"widget\" data-e-type=\"widget\" data-widget_type=\"text-editor.default\">\n\t\t\t\t<div class=\"elementor-widget-container\">\n\t\t\t\t\t\t\t\t\t<p><strong>AUTEURS ET R\u00c9ALISATEURS<\/strong> : Paul LAVAU \/ Jean-Pierre PANCRAZI<\/p><p><strong>PRODUCTIONS D\u00c9L\u00c9GU\u00c9S<\/strong> : 20:21 PRODUCTIONS \/ PUNICA<\/p><p><strong>PRODUCTION EX\u00c9CUTIVE :<\/strong> QUAD Productions<\/p><p><strong>PRODUCTEUR.RICE.S<\/strong> <strong>D\u00c9L\u00c9GU\u00c9.E.S <\/strong>: Elsa MAROUANI (<em>PUNICA<\/em>) \/ Yvan AUBE (<em>20:21 PRODUCTIONS<\/em>)<\/p><p><strong>PRODUCTRICES<\/strong> <strong>D\u00c9L\u00c9GU\u00c9ES <\/strong>:Isabelle DARROMAN \/ Audrey TATO (QUAD)<\/p><p><strong>PRODUCTEUR ASSOCI\u00c9<\/strong> : Paul LAVAU<\/p><p><strong>SORTIE<\/strong> : 2023<\/p><p><strong>DUR\u00c9E<\/strong> : \u2248 10 min<\/p><p><strong>GENRE<\/strong> :\u00a0 Drame<\/p><p><strong>LANGUE<\/strong> : Fran\u00e7aise<\/p>\t\t\t\t\t\t\t\t<\/div>\n\t\t\t\t<\/div>\n\t\t\t\t\t<\/div>\n\t\t<\/div>\n\t\t\t\t<div class=\"elementor-column elementor-col-50 elementor-top-column elementor-element elementor-element-ed1dd68\" data-id=\"ed1dd68\" data-element_type=\"column\" data-e-type=\"column\">\n\t\t\t<div class=\"elementor-widget-wrap elementor-element-populated\">\n\t\t\t\t\t\t<div class=\"elementor-element elementor-element-f89add5 elementor-widget elementor-widget-text-editor\" data-id=\"f89add5\" data-element_type=\"widget\" data-e-type=\"widget\" data-widget_type=\"text-editor.default\">\n\t\t\t\t<div class=\"elementor-widget-container\">\n\t\t\t\t\t\t\t\t\t<p><strong>ACTEUR.RICE.S : <\/strong>Ola RAPACE \/ Sophie BROUSTAL \/ Sasha BIRDY<strong><br \/><\/strong><\/p><p><strong>1\u00e8re ASSISTANTE R\u00c9ALISATRICE : <\/strong>Camille LAUT<\/p><p><strong>2nde ASSISTANTE R\u00c9ALISATRICE\/CHARG\u00c9E DE PRODUCTION : <\/strong>Louise LEROY<\/p><p><strong>DIRECTION D&rsquo;ACTEUR :<\/strong> Jean-Pierre PANCRAZI<\/p><p><strong>REPETITEUR COM\u00c9DIEN.N.E :<\/strong> Fabien SAEZ-OLLIVIER<\/p><p><strong>CHEF OP\u00c9RATEUR : <\/strong>L\u00e9o SCHREPEL<\/p><p><strong>ASSISTANTES CAMERA <\/strong>: Sarah OKENDO \/ Cristina SUAREZ SILVA<\/p><p><strong>CHEFS \u00c9LECTROS :<\/strong> Maxime VELE \/ Joffrey RAMANANJAONA<\/p><p><strong>CHEF MACHINO :<\/strong> Mateo RAVAULT<\/p><p><strong>MONTEUR : <\/strong>Haichuan XU \/ Jean-Pierre PANCRAZI<strong><br \/><\/strong><\/p><p><strong>ASSISTANTE MONTEUR : <\/strong>Emma ROBIN<strong><br \/><\/strong><\/p><p><strong>ING\u00c9NIEUR SON :<\/strong> Olivier LAPORTE<strong><br \/><\/strong><\/p><p><strong>PERCHMAN :<\/strong> Nirina RAMBOLOLOTSOA<\/p><p><strong>D\u00c9CORS &amp; ACCESSOIRES :<\/strong> J\u00e9r\u00f4me DAUDEL<\/p><p><strong>R\u00c9GISSEUR.SE.S :<\/strong> Fran\u00e7ois MIOTTO \/ Marie PANCRAZI \/ Yann LE BARS<\/p><p><strong>GRAPHISTE :<\/strong> Matthieu LAVAU<\/p>\t\t\t\t\t\t\t\t<\/div>\n\t\t\t\t<\/div>\n\t\t\t\t\t<\/div>\n\t\t<\/div>\n\t\t\t\t\t<\/div>\n\t\t<\/section>\n\t\t\t\t<section class=\"elementor-section elementor-top-section elementor-element elementor-element-c720ec3 elementor-section-stretched elementor-section-boxed elementor-section-height-default elementor-section-height-default edgtf-parallax-row-no edgtf-content-aligment-left edgtf-elementor-row-grid-no edgtf-disabled-bg-image-bellow-no\" data-id=\"c720ec3\" data-element_type=\"section\" data-e-type=\"section\" data-settings=\"{&quot;background_background&quot;:&quot;classic&quot;,&quot;stretch_section&quot;:&quot;section-stretched&quot;,&quot;_ha_eqh_enable&quot;:false}\">\n\t\t\t\t\t\t<div class=\"elementor-container elementor-column-gap-default\">\n\t\t\t\t\t<div class=\"elementor-column elementor-col-100 elementor-top-column elementor-element elementor-element-9f5eb71\" data-id=\"9f5eb71\" data-element_type=\"column\" data-e-type=\"column\" data-settings=\"{&quot;background_background&quot;:&quot;classic&quot;}\">\n\t\t\t<div class=\"elementor-widget-wrap elementor-element-populated\">\n\t\t\t\t\t\t<div class=\"elementor-element elementor-element-022c014 elementor-widget elementor-widget-heading\" data-id=\"022c014\" data-element_type=\"widget\" data-e-type=\"widget\" data-widget_type=\"heading.default\">\n\t\t\t\t<div class=\"elementor-widget-container\">\n\t\t\t\t\t<h2 class=\"elementor-heading-title elementor-size-large\">m\u00e9dias<\/h2>\t\t\t\t<\/div>\n\t\t\t\t<\/div>\n\t\t\t\t<div class=\"elementor-element elementor-element-d77e369 elementor-widget elementor-widget-shortcode\" data-id=\"d77e369\" data-element_type=\"widget\" data-e-type=\"widget\" data-widget_type=\"shortcode.default\">\n\t\t\t\t<div class=\"elementor-widget-container\">\n\t\t\t\t\t\t\t<div class=\"elementor-shortcode\"><iframe src=\"https:\/\/player.vimeo.com\/video\/935865501?badge=0&amp;autopause=0&amp;player_id=0&amp;app_id=58479\" width=\"1080\" height=\"1920\" frameborder=\"0\" allow=\"autoplay; fullscreen; picture-in-picture; clipboard-write\" title=\"JOSEF [TEASER] - Un film de Paul LAVAU et Jean-Pierre PANCRAZI\"><\/iframe><\/div>\n\t\t\t\t\t\t<\/div>\n\t\t\t\t<\/div>\n\t\t\t\t\t<\/div>\n\t\t<\/div>\n\t\t\t\t\t<\/div>\n\t\t<\/section>\n\t\t\t\t<section class=\"elementor-section elementor-top-section elementor-element elementor-element-d57f504 elementor-section-stretched elementor-section-boxed elementor-section-height-default elementor-section-height-default edgtf-parallax-row-no edgtf-content-aligment-left edgtf-elementor-row-grid-no edgtf-disabled-bg-image-bellow-no\" data-id=\"d57f504\" data-element_type=\"section\" data-e-type=\"section\" data-settings=\"{&quot;background_background&quot;:&quot;classic&quot;,&quot;stretch_section&quot;:&quot;section-stretched&quot;,&quot;_ha_eqh_enable&quot;:false}\">\n\t\t\t\t\t\t<div class=\"elementor-container elementor-column-gap-default\">\n\t\t\t\t\t<div class=\"elementor-column elementor-col-100 elementor-top-column elementor-element elementor-element-029069a\" data-id=\"029069a\" data-element_type=\"column\" data-e-type=\"column\">\n\t\t\t<div class=\"elementor-widget-wrap elementor-element-populated\">\n\t\t\t\t\t\t<div class=\"elementor-element elementor-element-cd850c9 elementor-widget elementor-widget-gallery\" data-id=\"cd850c9\" data-element_type=\"widget\" data-e-type=\"widget\" data-settings=\"{&quot;columns&quot;:3,&quot;gap&quot;:{&quot;unit&quot;:&quot;px&quot;,&quot;size&quot;:20,&quot;sizes&quot;:[]},&quot;lazyload&quot;:&quot;yes&quot;,&quot;gallery_layout&quot;:&quot;grid&quot;,&quot;columns_tablet&quot;:2,&quot;columns_mobile&quot;:1,&quot;gap_tablet&quot;:{&quot;unit&quot;:&quot;px&quot;,&quot;size&quot;:10,&quot;sizes&quot;:[]},&quot;gap_mobile&quot;:{&quot;unit&quot;:&quot;px&quot;,&quot;size&quot;:10,&quot;sizes&quot;:[]},&quot;link_to&quot;:&quot;file&quot;,&quot;aspect_ratio&quot;:&quot;3:2&quot;,&quot;overlay_background&quot;:&quot;yes&quot;,&quot;content_hover_animation&quot;:&quot;fade-in&quot;}\" data-widget_type=\"gallery.default\">\n\t\t\t\t<div class=\"elementor-widget-container\">\n\t\t\t\t\t\t\t<div class=\"elementor-gallery__container\">\n\t\t\t\t\t\t\t<a class=\"e-gallery-item elementor-gallery-item elementor-animated-content\" href=\"https:\/\/punicacinema.fr\/wp-content\/uploads\/2023\/10\/JOSEF_LUT_ETALO_014.jpeg\" data-elementor-open-lightbox=\"yes\" data-elementor-lightbox-slideshow=\"cd850c9\" data-elementor-lightbox-title=\"JOSEF_LUT_ETALO_014\" data-e-action-hash=\"#elementor-action%3Aaction%3Dlightbox%26settings%3DeyJpZCI6MTIxMDAsInVybCI6Imh0dHBzOlwvXC9wdW5pY2FjaW5lbWEuZnJcL3dwLWNvbnRlbnRcL3VwbG9hZHNcLzIwMjNcLzEwXC9KT1NFRl9MVVRfRVRBTE9fMDE0LmpwZWciLCJzbGlkZXNob3ciOiJjZDg1MGM5In0%3D\">\n\t\t\t\t\t<div class=\"e-gallery-image elementor-gallery-item__image\" data-thumbnail=\"https:\/\/punicacinema.fr\/wp-content\/uploads\/2023\/10\/JOSEF_LUT_ETALO_014-768x384.jpeg\" data-width=\"768\" data-height=\"384\" aria-label=\"\" role=\"img\" ><\/div>\n\t\t\t\t\t\t\t\t\t\t\t<div class=\"elementor-gallery-item__overlay\"><\/div>\n\t\t\t\t\t\t\t\t\t\t\t\t\t\t<\/a>\n\t\t\t\t\t\t\t<a class=\"e-gallery-item elementor-gallery-item elementor-animated-content\" href=\"https:\/\/punicacinema.fr\/wp-content\/uploads\/2023\/10\/JOSEF_LUT_ETALO_007.jpeg\" data-elementor-open-lightbox=\"yes\" data-elementor-lightbox-slideshow=\"cd850c9\" data-elementor-lightbox-title=\"JOSEF_LUT_ETALO_007\" data-e-action-hash=\"#elementor-action%3Aaction%3Dlightbox%26settings%3DeyJpZCI6MTIwOTcsInVybCI6Imh0dHBzOlwvXC9wdW5pY2FjaW5lbWEuZnJcL3dwLWNvbnRlbnRcL3VwbG9hZHNcLzIwMjNcLzEwXC9KT1NFRl9MVVRfRVRBTE9fMDA3LmpwZWciLCJzbGlkZXNob3ciOiJjZDg1MGM5In0%3D\">\n\t\t\t\t\t<div class=\"e-gallery-image elementor-gallery-item__image\" data-thumbnail=\"https:\/\/punicacinema.fr\/wp-content\/uploads\/2023\/10\/JOSEF_LUT_ETALO_007-768x384.jpeg\" data-width=\"768\" data-height=\"384\" aria-label=\"\" role=\"img\" ><\/div>\n\t\t\t\t\t\t\t\t\t\t\t<div class=\"elementor-gallery-item__overlay\"><\/div>\n\t\t\t\t\t\t\t\t\t\t\t\t\t\t<\/a>\n\t\t\t\t\t\t\t<a class=\"e-gallery-item elementor-gallery-item elementor-animated-content\" href=\"https:\/\/punicacinema.fr\/wp-content\/uploads\/2023\/10\/JOSEF_LUT_ETALO_010.jpeg\" data-elementor-open-lightbox=\"yes\" data-elementor-lightbox-slideshow=\"cd850c9\" data-elementor-lightbox-title=\"JOSEF_LUT_ETALO_010\" data-e-action-hash=\"#elementor-action%3Aaction%3Dlightbox%26settings%3DeyJpZCI6MTIwOTksInVybCI6Imh0dHBzOlwvXC9wdW5pY2FjaW5lbWEuZnJcL3dwLWNvbnRlbnRcL3VwbG9hZHNcLzIwMjNcLzEwXC9KT1NFRl9MVVRfRVRBTE9fMDEwLmpwZWciLCJzbGlkZXNob3ciOiJjZDg1MGM5In0%3D\">\n\t\t\t\t\t<div class=\"e-gallery-image elementor-gallery-item__image\" data-thumbnail=\"https:\/\/punicacinema.fr\/wp-content\/uploads\/2023\/10\/JOSEF_LUT_ETALO_010-768x384.jpeg\" data-width=\"768\" data-height=\"384\" aria-label=\"\" role=\"img\" ><\/div>\n\t\t\t\t\t\t\t\t\t\t\t<div class=\"elementor-gallery-item__overlay\"><\/div>\n\t\t\t\t\t\t\t\t\t\t\t\t\t\t<\/a>\n\t\t\t\t\t\t\t<a class=\"e-gallery-item elementor-gallery-item elementor-animated-content\" href=\"https:\/\/punicacinema.fr\/wp-content\/uploads\/2023\/10\/JOSEF_LUT_ETALO_009.jpeg\" data-elementor-open-lightbox=\"yes\" data-elementor-lightbox-slideshow=\"cd850c9\" data-elementor-lightbox-title=\"JOSEF_LUT_ETALO_009\" data-e-action-hash=\"#elementor-action%3Aaction%3Dlightbox%26settings%3DeyJpZCI6MTIwOTgsInVybCI6Imh0dHBzOlwvXC9wdW5pY2FjaW5lbWEuZnJcL3dwLWNvbnRlbnRcL3VwbG9hZHNcLzIwMjNcLzEwXC9KT1NFRl9MVVRfRVRBTE9fMDA5LmpwZWciLCJzbGlkZXNob3ciOiJjZDg1MGM5In0%3D\">\n\t\t\t\t\t<div class=\"e-gallery-image elementor-gallery-item__image\" data-thumbnail=\"https:\/\/punicacinema.fr\/wp-content\/uploads\/2023\/10\/JOSEF_LUT_ETALO_009-768x384.jpeg\" data-width=\"768\" data-height=\"384\" aria-label=\"\" role=\"img\" ><\/div>\n\t\t\t\t\t\t\t\t\t\t\t<div class=\"elementor-gallery-item__overlay\"><\/div>\n\t\t\t\t\t\t\t\t\t\t\t\t\t\t<\/a>\n\t\t\t\t\t<\/div>\n\t\t\t\t\t<\/div>\n\t\t\t\t<\/div>\n\t\t\t\t\t<\/div>\n\t\t<\/div>\n\t\t\t\t\t<\/div>\n\t\t<\/section>\n\t\t\t\t<\/div>\n\t\t","protected":false},"excerpt":{"rendered":"<p>JOSEF UN FILM DE PAUL LAVAU ET JEAN-PIERRE PANCRAZI \u00a0 Josef, un homme d\u2019une cinquantaine d\u2019ann\u00e9es, sort [&hellip;]<\/p>\n","protected":false},"author":1,"featured_media":0,"parent":0,"menu_order":0,"comment_status":"closed","ping_status":"closed","template":"elementor_header_footer","meta":{"footnotes":""},"class_list":["post-11164","page","type-page","status-publish","hentry"],"_links":{"self":[{"href":"https:\/\/punicacinema.fr\/index.php?rest_route=\/wp\/v2\/pages\/11164","targetHints":{"allow":["GET"]}}],"collection":[{"href":"https:\/\/punicacinema.fr\/index.php?rest_route=\/wp\/v2\/pages"}],"about":[{"href":"https:\/\/punicacinema.fr\/index.php?rest_route=\/wp\/v2\/types\/page"}],"author":[{"embeddable":true,"href":"https:\/\/punicacinema.fr\/index.php?rest_route=\/wp\/v2\/users\/1"}],"replies":[{"embeddable":true,"href":"https:\/\/punicacinema.fr\/index.php?rest_route=%2Fwp%2Fv2%2Fcomments&post=11164"}],"version-history":[{"count":94,"href":"https:\/\/punicacinema.fr\/index.php?rest_route=\/wp\/v2\/pages\/11164\/revisions"}],"predecessor-version":[{"id":15851,"href":"https:\/\/punicacinema.fr\/index.php?rest_route=\/wp\/v2\/pages\/11164\/revisions\/15851"}],"wp:attachment":[{"href":"https:\/\/punicacinema.fr\/index.php?rest_route=%2Fwp%2Fv2%2Fmedia&parent=11164"}],"curies":[{"name":"wp","href":"https:\/\/api.w.org\/{rel}","templated":true}]}}